{"id":9918,"date":"2021-06-11T09:08:34","date_gmt":"2021-06-11T07:08:34","guid":{"rendered":"?page_id=9918"},"modified":"2025-03-09T21:02:57","modified_gmt":"2025-03-09T19:02:57","slug":"carnets-denquete-du-departement","status":"publish","type":"page","link":"https:\/\/sociologie.univ-paris8.fr\/?page_id=9918","title":{"rendered":"Carnets d\u2019enqu\u00eate"},"content":{"rendered":"<p align=\"justify\">Notre enseignement laisse une large place \u00e0 la <strong>pratique d&rsquo;enqu\u00eate<\/strong> en licence et en Master. Dans le cadre de leur formation, les \u00e9tudiant.es r\u00e9alisent des <strong>enqu\u00eates collectives<\/strong> articulant <strong>approches ethnographiques et approches quantitatives<\/strong>. Ces enqu\u00eates (dans et hors des murs de l&rsquo;universit\u00e9) donnent lieu \u00e0 des <strong>r\u00e9sultats originaux<\/strong> sur des th\u00e8mes vari\u00e9s, souvent en relation avec l&rsquo;actualit\u00e9.<\/p>\n<p align=\"justify\">Dans leurs <strong>travaux (accessibles sur ce site)<\/strong>, les \u00e9tudiant.es font dialoguer ces r\u00e9sultats orignaux avec d&rsquo;autres recherches sociologiques.<\/p>\n<p>Bonne lecture !<\/p>\n","protected":false},"excerpt":{"rendered":"<p>Notre enseignement laisse une large place \u00e0 la pratique d&rsquo;enqu\u00eate en licence et en Master. Dans le cadre de leur formation, les \u00e9tudiant.es r\u00e9alisent des enqu\u00eates collectives articulant approches ethnographiques et approches quantitatives. Ces enqu\u00eates (dans et hors des murs de l&rsquo;universit\u00e9) donnent lieu \u00e0 des r\u00e9sultats originaux sur des th\u00e8mes vari\u00e9s, souvent en relation&hellip;<\/p>\n","protected":false},"author":9,"featured_media":0,"parent":0,"menu_order":0,"comment_status":"closed","ping_status":"closed","template":"","meta":{"footnotes":""},"class_list":["post-9918","page","type-page","status-publish","hentry","description-off"],"_links":{"self":[{"href":"https:\/\/sociologie.univ-paris8.fr\/index.php?rest_route=\/wp\/v2\/pages\/9918","targetHints":{"allow":["GET"]}}],"collection":[{"href":"https:\/\/sociologie.univ-paris8.fr\/index.php?rest_route=\/wp\/v2\/pages"}],"about":[{"href":"https:\/\/sociologie.univ-paris8.fr\/index.php?rest_route=\/wp\/v2\/types\/page"}],"author":[{"embeddable":true,"href":"https:\/\/sociologie.univ-paris8.fr\/index.php?rest_route=\/wp\/v2\/users\/9"}],"replies":[{"embeddable":true,"href":"https:\/\/sociologie.univ-paris8.fr\/index.php?rest_route=%2Fwp%2Fv2%2Fcomments&post=9918"}],"version-history":[{"count":4,"href":"https:\/\/sociologie.univ-paris8.fr\/index.php?rest_route=\/wp\/v2\/pages\/9918\/revisions"}],"predecessor-version":[{"id":11443,"href":"https:\/\/sociologie.univ-paris8.fr\/index.php?rest_route=\/wp\/v2\/pages\/9918\/revisions\/11443"}],"wp:attachment":[{"href":"https:\/\/sociologie.univ-paris8.fr\/index.php?rest_route=%2Fwp%2Fv2%2Fmedia&parent=9918"}],"curies":[{"name":"wp","href":"https:\/\/api.w.org\/{rel}","templated":true}]}}