{"id":9643,"date":"2020-08-27T12:43:33","date_gmt":"2020-08-27T10:43:33","guid":{"rendered":"?page_id=9643"},"modified":"2022-02-02T17:29:36","modified_gmt":"2022-02-02T15:29:36","slug":"proboeuf-pauline","status":"publish","type":"page","link":"https:\/\/sociologie.univ-paris8.fr\/?page_id=9643","title":{"rendered":"Proboeuf Pauline"},"content":{"rendered":"<p>&nbsp;<\/p>\n<h3>ATER<\/h3>\n<p>&nbsp;<\/p>\n<p><strong>Contact:<\/strong> pauline.proboeuf@sciencespo.fr<\/p>\n<p><strong>Enseignements:<\/strong><br \/>\nPr\u00e9parer le terrain, se pr\u00e9parer au terrain &amp; Enqu\u00eate de terrain<\/p>\n","protected":false},"excerpt":{"rendered":"<p>&nbsp; ATER &nbsp; Contact: pauline.proboeuf@sciencespo.fr Enseignements: Pr\u00e9parer le terrain, se pr\u00e9parer au terrain &amp; Enqu\u00eate de terrain<\/p>\n","protected":false},"author":9,"featured_media":0,"parent":102,"menu_order":0,"comment_status":"closed","ping_status":"closed","template":"","meta":{"footnotes":""},"class_list":["post-9643","page","type-page","status-publish","hentry","description-off"],"_links":{"self":[{"href":"https:\/\/sociologie.univ-paris8.fr\/index.php?rest_route=\/wp\/v2\/pages\/9643","targetHints":{"allow":["GET"]}}],"collection":[{"href":"https:\/\/sociologie.univ-paris8.fr\/index.php?rest_route=\/wp\/v2\/pages"}],"about":[{"href":"https:\/\/sociologie.univ-paris8.fr\/index.php?rest_route=\/wp\/v2\/types\/page"}],"author":[{"embeddable":true,"href":"https:\/\/sociologie.univ-paris8.fr\/index.php?rest_route=\/wp\/v2\/users\/9"}],"replies":[{"embeddable":true,"href":"https:\/\/sociologie.univ-paris8.fr\/index.php?rest_route=%2Fwp%2Fv2%2Fcomments&post=9643"}],"version-history":[{"count":3,"href":"https:\/\/sociologie.univ-paris8.fr\/index.php?rest_route=\/wp\/v2\/pages\/9643\/revisions"}],"predecessor-version":[{"id":10222,"href":"https:\/\/sociologie.univ-paris8.fr\/index.php?rest_route=\/wp\/v2\/pages\/9643\/revisions\/10222"}],"up":[{"embeddable":true,"href":"https:\/\/sociologie.univ-paris8.fr\/index.php?rest_route=\/wp\/v2\/pages\/102"}],"wp:attachment":[{"href":"https:\/\/sociologie.univ-paris8.fr\/index.php?rest_route=%2Fwp%2Fv2%2Fmedia&parent=9643"}],"curies":[{"name":"wp","href":"https:\/\/api.w.org\/{rel}","templated":true}]}}