{"id":9641,"date":"2020-08-27T12:41:45","date_gmt":"2020-08-27T10:41:45","guid":{"rendered":"?page_id=9641"},"modified":"2024-09-24T08:26:23","modified_gmt":"2024-09-24T06:26:23","slug":"oehmichen-helene","status":"publish","type":"page","link":"https:\/\/sociologie.univ-paris8.fr\/?page_id=9641","title":{"rendered":"Oehmichen H\u00e9l\u00e8ne"},"content":{"rendered":"<p><strong><\/strong><\/p>\n<p><strong><\/p>\n<h3>ATER<\/h3>\n<p><\/strong><strong><\/strong><\/p>\n<p><strong>Contact:<\/strong> Helene.oehmichen@ehess.fr<\/p>\n<p><strong>Enseignements:<\/strong><br \/>\nPr\u00e9parer le terrain, se pr\u00e9parer au terrain &amp; Enqu\u00eate de terrain<\/p>\n","protected":false},"excerpt":{"rendered":"<p>ATER Contact: Helene.oehmichen@ehess.fr Enseignements: Pr\u00e9parer le terrain, se pr\u00e9parer au terrain &amp; Enqu\u00eate de terrain<\/p>\n","protected":false},"author":9,"featured_media":0,"parent":102,"menu_order":0,"comment_status":"closed","ping_status":"closed","template":"","meta":{"footnotes":""},"class_list":["post-9641","page","type-page","status-publish","hentry","description-off"],"_links":{"self":[{"href":"https:\/\/sociologie.univ-paris8.fr\/index.php?rest_route=\/wp\/v2\/pages\/9641","targetHints":{"allow":["GET"]}}],"collection":[{"href":"https:\/\/sociologie.univ-paris8.fr\/index.php?rest_route=\/wp\/v2\/pages"}],"about":[{"href":"https:\/\/sociologie.univ-paris8.fr\/index.php?rest_route=\/wp\/v2\/types\/page"}],"author":[{"embeddable":true,"href":"https:\/\/sociologie.univ-paris8.fr\/index.php?rest_route=\/wp\/v2\/users\/9"}],"replies":[{"embeddable":true,"href":"https:\/\/sociologie.univ-paris8.fr\/index.php?rest_route=%2Fwp%2Fv2%2Fcomments&post=9641"}],"version-history":[{"count":2,"href":"https:\/\/sociologie.univ-paris8.fr\/index.php?rest_route=\/wp\/v2\/pages\/9641\/revisions"}],"predecessor-version":[{"id":11269,"href":"https:\/\/sociologie.univ-paris8.fr\/index.php?rest_route=\/wp\/v2\/pages\/9641\/revisions\/11269"}],"up":[{"embeddable":true,"href":"https:\/\/sociologie.univ-paris8.fr\/index.php?rest_route=\/wp\/v2\/pages\/102"}],"wp:attachment":[{"href":"https:\/\/sociologie.univ-paris8.fr\/index.php?rest_route=%2Fwp%2Fv2%2Fmedia&parent=9641"}],"curies":[{"name":"wp","href":"https:\/\/api.w.org\/{rel}","templated":true}]}}