{"id":9635,"date":"2020-08-27T12:37:16","date_gmt":"2020-08-27T10:37:16","guid":{"rendered":"?page_id=9635"},"modified":"2022-10-14T17:30:27","modified_gmt":"2022-10-14T15:30:27","slug":"cosquer-claire","status":"publish","type":"page","link":"https:\/\/sociologie.univ-paris8.fr\/?page_id=9635","title":{"rendered":"Cosquer Claire"},"content":{"rendered":"<h3>Charg\u00e9e de cours<\/h3>\n<p><strong>Contact:<\/strong> <a href=\"mailto:claire.cosquer@univ-paris8.fr\">claire.cosquer@univ-paris8.fr<\/a><\/p>\n<h3><strong>Enseignements<br \/>\n<\/strong><\/h3>\n<p>L1 : Lecture d&rsquo;une grande enqu\u00eate : Les fronti\u00e8res de l&rsquo;identit\u00e9 nationale, A. Hajjat<br \/>\nL2 : M3P Entretien<\/p>\n<h3><strong>Domaines de recherche<br \/>\n<\/strong><\/h3>\n<p>Migrations privil\u00e9gi\u00e9es<br \/>\nStyles de vie<br \/>\nClasses dominantes<br \/>\nBlanchit\u00e9 et rapports sociaux de race<br \/>\nM\u00e9thodes ethnographiques<\/p>\n<h3><strong>Derni\u00e8res publications<br \/>\n<\/strong><\/h3>\n<p>Cosquer, Claire. 2020. \u00ab\u00a0La production d\u2019un entre-soi expatri\u00e9 \u00e0 Abu Dhabi\u00a0\u00bb.\u00a0<em>M\u00e9tropolitiques,<\/em> septembre.\u00a0<a href=\"https:\/\/metropolitiques.eu\/La-production-d-un-entre-soi-expatrie-a-Abu-Dhabi.html\" data-saferedirecturl=\"https:\/\/www.google.com\/url?q=https:\/\/metropolitiques.eu\/La-production-d-un-entre-soi-expatrie-a-Abu-Dhabi.html&amp;source=gmail&amp;ust=1634106202008000&amp;usg=AFQjCNEto3QA5aD-QOaM5nsb0tqSmpEy8Q\">https:\/\/metropolitiques.eu\/La-production-d-un-entre-soi-expatrie-a-Abu-Dhabi.html<\/a>.<\/p>\n<p>Cosquer, Claire. 2020. \u00ab\u00a0Une cage dor\u00e9e?? Exp\u00e9riences genr\u00e9es du privil\u00e8ge migratoire dans l\u2019\u00ab?expatriation?\u00bb\u00a0\u00bb.\u00a0<em>Sociologie<\/em>\u00a0Vol. 11 (3): 223?42.\u00a0<a href=\"https:\/\/www.cairn.info\/revue-sociologie-2020-3-page-223.htm\" data-saferedirecturl=\"https:\/\/www.google.com\/url?q=https:\/\/www.cairn.info\/revue-sociologie-2020-3-page-223.htm&amp;source=gmail&amp;ust=1634106202008000&amp;usg=AFQjCNFrbbCQJ5jTU6PBh0Bt3fqW0SvWKg\">https:\/\/www.cairn.info\/revue-sociologie-2020-3-page-223.htm<\/a><\/p>\n<p>Cosquer, Claire. 2020. \u00ab Ethnographier la blanchit\u00e9 dans les migrations fran\u00e7aises \u00e0 Abu Dhabi?: tensions \u00e9pist\u00e9mologiques et \u00e9thiques d\u2019un \u00ab?cynisme m\u00e9thodologique?\u00bb\u00a0\u00bb.\u00a0<em>Cahiers de l\u2019Urmis<\/em>, no. 19 (November).\u00a0<a href=\"https:\/\/doi.org\/10.4000\/urmis.1966\" data-saferedirecturl=\"https:\/\/www.google.com\/url?q=https:\/\/doi.org\/10.4000\/urmis.1966&amp;source=gmail&amp;ust=1634106202009000&amp;usg=AFQjCNG1yPkVuKIfJSqjNVnAWNam95Nceg\">https:\/\/doi.org\/10.4000\/urmis.1966<\/a><\/p>\n","protected":false},"excerpt":{"rendered":"<p>Charg\u00e9e de cours Contact: claire.cosquer@univ-paris8.fr Enseignements L1 : Lecture d&rsquo;une grande enqu\u00eate : Les fronti\u00e8res de l&rsquo;identit\u00e9 nationale, A. Hajjat L2 : M3P Entretien Domaines de recherche Migrations privil\u00e9gi\u00e9es Styles de vie Classes dominantes Blanchit\u00e9 et rapports sociaux de race M\u00e9thodes ethnographiques Derni\u00e8res publications Cosquer, Claire. 2020. \u00ab\u00a0La production d\u2019un entre-soi expatri\u00e9 \u00e0 Abu Dhabi\u00a0\u00bb.\u00a0M\u00e9tropolitiques,&hellip;<\/p>\n","protected":false},"author":9,"featured_media":0,"parent":102,"menu_order":0,"comment_status":"closed","ping_status":"closed","template":"enseignants.php","meta":{"footnotes":""},"class_list":["post-9635","page","type-page","status-publish","hentry","description-off"],"_links":{"self":[{"href":"https:\/\/sociologie.univ-paris8.fr\/index.php?rest_route=\/wp\/v2\/pages\/9635","targetHints":{"allow":["GET"]}}],"collection":[{"href":"https:\/\/sociologie.univ-paris8.fr\/index.php?rest_route=\/wp\/v2\/pages"}],"about":[{"href":"https:\/\/sociologie.univ-paris8.fr\/index.php?rest_route=\/wp\/v2\/types\/page"}],"author":[{"embeddable":true,"href":"https:\/\/sociologie.univ-paris8.fr\/index.php?rest_route=\/wp\/v2\/users\/9"}],"replies":[{"embeddable":true,"href":"https:\/\/sociologie.univ-paris8.fr\/index.php?rest_route=%2Fwp%2Fv2%2Fcomments&post=9635"}],"version-history":[{"count":3,"href":"https:\/\/sociologie.univ-paris8.fr\/index.php?rest_route=\/wp\/v2\/pages\/9635\/revisions"}],"predecessor-version":[{"id":10080,"href":"https:\/\/sociologie.univ-paris8.fr\/index.php?rest_route=\/wp\/v2\/pages\/9635\/revisions\/10080"}],"up":[{"embeddable":true,"href":"https:\/\/sociologie.univ-paris8.fr\/index.php?rest_route=\/wp\/v2\/pages\/102"}],"wp:attachment":[{"href":"https:\/\/sociologie.univ-paris8.fr\/index.php?rest_route=%2Fwp%2Fv2%2Fmedia&parent=9635"}],"curies":[{"name":"wp","href":"https:\/\/api.w.org\/{rel}","templated":true}]}}