{"id":9607,"date":"2020-08-27T11:30:14","date_gmt":"2020-08-27T09:30:14","guid":{"rendered":"?page_id=9607"},"modified":"2022-10-14T17:35:12","modified_gmt":"2022-10-14T15:35:12","slug":"perez-sepulveda-sebastian","status":"publish","type":"page","link":"https:\/\/sociologie.univ-paris8.fr\/?page_id=9607","title":{"rendered":"P\u00e9rez Sep\u00falveda Sebasti\u00e1n"},"content":{"rendered":"<h3>Charg\u00e9 de cours<\/h3>\n<p><strong>Contact:<\/strong> perez.sep.sebastian@gmail.com<\/p>\n<p><strong>Enseignements:<\/strong><br \/>\nIntroduction aux sciences sociales<br \/>\nM3P: Entretien<\/p>\n","protected":false},"excerpt":{"rendered":"<p>Charg\u00e9 de cours Contact: perez.sep.sebastian@gmail.com Enseignements: Introduction aux sciences sociales M3P: Entretien<\/p>\n","protected":false},"author":9,"featured_media":0,"parent":102,"menu_order":0,"comment_status":"closed","ping_status":"closed","template":"","meta":{"footnotes":""},"class_list":["post-9607","page","type-page","status-publish","hentry","description-off"],"_links":{"self":[{"href":"https:\/\/sociologie.univ-paris8.fr\/index.php?rest_route=\/wp\/v2\/pages\/9607","targetHints":{"allow":["GET"]}}],"collection":[{"href":"https:\/\/sociologie.univ-paris8.fr\/index.php?rest_route=\/wp\/v2\/pages"}],"about":[{"href":"https:\/\/sociologie.univ-paris8.fr\/index.php?rest_route=\/wp\/v2\/types\/page"}],"author":[{"embeddable":true,"href":"https:\/\/sociologie.univ-paris8.fr\/index.php?rest_route=\/wp\/v2\/users\/9"}],"replies":[{"embeddable":true,"href":"https:\/\/sociologie.univ-paris8.fr\/index.php?rest_route=%2Fwp%2Fv2%2Fcomments&post=9607"}],"version-history":[{"count":3,"href":"https:\/\/sociologie.univ-paris8.fr\/index.php?rest_route=\/wp\/v2\/pages\/9607\/revisions"}],"predecessor-version":[{"id":9610,"href":"https:\/\/sociologie.univ-paris8.fr\/index.php?rest_route=\/wp\/v2\/pages\/9607\/revisions\/9610"}],"up":[{"embeddable":true,"href":"https:\/\/sociologie.univ-paris8.fr\/index.php?rest_route=\/wp\/v2\/pages\/102"}],"wp:attachment":[{"href":"https:\/\/sociologie.univ-paris8.fr\/index.php?rest_route=%2Fwp%2Fv2%2Fmedia&parent=9607"}],"curies":[{"name":"wp","href":"https:\/\/api.w.org\/{rel}","templated":true}]}}