{"id":9245,"date":"2020-02-12T16:26:41","date_gmt":"2020-02-12T14:26:41","guid":{"rendered":"?page_id=9245"},"modified":"2020-07-07T09:14:50","modified_gmt":"2020-07-07T07:14:50","slug":"bas-jerome","status":"publish","type":"page","link":"https:\/\/sociologie.univ-paris8.fr\/?page_id=9245","title":{"rendered":"Bas J\u00e9r\u00f4me"},"content":{"rendered":"<p><img loading=\"lazy\" decoding=\"async\" src=\"wp-content\/uploads\/2020\/02\/fourmi_esr.jpg\" alt=\"\" width=\"236\" height=\"236\" class=\"alignright size-full wp-image-9281\" srcset=\"https:\/\/sociologie.univ-paris8.fr\/wp-content\/uploads\/2020\/02\/fourmi_esr.jpg 236w, https:\/\/sociologie.univ-paris8.fr\/wp-content\/uploads\/2020\/02\/fourmi_esr-110x110.jpg 110w\" sizes=\"auto, (max-width: 236px) 100vw, 236px\" \/><\/p>\n<p>    <a href=\"mailto:bas02@univ-paris8.fr\" target=\"_blank\"><br \/>\n        jbas02@univ-paris8.fr<br \/>\n    <\/a>\n<\/p>\n<p>\n    Doctorant en sociologie\n<\/p>\n<p>\n    Th\u00e8se en cours sur la socio-histoire des mobilisations de personnes<br \/>\n    handicap\u00e9es au XX\u00e8me si\u00e8cle\n<\/p>\n<p>\n    Laboratoire de rattachement : CRESPPA\n<\/p>\n<p>\n    Attach\u00e9 temporaire d&rsquo;enseignement et de recherche du 01\/09\/2019 au<br \/>\n    01\/09\/2020\n<\/p>\n<p>\n    <strong>Activit\u00e9s d&rsquo;enseignement :<\/strong>\n<\/p>\n<p>\n    Pr\u00e9sentation des m\u00e9thodes des sciences sociales (semestre 1)\n<\/p>\n<p>\n    Introduction aux sciences sociales II (semestre 2)\n<\/p>\n<p>\n    Et<em> <\/em>pr\u00e9parer son cours ; pr\u00e9parer un power point ; pr\u00e9parer des<br \/>\n    exercices ; choisir des textes ; pr\u00e9parer une brochure ; l\u2019envoyer au<br \/>\n    service de reprographie ; se rendre \u00e0 l\u2019universit\u00e9 ; r\u00e9cup\u00e9rer la brochure<br \/>\n    ; avoir le trac ; rencontrer les \u00e9tudiant\u00b7es ; inscrire les \u00e9tudiantes ;<br \/>\n    faire cours ; faire participer tout le groupe ; s&rsquo;\u00e9nerver quand le<br \/>\n    vid\u00e9oprojecteur ne marche pas ; r\u00e9pondre aux questions ; donner des<br \/>\n    conseils d&rsquo;orientation ; acheter des feutres qui marchent ; s\u2019acheter un<br \/>\n    adaptateur pour le vid\u00e9oprojecteur ; lire des mails d\u2019\u00e9tudiant\u00b7es ; \u00e9crire<br \/>\n    des mails aux \u00e9tudiant\u00b7es ; refaire cours ; pr\u00e9parer des sujet d&rsquo;examens ;<br \/>\n    pr\u00e9parer un bar\u00e8me ; surveiller l\u2019examen ; corriger les copies ; rendre les<br \/>\n    copies ; expliquer ; saisir les notes ;\n<\/p>\n<p>\n    <strong>Activit\u00e9s scientifiques :<\/strong>\n<\/p>\n<p>\n    <em>Enqu\u00eater<\/em><br \/>\n    : trouver un sujet ; trouver un terrain ; observer ; prendre des notes ;<br \/>\n    trouver des enqu\u00eat\u00e9s ; faire des entretiens ; retranscrire des entretiens ;<br \/>\n    lire des mails ; r\u00e9pondre \u00e0 des mails ; d\u00e9pouiller des archives ; trier des<br \/>\n    photos d&rsquo;archives ; analyser des archives ; compter des occurrences ; faire<br \/>\n    des statistiques sur des occurrences ; analyser des statistiques ;\n<\/p>\n<p>\n    <em>Incorporer des connaissances<\/em><br \/>\n    : lire des articles ; lire des livres ; lire des th\u00e8ses ; lire des<br \/>\n    recensions de livres ; faire de la veille documentaire sur internet ;<br \/>\n    assister \u00e0 des colloques ; assister \u00e0 des s\u00e9minaires ; prendre des notes ;<br \/>\n    trier des notes ; se former \u00e0 un nouveau logiciel ;\n<\/p>\n<p>\n    <em>Produire des connaissances : <\/em><br \/>\n    organiser des colloques ; organiser des s\u00e9minaires ; parler dans des<br \/>\n    colloques ; parler dans des s\u00e9minaires ; si\u00e9ger dans des commissions<br \/>\n    administratives ; lire des mails ; r\u00e9pondre \u00e0 des mails ; \u00e9crire ma th\u00e8se ;<br \/>\n    \u00e9crire des articles ; y penser tout le temps ;\n<\/p>\n<p>\n    <strong>Autres activit\u00e9s<\/strong><br \/>\n    <em><\/em>\n<\/p>\n<p>\n    <em><br \/>\n        Chercher les moyens de continuer \u00e0 enqu\u00eater, incorporer des<br \/>\n        connaissances<br \/>\n    <\/em><br \/>\n    <em>et<\/em><br \/>\n    <em>produire des connaissances <\/em><br \/>\n    ; chercher des financements ; chercher des postes ; pr\u00e9parer des dossiers<br \/>\n    de financement ; pr\u00e9parer des dossiers de candidatures ; candidater \u00e0 des<br \/>\n    financements ; candidater \u00e0 des postes ; lire des mails ; r\u00e9pondre \u00e0 des<br \/>\n    mails ; croire \u00e0 ce qu\u2019on fait ; et recommencer.<\/p>\n","protected":false},"excerpt":{"rendered":"<p>jbas02@univ-paris8.fr Doctorant en sociologie Th\u00e8se en cours sur la socio-histoire des mobilisations de personnes handicap\u00e9es au XX\u00e8me si\u00e8cle Laboratoire de rattachement : CRESPPA Attach\u00e9 temporaire d&rsquo;enseignement et de recherche du 01\/09\/2019 au 01\/09\/2020 Activit\u00e9s d&rsquo;enseignement : Pr\u00e9sentation des m\u00e9thodes des sciences sociales (semestre 1) Introduction aux sciences sociales II (semestre 2) Et pr\u00e9parer son cours&hellip;<\/p>\n","protected":false},"author":1,"featured_media":0,"parent":102,"menu_order":0,"comment_status":"closed","ping_status":"closed","template":"","meta":{"footnotes":""},"class_list":["post-9245","page","type-page","status-publish","hentry","description-off"],"_links":{"self":[{"href":"https:\/\/sociologie.univ-paris8.fr\/index.php?rest_route=\/wp\/v2\/pages\/9245","targetHints":{"allow":["GET"]}}],"collection":[{"href":"https:\/\/sociologie.univ-paris8.fr\/index.php?rest_route=\/wp\/v2\/pages"}],"about":[{"href":"https:\/\/sociologie.univ-paris8.fr\/index.php?rest_route=\/wp\/v2\/types\/page"}],"author":[{"embeddable":true,"href":"https:\/\/sociologie.univ-paris8.fr\/index.php?rest_route=\/wp\/v2\/users\/1"}],"replies":[{"embeddable":true,"href":"https:\/\/sociologie.univ-paris8.fr\/index.php?rest_route=%2Fwp%2Fv2%2Fcomments&post=9245"}],"version-history":[{"count":2,"href":"https:\/\/sociologie.univ-paris8.fr\/index.php?rest_route=\/wp\/v2\/pages\/9245\/revisions"}],"predecessor-version":[{"id":9284,"href":"https:\/\/sociologie.univ-paris8.fr\/index.php?rest_route=\/wp\/v2\/pages\/9245\/revisions\/9284"}],"up":[{"embeddable":true,"href":"https:\/\/sociologie.univ-paris8.fr\/index.php?rest_route=\/wp\/v2\/pages\/102"}],"wp:attachment":[{"href":"https:\/\/sociologie.univ-paris8.fr\/index.php?rest_route=%2Fwp%2Fv2%2Fmedia&parent=9245"}],"curies":[{"name":"wp","href":"https:\/\/api.w.org\/{rel}","templated":true}]}}