{"id":876,"date":"2008-10-22T14:16:52","date_gmt":"2008-10-22T12:16:52","guid":{"rendered":"?page_id=876"},"modified":"2011-09-20T18:31:10","modified_gmt":"2011-09-20T16:31:10","slug":"kaplan-nicolas","status":"publish","type":"page","link":"https:\/\/sociologie.univ-paris8.fr\/?page_id=876","title":{"rendered":"Kaplan Nicolas"},"content":{"rendered":"<h3><a href=\"wp-content\/uploads\/2008\/10\/kaplan.jpg\"><img loading=\"lazy\" decoding=\"async\" src=\"wp-content\/uploads\/2008\/10\/kaplan.jpg\" alt=\"\" title=\"nicolas kaplan\" width=\"99\" height=\"136\" class=\"alignright size-full wp-image-898\" \/><\/a>Moniteur<\/h3>\n<p>Th\u00e8mes de recherche : sociologie de l\u2019immigration, sociologie de l\u2019enfermement et sociologie de l\u2019Etat. <\/p>\n<p>La th\u00e8se en cours porte sur l\u2019analyse des zones d\u2019attente et de r\u00e9tention et sur la production d\u2019une figure politique au sein de ces espaces. Il s\u2019agit, en somme, d\u2019analyser la construction d\u2019un sujet politique dans un dispositif de contr\u00f4le, d\u2019assistance et de confinement \u00e0 l\u2019intention des sans-droits. <\/p>\n<p>Laboratoire de rattachement : Institution et dynamiques historiques de l\u2019\u00e9conomie<br \/>\nMots clefs : immigration, enfermement, r\u00e9tention, pens\u00e9e d\u2019Etat, politique publique, subjectivation, politisation <\/p>\n<p>Les m\u00e9moires de Master 1 et de Master 2 soutenus ant\u00e9rieurement portaient respectivement sur la th\u00e9ologie de la lib\u00e9ration en Am\u00e9rique latine saisie au travers de biographies (m\u00e9moire dirig\u00e9 par Anne-Sophie LAMINE, lecteur Eric BRIAN) et le Revenu de solidarit\u00e9 active saisi au travers des agents de l\u2019Etat de la Direction g\u00e9n\u00e9rale de l\u2019action sociale (m\u00e9moire dirig\u00e9 par Philippe BATIFOULLIER, lecteur Patrick CINGOLANI). <\/p>\n","protected":false},"excerpt":{"rendered":"<p>Moniteur Th\u00e8mes de recherche : sociologie de l\u2019immigration, sociologie de l\u2019enfermement et sociologie de l\u2019Etat. La th\u00e8se en cours porte sur l\u2019analyse des zones d\u2019attente et de r\u00e9tention et sur la production d\u2019une figure politique au sein de ces espaces. Il s\u2019agit, en somme, d\u2019analyser la construction d\u2019un sujet politique dans un dispositif de contr\u00f4le,&hellip;<\/p>\n","protected":false},"author":1,"featured_media":0,"parent":102,"menu_order":0,"comment_status":"closed","ping_status":"closed","template":"","meta":{"footnotes":""},"class_list":["post-876","page","type-page","status-publish","hentry","description-off"],"_links":{"self":[{"href":"https:\/\/sociologie.univ-paris8.fr\/index.php?rest_route=\/wp\/v2\/pages\/876","targetHints":{"allow":["GET"]}}],"collection":[{"href":"https:\/\/sociologie.univ-paris8.fr\/index.php?rest_route=\/wp\/v2\/pages"}],"about":[{"href":"https:\/\/sociologie.univ-paris8.fr\/index.php?rest_route=\/wp\/v2\/types\/page"}],"author":[{"embeddable":true,"href":"https:\/\/sociologie.univ-paris8.fr\/index.php?rest_route=\/wp\/v2\/users\/1"}],"replies":[{"embeddable":true,"href":"https:\/\/sociologie.univ-paris8.fr\/index.php?rest_route=%2Fwp%2Fv2%2Fcomments&post=876"}],"version-history":[{"count":3,"href":"https:\/\/sociologie.univ-paris8.fr\/index.php?rest_route=\/wp\/v2\/pages\/876\/revisions"}],"predecessor-version":[{"id":4003,"href":"https:\/\/sociologie.univ-paris8.fr\/index.php?rest_route=\/wp\/v2\/pages\/876\/revisions\/4003"}],"up":[{"embeddable":true,"href":"https:\/\/sociologie.univ-paris8.fr\/index.php?rest_route=\/wp\/v2\/pages\/102"}],"wp:attachment":[{"href":"https:\/\/sociologie.univ-paris8.fr\/index.php?rest_route=%2Fwp%2Fv2%2Fmedia&parent=876"}],"curies":[{"name":"wp","href":"https:\/\/api.w.org\/{rel}","templated":true}]}}