{"id":808,"date":"2008-10-08T12:58:46","date_gmt":"2008-10-08T10:58:46","guid":{"rendered":"?page_id=808"},"modified":"2015-06-28T10:53:19","modified_gmt":"2015-06-28T08:53:19","slug":"chavarochette-carine","status":"publish","type":"page","link":"https:\/\/sociologie.univ-paris8.fr\/?page_id=808","title":{"rendered":"Chavarochette Carine"},"content":{"rendered":"<h3><img loading=\"lazy\" decoding=\"async\" src=\"wp-content\/uploads\/2008\/10\/chavarochette-carine.jpg\" alt=\"\" title=\"chavarochette carine\" width=\"100\" height=\"158\" class=\"alignright size-full wp-image-826\" srcset=\"https:\/\/sociologie.univ-paris8.fr\/wp-content\/uploads\/2008\/10\/chavarochette-carine.jpg 100w, https:\/\/sociologie.univ-paris8.fr\/wp-content\/uploads\/2008\/10\/chavarochette-carine-94x150.jpg 94w\" sizes=\"auto, (max-width: 100px) 100vw, 100px\" \/>Charg\u00e9e de cours<\/h3>\n<p>Docteur en anthropologie historique universit\u00e9 Paris VII, Chercheur associ\u00e9e au CREDA-CNRS UMR 7227, \u00e9ditrice aux \u00c9ditions du CTHS, collection <i>Le regard de l\u2019ethnologue<\/i>.<\/p>\n<h3>Th\u00e8mes de recherche<\/h3>\n<p>Ethnohistoire, anthropologie du Mexique et de l\u2019Am\u00e9rique centrale, anthropologie religieuse (rites agraires et de naissance), ethnicit\u00e9 (relations interethniques et violence), ph\u00e9nom\u00e8ne migratoire. Anthropologie de l\u2019eau (usages sociaux et productions symboliques).<\/p>\n<h3>Publications r\u00e9centes<\/h3>\n<p><img loading=\"lazy\" decoding=\"async\" src=\"wp-content\/uploads\/2008\/10\/faire-frontieres-raisons-politiques-et-usages-symboliques.jpg\" alt=\"faire-frontieres-raisons-politiques-et-usages-symboliques\" width=\"172\" height=\"250\" class=\"alignright size-full wp-image-6738\" srcset=\"https:\/\/sociologie.univ-paris8.fr\/wp-content\/uploads\/2008\/10\/faire-frontieres-raisons-politiques-et-usages-symboliques.jpg 172w, https:\/\/sociologie.univ-paris8.fr\/wp-content\/uploads\/2008\/10\/faire-frontieres-raisons-politiques-et-usages-symboliques-103x150.jpg 103w\" sizes=\"auto, (max-width: 172px) 100vw, 172px\" \/>Avec Magali Demanget et Olivier Givre, <em>Faire(s) fronti\u00e8re, raisons politiques et usages symboliques<\/em>, Paris, Karthala-MSH-M, 2015<\/p>\n<p>2013 \u00ab L\u2019\u00c9tat guat\u00e9malt\u00e8que et les populations mayas : des strat\u00e9gies d\u2019identifications ethniques n\u00e9goci\u00e9es, l\u2019exemple des Chuj (1824-2011) \u00bb, <em>Critique internationale<\/em>, n\u00b060, juillet-septembre 2013, p.133-150.<\/p>\n<p>2013 \u00ab L\u2019eau comme vecteur de la compr\u00e9hension des transformations sociales et religieuses d\u2019un quartier p\u00e9riph\u00e9rique du sud-est du Mexique (Chiapas) \u00bb, <em>Journal des anthropologues<\/em>, n\u00b0132-133, p.291-315.<\/p>\n<p>2012 \u00ab L\u2019eau spirituelle et l\u2019eau culturelle, paysage du religieux \u00e0 travers des rituels agraires dans le sud-est mexicain (Chiapas) \u00bb, dans Vassas, Claudine (dir.), <em>Paysages du religieux<\/em>, \u00c9ditions \u00e9lectroniques du Comit\u00e9 des travaux historiques et scientifiques (CTHS), p.48-60.<\/p>\n<p>2012 Ateliers d\u2019anthropologie, Laboratoire d\u2019ethnologie et de sociologie comparative, Nanterre, \u00ab Penser et construire l\u2019espace tojolabal \u00e0 travers une exp\u00e9rience rituelle transfrontali\u00e8re (Mexique-Guatemala) \u00bb, dans Monod-Becquelin, Aurore (dir.), Alt\u00e9rit\u00e9 et continuit\u00e9 en pays maya et en M\u00e9soam\u00e9rique, n\u00b037 \u00ab Fronti\u00e8res \u00e9paisses \u00bb.<\/p>\n<p><img loading=\"lazy\" decoding=\"async\" src=\"wp-content\/uploads\/2008\/10\/chavarochette-maya.jpg\" alt=\"\" title=\"chavarochette-maya\" width=\"200\" height=\"318\" class=\"alignright size-full wp-image-4217\" srcset=\"https:\/\/sociologie.univ-paris8.fr\/wp-content\/uploads\/2008\/10\/chavarochette-maya.jpg 200w, https:\/\/sociologie.univ-paris8.fr\/wp-content\/uploads\/2008\/10\/chavarochette-maya-94x150.jpg 94w, https:\/\/sociologie.univ-paris8.fr\/wp-content\/uploads\/2008\/10\/chavarochette-maya-188x300.jpg 188w\" sizes=\"auto, (max-width: 200px) 100vw, 200px\" \/>\u201c<em><a href=\"http:\/\/www.editions-harmattan.fr\/index.asp?navig=catalogue&#038;obj=livre&#038;no=35247\">Fronti\u00e8res et identit\u00e9s en terres mayas<\/a><\/em>\u201d, Paris, L\u2019Harmattan, collection Recherches et documents Am\u00e9riques latines, 2011<\/p>\n<p>Avec Anne Philippe, \u00ab Introduction : Nouvelles dynamiques sociales en Am\u00e9rique centrale \u00bb Chavarochette, Carine et Philippe, Anne (dir.) \u201c<em>L\u2019Am\u00e9rique centrale au xxie si\u00e8cle<\/em>\u201d, Cahiers des Am\u00e9riques latines n\u00b060-61, juin 2010, p.17-19.<\/p>\n<p>\u00ab Introduction \u00bb, dans Chavarochette, Carine et Philippe, Anne (dir.), Centroam\u00e9rica despu\u00e9s la ca\u00edda del muro [L\u2019Am\u00e9rique centrale depuis la chute du mur de Berlin], <em>Revue Mesoamerica<\/em>, n\u00b052, janvier-d\u00e9cembre 2010, p.1-4.<\/p>\n<p>avec Magali Demanget, \u00ab Renouveaux religieux (n\u00e9o)Indiens au troisi\u00e8me mill\u00e9naire \u00bb, dans Carine Chavarochette et Magali Demanget (dir.), \u00ab Renouveau des pratiques religieuses indiennes au XXIe si\u00e8cle \u00bb, <i>Trace revue du Centre d\u2019\u00e9tudes mexicaines et centram\u00e9ricaines (CEMCA-Mexico)<\/i>, 54, d\u00e9cembre 2008, p.3-14.<\/p>\n<p>\u00ab Le p\u00e8lerinage des indiens Tojolabal (Chiapas-Mexique) \u00e0 San Mateo Ixtat\u00e1n (Guatemala) ou comment un rite agricole et des relations interethniques participent \u00e0 la structuration de l\u2019ethnicit\u00e9 tojolabal \u00bb, Cahiers des Am\u00e9riques latines , 2004, 44, IHEAL (Institut des hautes \u00e9tudes de l\u2019Am\u00e9rique latine), p. 23-39.<\/p>\n<h3>Cours<\/h3>\n<p><strong>1er semestre mercredi 9-12h<br \/>\nIntroduction \u00e0 l\u2019anthropologie de l\u2019Am\u00e9rique latine<\/strong><\/p>\n<p>Cet enseignement s\u2019attache \u00e0 pr\u00e9senter l\u2019\u00e9volution de la discipline \u00e0 travers le Mexique et les pays d\u2019Am\u00e9rique centrale. Sur ces terres am\u00e9rindiennes, au pass\u00e9 pr\u00e9hispanique et colonial, se sont succ\u00e9d\u00e9 des culturalistes, fonctionnalistes mais \u00e9galement structuralistes et postmodernes. Nous nous int\u00e9resserons au Mexique comme laboratoire de \u00ab l\u2019anthropologie mondiale \u00bb. On se centrera notamment sur les liens entre \u00c9tat et th\u00e9ories anthropologiques latino-am\u00e9ricaines dans la construction des soci\u00e9t\u00e9s nationales, de l\u2019influence de l\u2019indig\u00e9nisme, \u00e0 la revendication d\u2019une \u00ab anthropologie p\u00e9riph\u00e9rique \u00bb, \u00ab du Sud \u00bb ou \u00ab autochtone \u00bb. Dans des conditions de tensions sociales exacerb\u00e9es (conflits arm\u00e9s, violence, pauvret\u00e9, explosion urbaine) ou refus des mod\u00e8les culturels autochtones, l\u2019importation d\u2019une anthropologie du Nord h\u00e9g\u00e9monique a \u00e9t\u00e9 et est interrog\u00e9e par une anthropologie du Sud \u00e9mergente.<br \/>\n\u00c0 partir d\u2019enqu\u00eates pass\u00e9es et actuelles (sur les pratiques symboliques et religieuses, les migrations, la violence d\u2019\u00c9tat, etc.), de textes fondateurs comme de documents visuels et audiovisuels, nous aborderons les anthropologies de la M\u00e9so-Am\u00e9rique pour une meilleure compr\u00e9hension de ces populations.<\/p>\n<p><strong>2nd semestre mercredi 9-12h<br \/>\nAnthropologie visuelle<br \/>\n<\/strong><br \/>\nCertains anthropologues ont privil\u00e9gi\u00e9 l\u2019\u00e9crit dans la restitution de leurs r\u00e9sultats d\u2019enqu\u00eates consid\u00e9rant l\u2019image photographique comme une illustration et moins comme une m\u00e9thode d\u2019analyse. D\u2019autres \u00e0 l\u2019inverse l\u2019ont pos\u00e9 et utilis\u00e9 comme pratique de recherche, d\u2019exercice du regard, au cours du travail de terrain comme au moment de l\u2019\u00e9criture.<br \/>\nEn interrogeant la place de la photographie dans les \u00e9tudes ethnographiques nous aborderons les diff\u00e9rents courants de la discipline et leur \u00e9volution depuis la fin du xixe si\u00e8cle. Les relations \u00e0 l\u2019image entretenues par Franz Boas et Margaret Mead, nous permettrons d\u2019appr\u00e9hender le culturalisme. Les photos r\u00e9alis\u00e9es par Bronislaw Malinowski aux \u00celes Trobriand aborderont le fonctionnalisme ; les clich\u00e9s br\u00e9siliens de Claude L\u00e9vi-Strauss le structuralisme. Enfin, nous nous int\u00e9resserons aux images produites aujourd\u2019hui par le(s) groupe(s) observ\u00e9(s) et les anthropologues eux-m\u00eames \u2013 en France notamment \u2013 afin de montrer la place et le r\u00f4le de la photographie comme outil de compr\u00e9hension des changements sociaux.<\/p>\n<p>Adresse e-mail : carinechavarochette@gmail.com<\/p>\n","protected":false},"excerpt":{"rendered":"<p>Charg\u00e9e de cours Docteur en anthropologie historique universit\u00e9 Paris VII, Chercheur associ\u00e9e au CREDA-CNRS UMR 7227, \u00e9ditrice aux \u00c9ditions du CTHS, collection Le regard de l\u2019ethnologue. Th\u00e8mes de recherche Ethnohistoire, anthropologie du Mexique et de l\u2019Am\u00e9rique centrale, anthropologie religieuse (rites agraires et de naissance), ethnicit\u00e9 (relations interethniques et violence), ph\u00e9nom\u00e8ne migratoire. Anthropologie de l\u2019eau (usages&hellip;<\/p>\n","protected":false},"author":1,"featured_media":0,"parent":102,"menu_order":0,"comment_status":"closed","ping_status":"closed","template":"","meta":{"footnotes":""},"class_list":["post-808","page","type-page","status-publish","hentry","description-off"],"_links":{"self":[{"href":"https:\/\/sociologie.univ-paris8.fr\/index.php?rest_route=\/wp\/v2\/pages\/808","targetHints":{"allow":["GET"]}}],"collection":[{"href":"https:\/\/sociologie.univ-paris8.fr\/index.php?rest_route=\/wp\/v2\/pages"}],"about":[{"href":"https:\/\/sociologie.univ-paris8.fr\/index.php?rest_route=\/wp\/v2\/types\/page"}],"author":[{"embeddable":true,"href":"https:\/\/sociologie.univ-paris8.fr\/index.php?rest_route=\/wp\/v2\/users\/1"}],"replies":[{"embeddable":true,"href":"https:\/\/sociologie.univ-paris8.fr\/index.php?rest_route=%2Fwp%2Fv2%2Fcomments&post=808"}],"version-history":[{"count":9,"href":"https:\/\/sociologie.univ-paris8.fr\/index.php?rest_route=\/wp\/v2\/pages\/808\/revisions"}],"predecessor-version":[{"id":6739,"href":"https:\/\/sociologie.univ-paris8.fr\/index.php?rest_route=\/wp\/v2\/pages\/808\/revisions\/6739"}],"up":[{"embeddable":true,"href":"https:\/\/sociologie.univ-paris8.fr\/index.php?rest_route=\/wp\/v2\/pages\/102"}],"wp:attachment":[{"href":"https:\/\/sociologie.univ-paris8.fr\/index.php?rest_route=%2Fwp%2Fv2%2Fmedia&parent=808"}],"curies":[{"name":"wp","href":"https:\/\/api.w.org\/{rel}","templated":true}]}}