{"id":7920,"date":"2017-05-09T15:40:19","date_gmt":"2017-05-09T13:40:19","guid":{"rendered":"?page_id=7920"},"modified":"2020-08-26T09:29:29","modified_gmt":"2020-08-26T07:29:29","slug":"modalites-de-controle-des-connaissances","status":"publish","type":"page","link":"https:\/\/sociologie.univ-paris8.fr\/?page_id=7920","title":{"rendered":"Modalit\u00e9s de contr\u00f4le des connaissances"},"content":{"rendered":"<p>Consultez les <strong><a href=\"https:\/\/www.univ-paris8.fr\/Modalites-de-controle-des-connaissances-5713\">modalit\u00e9s de contr\u00f4le des connaissances au sein de l&rsquo;Universit\u00e9 Paris 8<\/a><\/strong><\/p>\n<p>Consultez les <strong><a href=\"?page_id=42\">modalit\u00e9s sp\u00e9cifiques au d\u00e9partement de sociologie et d&rsquo;anthropologie<\/a><\/strong> dans la brochure de pr\u00e9sentation du dipl\u00f4me.<\/p>\n","protected":false},"excerpt":{"rendered":"<p>Consultez les modalit\u00e9s de contr\u00f4le des connaissances au sein de l&rsquo;Universit\u00e9 Paris 8 Consultez les modalit\u00e9s sp\u00e9cifiques au d\u00e9partement de sociologie et d&rsquo;anthropologie dans la brochure de pr\u00e9sentation du dipl\u00f4me.<\/p>\n","protected":false},"author":9,"featured_media":0,"parent":54,"menu_order":0,"comment_status":"closed","ping_status":"closed","template":"","meta":{"footnotes":""},"class_list":["post-7920","page","type-page","status-publish","hentry","description-off"],"_links":{"self":[{"href":"https:\/\/sociologie.univ-paris8.fr\/index.php?rest_route=\/wp\/v2\/pages\/7920","targetHints":{"allow":["GET"]}}],"collection":[{"href":"https:\/\/sociologie.univ-paris8.fr\/index.php?rest_route=\/wp\/v2\/pages"}],"about":[{"href":"https:\/\/sociologie.univ-paris8.fr\/index.php?rest_route=\/wp\/v2\/types\/page"}],"author":[{"embeddable":true,"href":"https:\/\/sociologie.univ-paris8.fr\/index.php?rest_route=\/wp\/v2\/users\/9"}],"replies":[{"embeddable":true,"href":"https:\/\/sociologie.univ-paris8.fr\/index.php?rest_route=%2Fwp%2Fv2%2Fcomments&post=7920"}],"version-history":[{"count":6,"href":"https:\/\/sociologie.univ-paris8.fr\/index.php?rest_route=\/wp\/v2\/pages\/7920\/revisions"}],"predecessor-version":[{"id":9551,"href":"https:\/\/sociologie.univ-paris8.fr\/index.php?rest_route=\/wp\/v2\/pages\/7920\/revisions\/9551"}],"up":[{"embeddable":true,"href":"https:\/\/sociologie.univ-paris8.fr\/index.php?rest_route=\/wp\/v2\/pages\/54"}],"wp:attachment":[{"href":"https:\/\/sociologie.univ-paris8.fr\/index.php?rest_route=%2Fwp%2Fv2%2Fmedia&parent=7920"}],"curies":[{"name":"wp","href":"https:\/\/api.w.org\/{rel}","templated":true}]}}