{"id":792,"date":"2008-10-05T16:41:04","date_gmt":"2008-10-05T14:41:04","guid":{"rendered":"?page_id=792"},"modified":"2012-02-04T08:50:45","modified_gmt":"2012-02-04T06:50:45","slug":"cesard-nicolas","status":"publish","type":"page","link":"https:\/\/sociologie.univ-paris8.fr\/?page_id=792","title":{"rendered":"C\u00e9sard Nicolas"},"content":{"rendered":"<h3><img loading=\"lazy\" decoding=\"async\" src=\"wp-content\/uploads\/2008\/10\/cesard-nicolas.jpg\" alt=\"\" title=\"Nicolas C\u00e9sard\" width=\"100\" height=\"125\" class=\"alignright size-full wp-image-794\" \/>Ancien ATER au d\u00e9partement de sociologie<\/h3>\n<p>Docteur en Anthropologie (EHESS) associ\u00e9 \u00e0 l&rsquo;IRIS (Institut de Recherche Interdisciplinaire sur les enjeux Sociaux).<\/p>\n<p>Lien vers une <a href=\"http:\/\/www.ecoanthropologie.cnrs.fr\/spip.php?article582\" title=\"Nicolas C\u00e9sard\">pr\u00e9sentation d\u00e9taill\u00e9e des travaux de Nicolas C\u00e9sard<\/a><\/p>\n<p>Th\u00e8mes de recherche : Transformations sociales, gestion des ressources naturelles, relations hommes-animaux (ethnoentomologie), Asie du Sud-Est (Born\u00e9o, Indon\u00e9sie), Amazonie.<br \/>\nCogestionnaire du site de l\u2019Association Fran\u00e7aise pour la Recherche sur l\u2019Asie du Sud-Est : <a href=\"http:\/\/www.afrase.org\">www.afrase.org<\/a><\/p>\n<h3>Publications r\u00e9centes<\/h3>\n<p>(avec S. Rennesson et E. Grimaud). Duels en miniature. La d\u00e9licate mise en sc\u00e8ne des combats de scarab\u00e9es dans le nord de la Tha\u00eflande. <i>Insectes<\/i>, 151 (4), 2008: 3-8.<\/p>\n<p>\u201c<a href=\"http:\/\/hal.archives-ouvertes.fr\/hal-00178609\/fr\/\">A Sociohistorical Transition: Trade in Forest Products and Bride-Price among the Punan Tubu of Eastern Kalimantan<\/a>???, <em>Anthropos<\/em>, 102.2., 2007: 455-477. <\/p>\n<p>\u00ab <a href=\"http:\/\/hal.archives-ouvertes.fr\/hal-00129608\/en\/\">Des libellules dans l\u2019assiette. Les insectes consomm\u00e9s \u00e0 Bali<\/a> \u00bb, <em>Insectes<\/em>, 140 (1), 2006: 3-6.<\/p>\n<p>\u00ab <a href=\"http:\/\/hal.archives-ouvertes.fr\/hal-00129606\/en\/\">Les \u00e9preuves d\u2019insectes en Amazonie<\/a> \u00bb, <em>Anthropozoologica<\/em>, 40 (2), 2005: 55-80.<\/p>\n<p>\u00ab <a href=\"http:\/\/hal.archives-ouvertes.fr\/hal-00129602\/en\/\">Le kroto (Oecophylla smaragdina) dans la r\u00e9gion de Malingping, Java Ouest, Indon\u00e9sie : collecte et commercialisation d\u2019une ressource animale non n\u00e9gligeable<\/a> \u00bb, <em>Anthropozoologica<\/em>, 39 (2), 2004: 15-31.  <\/p>\n<h3>Cours<\/h3>\n<p><strong>Anthropologie \u00e9conomique.<\/strong> Lundi : 12h-15h (semestre 1).<br \/>\nLe cours introduira les rapports des hommes entre eux \u00e0 propos de leurs rapports aux choses dans les soci\u00e9t\u00e9s non occidentales ou dites \u00abtraditionnelles\u00bb. Apr\u00e8s s\u2019\u00eatre int\u00e9ress\u00e9 au regard des anthropologues sur un domaine essentiel \u00e0 la compr\u00e9hension des soci\u00e9t\u00e9s humaines, on privil\u00e9giera les nouvelles orientations \u00e0 partir d\u2019\u00e9tudes de cas, en s\u2019int\u00e9ressant, pour les soci\u00e9t\u00e9s concern\u00e9es, \u00e0 l\u2019ethnohistoire et aux techniques de production, d\u2019acquisition et d\u2019usage des objets.<br \/>\nDe Marx \u00e0 Mauss, on abordera ainsi dans un premier temps les concepts et les th\u00e9ories de l\u2019anthropologie \u00e9conomique \u00e0 travers l\u2019histoire de la discipline et de ses m\u00e9thodes. Dans un deuxi\u00e8me temps, on insistera sur les rapports des hommes \u00e0 leur environnement mat\u00e9riel et \u00e9cologique en s\u2019int\u00e9ressant aux \u00e9conomies des populations de chasseurs-collecteurs, d\u2019horticulteurs ou d\u2019agro-forestiers.<\/p>\n<p><strong>Aire culturelle Asie du Sud-Est. <\/strong>Lundi : 18h- 21h (semestre 1).<br \/>\nLe cours est une introduction g\u00e9n\u00e9rale aux r\u00e9gions continentales et insulaires de l\u2019Asie du Sud-Est (des hauts plateaux du Nord Vietnam aux archipels indon\u00e9siens). Apr\u00e8s avoir donn\u00e9 des \u00e9l\u00e9ments de g\u00e9ographie physique, de pr\u00e9histoire et d\u2019histoire, l\u2019aire Asie du Sud-Est fera l\u2019objet de plusieurs balayages sur des th\u00e8mes sp\u00e9cifiques aux cultures et familles linguistiques de ces r\u00e9gions (formes d\u2019organisation politique et sociale, grandes religions et syncr\u00e9tismes, \u00e9conomies, techniques et innovations\u2026) pour montrer tant leurs valeurs communes que leur diversit\u00e9. Les grandes probl\u00e9matiques actuelles seront \u00e9galement abord\u00e9es (migrations nationales et transnationales, changements culturels, questions autochtones\u2026). On s\u2019int\u00e9ressera \u00e9galement aux particularismes culturels dans le cin\u00e9ma, la litt\u00e9rature et la musique.<\/p>\n","protected":false},"excerpt":{"rendered":"<p>Ancien ATER au d\u00e9partement de sociologie Docteur en Anthropologie (EHESS) associ\u00e9 \u00e0 l&rsquo;IRIS (Institut de Recherche Interdisciplinaire sur les enjeux Sociaux). Lien vers une pr\u00e9sentation d\u00e9taill\u00e9e des travaux de Nicolas C\u00e9sard Th\u00e8mes de recherche : Transformations sociales, gestion des ressources naturelles, relations hommes-animaux (ethnoentomologie), Asie du Sud-Est (Born\u00e9o, Indon\u00e9sie), Amazonie. Cogestionnaire du site de l\u2019Association&hellip;<\/p>\n","protected":false},"author":1,"featured_media":0,"parent":102,"menu_order":0,"comment_status":"closed","ping_status":"closed","template":"","meta":{"footnotes":""},"class_list":["post-792","page","type-page","status-publish","hentry","description-off"],"_links":{"self":[{"href":"https:\/\/sociologie.univ-paris8.fr\/index.php?rest_route=\/wp\/v2\/pages\/792","targetHints":{"allow":["GET"]}}],"collection":[{"href":"https:\/\/sociologie.univ-paris8.fr\/index.php?rest_route=\/wp\/v2\/pages"}],"about":[{"href":"https:\/\/sociologie.univ-paris8.fr\/index.php?rest_route=\/wp\/v2\/types\/page"}],"author":[{"embeddable":true,"href":"https:\/\/sociologie.univ-paris8.fr\/index.php?rest_route=\/wp\/v2\/users\/1"}],"replies":[{"embeddable":true,"href":"https:\/\/sociologie.univ-paris8.fr\/index.php?rest_route=%2Fwp%2Fv2%2Fcomments&post=792"}],"version-history":[{"count":9,"href":"https:\/\/sociologie.univ-paris8.fr\/index.php?rest_route=\/wp\/v2\/pages\/792\/revisions"}],"predecessor-version":[{"id":4421,"href":"https:\/\/sociologie.univ-paris8.fr\/index.php?rest_route=\/wp\/v2\/pages\/792\/revisions\/4421"}],"up":[{"embeddable":true,"href":"https:\/\/sociologie.univ-paris8.fr\/index.php?rest_route=\/wp\/v2\/pages\/102"}],"wp:attachment":[{"href":"https:\/\/sociologie.univ-paris8.fr\/index.php?rest_route=%2Fwp%2Fv2%2Fmedia&parent=792"}],"curies":[{"name":"wp","href":"https:\/\/api.w.org\/{rel}","templated":true}]}}