{"id":780,"date":"2008-10-03T23:47:55","date_gmt":"2008-10-03T21:47:55","guid":{"rendered":"?page_id=780"},"modified":"2009-06-26T19:46:55","modified_gmt":"2009-06-26T17:46:55","slug":"nechtschein-sarah","status":"publish","type":"page","link":"https:\/\/sociologie.univ-paris8.fr\/?page_id=780","title":{"rendered":"Nechtschein Sarah"},"content":{"rendered":"<h3><img loading=\"lazy\" decoding=\"async\" src=\"wp-content\/uploads\/2008\/10\/nechtschein-sarah.jpg\" alt=\"\" title=\"nechtschein sarah\" width=\"99\" height=\"139\" class=\"alignright size-full wp-image-781\" \/>ATER<\/h3>\n<p>Doctorante au sein du laboratoire Genre, travail et mobilit\u00e9s. Je m&rsquo;int\u00e9resse \u00e0 la sociologie du travail, la sociologie des professions et la sociologie de l&rsquo;art. Ma th\u00e8se porte sur les transformations du m\u00e9tier de parfumeur.<\/p>\n<h3>Mes enseignements :<\/h3>\n<p>Pr\u00e9sentation des m\u00e9thodes,  samedi 9h-12h<br \/>\nPr\u00e9sentation d&rsquo;une grande enqu\u00eate , mardi 18h-21h<\/p>\n","protected":false},"excerpt":{"rendered":"<p>ATER Doctorante au sein du laboratoire Genre, travail et mobilit\u00e9s. Je m&rsquo;int\u00e9resse \u00e0 la sociologie du travail, la sociologie des professions et la sociologie de l&rsquo;art. Ma th\u00e8se porte sur les transformations du m\u00e9tier de parfumeur. Mes enseignements : Pr\u00e9sentation des m\u00e9thodes, samedi 9h-12h Pr\u00e9sentation d&rsquo;une grande enqu\u00eate , mardi 18h-21h<\/p>\n","protected":false},"author":1,"featured_media":0,"parent":102,"menu_order":0,"comment_status":"closed","ping_status":"closed","template":"","meta":{"footnotes":""},"class_list":["post-780","page","type-page","status-publish","hentry","description-off"],"_links":{"self":[{"href":"https:\/\/sociologie.univ-paris8.fr\/index.php?rest_route=\/wp\/v2\/pages\/780","targetHints":{"allow":["GET"]}}],"collection":[{"href":"https:\/\/sociologie.univ-paris8.fr\/index.php?rest_route=\/wp\/v2\/pages"}],"about":[{"href":"https:\/\/sociologie.univ-paris8.fr\/index.php?rest_route=\/wp\/v2\/types\/page"}],"author":[{"embeddable":true,"href":"https:\/\/sociologie.univ-paris8.fr\/index.php?rest_route=\/wp\/v2\/users\/1"}],"replies":[{"embeddable":true,"href":"https:\/\/sociologie.univ-paris8.fr\/index.php?rest_route=%2Fwp%2Fv2%2Fcomments&post=780"}],"version-history":[{"count":3,"href":"https:\/\/sociologie.univ-paris8.fr\/index.php?rest_route=\/wp\/v2\/pages\/780\/revisions"}],"predecessor-version":[{"id":1706,"href":"https:\/\/sociologie.univ-paris8.fr\/index.php?rest_route=\/wp\/v2\/pages\/780\/revisions\/1706"}],"up":[{"embeddable":true,"href":"https:\/\/sociologie.univ-paris8.fr\/index.php?rest_route=\/wp\/v2\/pages\/102"}],"wp:attachment":[{"href":"https:\/\/sociologie.univ-paris8.fr\/index.php?rest_route=%2Fwp%2Fv2%2Fmedia&parent=780"}],"curies":[{"name":"wp","href":"https:\/\/api.w.org\/{rel}","templated":true}]}}