{"id":72,"date":"2005-09-13T15:14:19","date_gmt":"2005-09-13T13:14:19","guid":{"rendered":"?page_id=72"},"modified":"2019-04-09T09:08:22","modified_gmt":"2019-04-09T07:08:22","slug":"doctorat","status":"publish","type":"page","link":"https:\/\/sociologie.univ-paris8.fr\/?page_id=72","title":{"rendered":"Doctorat"},"content":{"rendered":"<p>Les conditions d&rsquo;acc\u00e8s en doctorat sont pr\u00e9cis\u00e9es <a href=\"http:\/\/www.univ-paris8.fr\/article.php3?id_article=2320\">sur cette page http:\/\/www.univ-paris8.fr\/article.php3?id_article=2320<\/a>. Attention \u00e0 respecter les dates&#8230;<\/p>\n<p>Un site \u00e0 conna\u00eetre : <a href=\"http:\/\/financements.andes.asso.fr\/\">http:\/\/financements.andes.asso.fr\/<\/a> : information sur les bourses de th\u00e8ses.<br \/>\nUn document \u00e0 lire : <a href=\"http:\/\/www.recherche.gouv.fr\/brochure\/metiersrecherche2006.pdf\">Guide des m\u00e9tiers de la recherche<\/a> (minist\u00e8re de la recherche)<\/p>\n<p>Pour les \u00e9tudiants \u00e9trangers : l&rsquo;Association nationale des candidats aux m\u00e9tiers de la science politique (ANCMSP) a mis en ligne un guide tr\u00e8s utile : <a href=\"https:\/\/ancmsp.com\/guide-des-doctorant-e-s-etranger-e-s\">Guide des doctorants \u00e9trangers<\/a>.<\/p>\n","protected":false},"excerpt":{"rendered":"<p>Les conditions d&rsquo;acc\u00e8s en doctorat sont pr\u00e9cis\u00e9es sur cette page http:\/\/www.univ-paris8.fr\/article.php3?id_article=2320. Attention \u00e0 respecter les dates&#8230; Un site \u00e0 conna\u00eetre : http:\/\/financements.andes.asso.fr\/ : information sur les bourses de th\u00e8ses. Un document \u00e0 lire : Guide des m\u00e9tiers de la recherche (minist\u00e8re de la recherche) Pour les \u00e9tudiants \u00e9trangers : l&rsquo;Association nationale des candidats aux m\u00e9tiers&hellip;<\/p>\n","protected":false},"author":1,"featured_media":0,"parent":7,"menu_order":0,"comment_status":"closed","ping_status":"closed","template":"enseignants.php","meta":{"footnotes":""},"class_list":["post-72","page","type-page","status-publish","hentry","description-off"],"_links":{"self":[{"href":"https:\/\/sociologie.univ-paris8.fr\/index.php?rest_route=\/wp\/v2\/pages\/72","targetHints":{"allow":["GET"]}}],"collection":[{"href":"https:\/\/sociologie.univ-paris8.fr\/index.php?rest_route=\/wp\/v2\/pages"}],"about":[{"href":"https:\/\/sociologie.univ-paris8.fr\/index.php?rest_route=\/wp\/v2\/types\/page"}],"author":[{"embeddable":true,"href":"https:\/\/sociologie.univ-paris8.fr\/index.php?rest_route=\/wp\/v2\/users\/1"}],"replies":[{"embeddable":true,"href":"https:\/\/sociologie.univ-paris8.fr\/index.php?rest_route=%2Fwp%2Fv2%2Fcomments&post=72"}],"version-history":[{"count":4,"href":"https:\/\/sociologie.univ-paris8.fr\/index.php?rest_route=\/wp\/v2\/pages\/72\/revisions"}],"predecessor-version":[{"id":8780,"href":"https:\/\/sociologie.univ-paris8.fr\/index.php?rest_route=\/wp\/v2\/pages\/72\/revisions\/8780"}],"up":[{"embeddable":true,"href":"https:\/\/sociologie.univ-paris8.fr\/index.php?rest_route=\/wp\/v2\/pages\/7"}],"wp:attachment":[{"href":"https:\/\/sociologie.univ-paris8.fr\/index.php?rest_route=%2Fwp%2Fv2%2Fmedia&parent=72"}],"curies":[{"name":"wp","href":"https:\/\/api.w.org\/{rel}","templated":true}]}}