{"id":7105,"date":"2015-12-03T21:56:24","date_gmt":"2015-12-03T19:56:24","guid":{"rendered":"?page_id=7105"},"modified":"2016-06-30T15:17:52","modified_gmt":"2016-06-30T13:17:52","slug":"flores-espinola-artemisa","status":"publish","type":"page","link":"https:\/\/sociologie.univ-paris8.fr\/?page_id=7105","title":{"rendered":"Flores Esp\u00ednola Artemisa"},"content":{"rendered":"<h3><img decoding=\"async\" src=\"wp-content\/uploads\/2015\/12\/artemisa-flores-espinola.jpg\" alt=\"artemisa-flores-espinola\" width=\"150\" class=\"alignright size-full wp-image-7157\" srcset=\"https:\/\/sociologie.univ-paris8.fr\/wp-content\/uploads\/2015\/12\/artemisa-flores-espinola.jpg 300w, https:\/\/sociologie.univ-paris8.fr\/wp-content\/uploads\/2015\/12\/artemisa-flores-espinola-110x83.jpg 110w\" sizes=\"(max-width: 300px) 100vw, 300px\" \/>ATER<\/h3>\n<p><b>Domaines de recherche :<\/b><\/p>\n<p>Sociologie du genre, des in\u00e9galit\u00e9s et discriminations<br \/>\nScience, techniques, innovation et genre<br \/>\nM\u00e9thodologies et \u00e9pist\u00e9mologies f\u00e9ministes<br \/>\nSociologie du travail et de la reconnaissance scientifique<\/p>\n<h3>Publications r\u00e9centes<\/h3>\n<p><strong>Livre<\/strong><\/p>\n<p>\u2013 Perspectivas feministas en ciencia, Centre Universitaire d&rsquo;Etudes de Genre (CUEG), Presses Universitaires de Nuevo Le\u00f3n,Mexique, 2005.    <\/p>\n<p><strong>Articles dans des revues \u00e0 comit\u00e9 de lecture<\/strong><\/p>\n<p>2016<br \/>\n\u00ab Genre et publications scientifiques dans des revues f\u00e9ministes \u00bb, <em>Investigaciones feministas<\/em>, n\u00ba 5, Dossier : Femmes, Sciences et Universit\u00e9, \u00e0 para\u00eetre.<\/p>\n<p>2013<br \/>\n\u00ab Science et Politique : quand le f\u00e9minisme fait avancer la science \u00bb Raison Pr\u00e9sente, No. 186, pp. 97-106.<\/p>\n<p>2012<br \/>\n\u00abSubjectivit\u00e9 et connaissance : r\u00e9flexion sur les \u00e9pist\u00e9mologies du point de vue\u00bb, Cahiers du genre n\u00ba 53, pp. 99-120.<\/p>\n<p>2004<br \/>\n\u00ab La deuxi\u00e8me vague du mouvement f\u00e9ministe: la th\u00e9orie de genre f\u00e9ministe \u00bb, Mneme-Revue Virtuel de Humanit\u00e9s, n\u00ba 11, v.5, juillet\/septembre, Br\u00e9sil. Disponible en ligne : <a href=\"http:\/\/www.seol.com.br\/mneme\">http:\/\/www.seol.com.br\/mneme<\/a><\/p>\n<p>2004<br \/>\n\u00ab Le f\u00e9minisme dans la Science \u00bb, Humanitas, Annuaire du Centre d\u2019Etudes Humanistes,  Universit\u00e9 Autonome de Nuevo Le\u00f3n, pp. 487-526.<\/p>\n<p><strong> Articles scientifiques sans comit\u00e9 de lecture<\/strong><\/p>\n<p>2008<br \/>\n\u00ab La place des femmes et du f\u00e9minisme en science et techniques : une \u00e9tude des revues scientifiques \u00bb, Actes du Congr\u00e8s International Interdisciplinaire des mondes de Femmes, UCM, Espagne, 3-9 juillet.<\/p>\n<p>2003<br \/>\n\u00ab Globalisation et F\u00e9minisme \u00bb, Thauma, Universit\u00e9 du Pays Basque, n\u00ba 2, Juin, Espagne, pp. 13-20.<\/p>\n<p><strong>Chapitres d\u2019ouvrages<\/strong><\/p>\n<p>2016<br \/>\n\u00ab F\u00e9minisme, Mat\u00e9rialisme et postmodernisme dans l&rsquo;\u0153uvre de Donna Haraway \u00bb, en : Maxime Cervulle, Nelly Quemener et Florian Voros, Mat\u00e9rialismes, culture &#038; communication, Vol. 2, Collection \u00ab Mat\u00e9rialismeS \u00bb, Presses des Mines, \u00e0 para\u00eetre.<\/p>\n<p>2011<br \/>\n\u00ab Femmes et f\u00e9minisme en sciences et techniques : une analyse des revues scientifiques \u00bb, Claves actuales de pensamiento. Coord. Mar\u00eda Navarro, Betty Est\u00e9vez et Antol\u00edn S\u00e1nchez, Ed. Plaza y Vald\u00e9s, Espagne.<\/p>\n<p>2006<br \/>\n\u00ab Le genre et l\u2019activit\u00e9 scientifique au Mexique \u00bb, in Eulalia P\u00e9rez Sede\u00f1o et allii, Science, Technologie et Genre en Iberoamerique, Monograf\u00edas 29, CSIC, Espagne.<br \/>\nRecensions d\u2019ouvrage dans des revues \u00e0 comit\u00e9 de lecture<\/p>\n<p>2009<br \/>\nDonna Haraway, Manifeste cyborg et autres essais, anthologie \u00e9tablie par Laurence Allard, Delphine Gardey et Nathalie Magnan, Cahiers du genre n\u00ba 47, pp. 212-216.<\/p>\n<p>2008<br \/>\n\u00ab Nouveaux travaux de genre en science, technologie et connaissance \u00bb, Isegor\u00eda, n\u00ba 38, CSIC, Espagne, pp. 229-233.<br \/>\nRapport de recherche<\/p>\n<p>2004<br \/>\nAvec Eulalia P\u00e9rez Sedeno et allii, Rapport comparatif r\u00e9gional et rapports nationales d\u2019Argentine, Br\u00e9sil, Costa Rica, Espagne, Mexique, Paraguay, Uruguay et Venezuela. Project Iberoamericano de Science, Techniques et Genre (GENTEC) &#8211; OEI \u2013 UNESCO.<\/p>\n<p><strong>Liens :<\/strong><\/p>\n<p><a href=\"http:\/\/www.csu.cnrs.fr\/spip.php?rubrique304&#038;lang=fr\">http:\/\/www.csu.cnrs.fr\/spip.php?rubrique304&#038;lang=fr<\/a><br \/>\n<a href=\"https:\/\/cnrs-gif.academia.edu\/ArtemisaFloresEsp\u00ednola\">https:\/\/cnrs-gif.academia.edu\/ArtemisaFloresEsp\u00ednola<\/a><\/p>\n","protected":false},"excerpt":{"rendered":"<p>ATER Domaines de recherche : Sociologie du genre, des in\u00e9galit\u00e9s et discriminations Science, techniques, innovation et genre M\u00e9thodologies et \u00e9pist\u00e9mologies f\u00e9ministes Sociologie du travail et de la reconnaissance scientifique Publications r\u00e9centes Livre \u2013 Perspectivas feministas en ciencia, Centre Universitaire d&rsquo;Etudes de Genre (CUEG), Presses Universitaires de Nuevo Le\u00f3n,Mexique, 2005. Articles dans des revues \u00e0 comit\u00e9&hellip;<\/p>\n","protected":false},"author":1,"featured_media":0,"parent":102,"menu_order":0,"comment_status":"closed","ping_status":"closed","template":"","meta":{"footnotes":""},"class_list":["post-7105","page","type-page","status-publish","hentry","description-off"],"_links":{"self":[{"href":"https:\/\/sociologie.univ-paris8.fr\/index.php?rest_route=\/wp\/v2\/pages\/7105","targetHints":{"allow":["GET"]}}],"collection":[{"href":"https:\/\/sociologie.univ-paris8.fr\/index.php?rest_route=\/wp\/v2\/pages"}],"about":[{"href":"https:\/\/sociologie.univ-paris8.fr\/index.php?rest_route=\/wp\/v2\/types\/page"}],"author":[{"embeddable":true,"href":"https:\/\/sociologie.univ-paris8.fr\/index.php?rest_route=\/wp\/v2\/users\/1"}],"replies":[{"embeddable":true,"href":"https:\/\/sociologie.univ-paris8.fr\/index.php?rest_route=%2Fwp%2Fv2%2Fcomments&post=7105"}],"version-history":[{"count":2,"href":"https:\/\/sociologie.univ-paris8.fr\/index.php?rest_route=\/wp\/v2\/pages\/7105\/revisions"}],"predecessor-version":[{"id":7158,"href":"https:\/\/sociologie.univ-paris8.fr\/index.php?rest_route=\/wp\/v2\/pages\/7105\/revisions\/7158"}],"up":[{"embeddable":true,"href":"https:\/\/sociologie.univ-paris8.fr\/index.php?rest_route=\/wp\/v2\/pages\/102"}],"wp:attachment":[{"href":"https:\/\/sociologie.univ-paris8.fr\/index.php?rest_route=%2Fwp%2Fv2%2Fmedia&parent=7105"}],"curies":[{"name":"wp","href":"https:\/\/api.w.org\/{rel}","templated":true}]}}