{"id":6916,"date":"2015-07-20T09:34:54","date_gmt":"2015-07-20T07:34:54","guid":{"rendered":"?page_id=6916"},"modified":"2016-06-30T15:16:08","modified_gmt":"2016-06-30T13:16:08","slug":"bony-lucie","status":"publish","type":"page","link":"https:\/\/sociologie.univ-paris8.fr\/?page_id=6916","title":{"rendered":"Bony Lucie"},"content":{"rendered":"<h3><img loading=\"lazy\" decoding=\"async\" src=\"wp-content\/uploads\/2015\/07\/luciebonyparis8.jpg\" alt=\"luciebonyparis8\" width=\"120\" height=\"160\" class=\"alignright size-full wp-image-6917\" srcset=\"https:\/\/sociologie.univ-paris8.fr\/wp-content\/uploads\/2015\/07\/luciebonyparis8.jpg 120w, https:\/\/sociologie.univ-paris8.fr\/wp-content\/uploads\/2015\/07\/luciebonyparis8-110x147.jpg 110w\" sizes=\"auto, (max-width: 120px) 100vw, 120px\" \/>ATER<\/h3>\n<p><strong>Domaines de recherche : <\/strong><br \/>\nSociologie et g\u00e9ographie<br \/>\nPrison<br \/>\nVille et habitat<\/p>\n<p><strong>Contact : <\/strong><br \/>\nlucie.bony@gmail.com<\/p>\n<p><strong>Publications r\u00e9centes :<\/strong><br \/>\n\u00ab La prison, une \u201ccit\u00e9 avec des barreaux\u201d ? Continuum socio-spatial par-del\u00e0 les murs \u00bb, 2015, <em>Les Annales de g\u00e9ographie<\/em>, n\u00b0 702-703, pp. 275-299.<br \/>\n\u00ab La domestication de l\u2019espace cellulaire en prison \u00bb, 2015, <em>Espaces et soci\u00e9t\u00e9s<\/em> n\u00b0 162, pp. 13-30.<br \/>\n\u00ab Enfermement et mobilit\u00e9s : les d\u00e9tenus et leurs proches \u00e0 l\u2019\u00e9preuve de l\u2019incarc\u00e9ration \u00bb, 2013, <em>e-migrinter<\/em> n\u00b011, \u00ab Et l\u2019immobilit\u00e9 dans la circulation \u00bb, pp. 127-136.<br \/>\n\u00ab Cohabitation carc\u00e9rale et clivage g\u00e9n\u00e9rationnel. \u201cJeunes\u201d et \u201canciens\u201d en Maison d\u2019arr\u00eat \u00bb, in Tournier P.V. (dir.), 2012, <em>Dialectique carc\u00e9rale. Quand la prison s\u2019ouvre et r\u00e9siste au changement<\/em>, Paris, L\u2019Harmattan, pp. 125-136.<\/p>\n<p><strong>Liens :<\/strong><br \/>\n<a href=\"http:\/\/www.crh.archi.fr\/_Bony-Lucie_\">http:\/\/www.crh.archi.fr\/_Bony-Lucie_<\/a><br \/>\n<a href=\"https:\/\/u-paris10.academia.edu\/LucieBony\">https:\/\/u-paris10.academia.edu\/LucieBony<\/a><\/p>\n","protected":false},"excerpt":{"rendered":"<p>ATER Domaines de recherche : Sociologie et g\u00e9ographie Prison Ville et habitat Contact : lucie.bony@gmail.com Publications r\u00e9centes : \u00ab La prison, une \u201ccit\u00e9 avec des barreaux\u201d ? Continuum socio-spatial par-del\u00e0 les murs \u00bb, 2015, Les Annales de g\u00e9ographie, n\u00b0 702-703, pp. 275-299. \u00ab La domestication de l\u2019espace cellulaire en prison \u00bb, 2015, Espaces et soci\u00e9t\u00e9s&hellip;<\/p>\n","protected":false},"author":1,"featured_media":0,"parent":102,"menu_order":0,"comment_status":"closed","ping_status":"closed","template":"","meta":{"footnotes":""},"class_list":["post-6916","page","type-page","status-publish","hentry","description-off"],"_links":{"self":[{"href":"https:\/\/sociologie.univ-paris8.fr\/index.php?rest_route=\/wp\/v2\/pages\/6916","targetHints":{"allow":["GET"]}}],"collection":[{"href":"https:\/\/sociologie.univ-paris8.fr\/index.php?rest_route=\/wp\/v2\/pages"}],"about":[{"href":"https:\/\/sociologie.univ-paris8.fr\/index.php?rest_route=\/wp\/v2\/types\/page"}],"author":[{"embeddable":true,"href":"https:\/\/sociologie.univ-paris8.fr\/index.php?rest_route=\/wp\/v2\/users\/1"}],"replies":[{"embeddable":true,"href":"https:\/\/sociologie.univ-paris8.fr\/index.php?rest_route=%2Fwp%2Fv2%2Fcomments&post=6916"}],"version-history":[{"count":1,"href":"https:\/\/sociologie.univ-paris8.fr\/index.php?rest_route=\/wp\/v2\/pages\/6916\/revisions"}],"predecessor-version":[{"id":6918,"href":"https:\/\/sociologie.univ-paris8.fr\/index.php?rest_route=\/wp\/v2\/pages\/6916\/revisions\/6918"}],"up":[{"embeddable":true,"href":"https:\/\/sociologie.univ-paris8.fr\/index.php?rest_route=\/wp\/v2\/pages\/102"}],"wp:attachment":[{"href":"https:\/\/sociologie.univ-paris8.fr\/index.php?rest_route=%2Fwp%2Fv2%2Fmedia&parent=6916"}],"curies":[{"name":"wp","href":"https:\/\/api.w.org\/{rel}","templated":true}]}}