{"id":6903,"date":"2015-07-10T09:31:04","date_gmt":"2015-07-10T07:31:04","guid":{"rendered":"?page_id=6903"},"modified":"2018-09-13T12:47:11","modified_gmt":"2018-09-13T10:47:11","slug":"prepa-metiers-du-social","status":"publish","type":"page","link":"https:\/\/sociologie.univ-paris8.fr\/?page_id=6903","title":{"rendered":"Pr\u00e9pa \u00ab\u00a0M\u00e9tiers du social\u00a0\u00bb"},"content":{"rendered":"<p>Vous souhaitez passer les concours d\u2019entr\u00e9e aux \u00e9coles de travail social pour devenir Assistant de service social, Educateur sp\u00e9cialis\u00e9 ou Educateur de jeunes enfants? Le d\u00e9partement vous propose, dans le cadre de la licence 1, une pr\u00e9paration aux \u00e9preuves \u00e9crites et orales de ces concours.<\/p>\n<p><a href=\"wp-content\/uploads\/2015\/07\/flyer-metier-social-2016.pdf\"><img loading=\"lazy\" decoding=\"async\" src=\"wp-content\/uploads\/2015\/07\/flyer-metier-social-2016.png\" alt=\"flyer-metier-social-2016\" width=\"450\" height=\"637\" class=\"alignright size-full wp-image-7209\" srcset=\"https:\/\/sociologie.univ-paris8.fr\/wp-content\/uploads\/2015\/07\/flyer-metier-social-2016.png 450w, https:\/\/sociologie.univ-paris8.fr\/wp-content\/uploads\/2015\/07\/flyer-metier-social-2016-106x150.png 106w, https:\/\/sociologie.univ-paris8.fr\/wp-content\/uploads\/2015\/07\/flyer-metier-social-2016-212x300.png 212w\" sizes=\"auto, (max-width: 450px) 100vw, 450px\" \/><br \/>\nT\u00e9l\u00e9chargez la pr\u00e9sentation de la Pr\u00e9pa<br \/>\n<\/a><\/p>\n<p>Modalit\u00e9s d\u2019inscription: le nombre de places \u00e9tant limit\u00e9, pour vous inscrire, faire parvenir par mail aux deux responsables (Florence Bouillon et Coline Cardi), un CV et une lettre de motivation (<a href=\"wp-content\/uploads\/2015\/07\/flyer-metier-social-2016.pdf\">Tout est pr\u00e9cis\u00e9 dans ce document de pr\u00e9sentation<\/a>)<\/p>\n<p>Contacts:<br \/>\nFlorence BOUILLON : florence.bouillon@gmail.com<br \/>\nColine CARDI : cardi.coline@gmail.com<\/p>\n<p><a href=\"wp-content\/uploads\/2015\/07\/flyer-metier-social-2016.pdf\">informations compl\u00e9mentaires<\/a><\/p>\n","protected":false},"excerpt":{"rendered":"<p>Vous souhaitez passer les concours d\u2019entr\u00e9e aux \u00e9coles de travail social pour devenir Assistant de service social, Educateur sp\u00e9cialis\u00e9 ou Educateur de jeunes enfants? Le d\u00e9partement vous propose, dans le cadre de la licence 1, une pr\u00e9paration aux \u00e9preuves \u00e9crites et orales de ces concours. T\u00e9l\u00e9chargez la pr\u00e9sentation de la Pr\u00e9pa Modalit\u00e9s d\u2019inscription: le nombre&hellip;<\/p>\n","protected":false},"author":1,"featured_media":0,"parent":7,"menu_order":0,"comment_status":"closed","ping_status":"closed","template":"","meta":{"footnotes":""},"class_list":["post-6903","page","type-page","status-publish","hentry","description-off"],"_links":{"self":[{"href":"https:\/\/sociologie.univ-paris8.fr\/index.php?rest_route=\/wp\/v2\/pages\/6903","targetHints":{"allow":["GET"]}}],"collection":[{"href":"https:\/\/sociologie.univ-paris8.fr\/index.php?rest_route=\/wp\/v2\/pages"}],"about":[{"href":"https:\/\/sociologie.univ-paris8.fr\/index.php?rest_route=\/wp\/v2\/types\/page"}],"author":[{"embeddable":true,"href":"https:\/\/sociologie.univ-paris8.fr\/index.php?rest_route=\/wp\/v2\/users\/1"}],"replies":[{"embeddable":true,"href":"https:\/\/sociologie.univ-paris8.fr\/index.php?rest_route=%2Fwp%2Fv2%2Fcomments&post=6903"}],"version-history":[{"count":7,"href":"https:\/\/sociologie.univ-paris8.fr\/index.php?rest_route=\/wp\/v2\/pages\/6903\/revisions"}],"predecessor-version":[{"id":8547,"href":"https:\/\/sociologie.univ-paris8.fr\/index.php?rest_route=\/wp\/v2\/pages\/6903\/revisions\/8547"}],"up":[{"embeddable":true,"href":"https:\/\/sociologie.univ-paris8.fr\/index.php?rest_route=\/wp\/v2\/pages\/7"}],"wp:attachment":[{"href":"https:\/\/sociologie.univ-paris8.fr\/index.php?rest_route=%2Fwp%2Fv2%2Fmedia&parent=6903"}],"curies":[{"name":"wp","href":"https:\/\/api.w.org\/{rel}","templated":true}]}}