{"id":67,"date":"2009-07-07T07:58:10","date_gmt":"2009-07-07T05:58:10","guid":{"rendered":"?page_id=67"},"modified":"2025-09-17T07:35:44","modified_gmt":"2025-09-17T05:35:44","slug":"anthropologie","status":"publish","type":"page","link":"https:\/\/sociologie.univ-paris8.fr\/?page_id=67","title":{"rendered":"Anthropologie"},"content":{"rendered":"\n<p>Le d\u00e9partement de sociologie &amp; anthropologie propose <strong>un cursus de formation en anthropologie<\/strong>, de la licence au master, ouvert aux \u00e9tudiants de tous les d\u00e9partements de l\u2019Universit\u00e9.<\/p>\n\n\n\n<p>&#8211; Dans le cadre de la licence de sociologie, <strong>une mineure d\u2019anthropologie interne et externe<\/strong> d\u00e8s la premi\u00e8re ann\u00e9e propose une initiation th\u00e9orique g\u00e9n\u00e9rale \u00e0 cette discipline. L\u2019objectif p\u00e9dagogique est d\u2019articuler l\u2019apprentissage des principaux concepts, leur rep\u00e9rage dans l\u2019histoire de la pens\u00e9e anthropologique et leur mise en perspective dans quelques grands domaines et \u00e0 travers diverses aires culturelles, pour d\u00e9boucher sur la construction de probl\u00e9matiques :<\/p>\n\n\n\n<p>&#8211;\u00a0<strong><a href=\"https:\/\/sociologie.univ-paris8.fr\/wp-content\/uploads\/2025\/09\/BROCHURE_MINEUREP8_25_26-P8-VF.pdf\" target=\"_blank\" rel=\"noreferrer noopener\">Brochure de la Mineure Anthropologie (L1, L2 et L3), 1er semestre 2025-2026<\/a><\/strong>.<\/p>\n\n\n\n<p>&#8211; Pr\u00e9sentation du <strong>parcours Anthropologie de la mondialisation du master de sciences sociales dans la brochure du <a href=\"?page_id=43\">Master de sciences sociales<\/a><\/strong>.<\/p>\n\n\n\n<p>&#8211; Plusieurs cours de la \u00abMineure Anthropologie\u00bb et du parcours \u00abAnthropologie de la mondialisation\u00bb du Master de Sciences Sociales sont accueillis au Mus\u00e9e du Quai Branly\/Jacques Chirac dans le cadre d\u2019une convention avec le mus\u00e9e. Le Pass \u00c9tudiant du Mus\u00e9e du quai Branly donne acc\u00e8s aux activit\u00e9s d\u2019enseignement pendant une ann\u00e9e universitaire.<\/p>\n\n\n\n<p>Voir la brochure des enseignements: <a href=\"https:\/\/www.quaibranly.fr\/fr\/recherche-scientifique\/activites\/colloques-et-enseignements\/enseignements\/\">http:\/\/www.quaibranly.fr\/fr\/recherche-scientifique\/activites\/colloques-et-enseignements\/enseignement-et-seminaires\/<\/a><\/p>\n","protected":false},"excerpt":{"rendered":"<p>Le d\u00e9partement de sociologie &amp; anthropologie propose un cursus de formation en anthropologie, de la licence au master, ouvert aux \u00e9tudiants de tous les d\u00e9partements de l\u2019Universit\u00e9. &#8211; Dans le cadre de la licence de sociologie, une mineure d\u2019anthropologie interne et externe d\u00e8s la premi\u00e8re ann\u00e9e propose une initiation th\u00e9orique g\u00e9n\u00e9rale \u00e0 cette discipline. L\u2019objectif&hellip;<\/p>\n","protected":false},"author":1,"featured_media":0,"parent":7,"menu_order":0,"comment_status":"closed","ping_status":"closed","template":"","meta":{"footnotes":""},"class_list":["post-67","page","type-page","status-publish","hentry","description-off"],"_links":{"self":[{"href":"https:\/\/sociologie.univ-paris8.fr\/index.php?rest_route=\/wp\/v2\/pages\/67","targetHints":{"allow":["GET"]}}],"collection":[{"href":"https:\/\/sociologie.univ-paris8.fr\/index.php?rest_route=\/wp\/v2\/pages"}],"about":[{"href":"https:\/\/sociologie.univ-paris8.fr\/index.php?rest_route=\/wp\/v2\/types\/page"}],"author":[{"embeddable":true,"href":"https:\/\/sociologie.univ-paris8.fr\/index.php?rest_route=\/wp\/v2\/users\/1"}],"replies":[{"embeddable":true,"href":"https:\/\/sociologie.univ-paris8.fr\/index.php?rest_route=%2Fwp%2Fv2%2Fcomments&post=67"}],"version-history":[{"count":58,"href":"https:\/\/sociologie.univ-paris8.fr\/index.php?rest_route=\/wp\/v2\/pages\/67\/revisions"}],"predecessor-version":[{"id":11755,"href":"https:\/\/sociologie.univ-paris8.fr\/index.php?rest_route=\/wp\/v2\/pages\/67\/revisions\/11755"}],"up":[{"embeddable":true,"href":"https:\/\/sociologie.univ-paris8.fr\/index.php?rest_route=\/wp\/v2\/pages\/7"}],"wp:attachment":[{"href":"https:\/\/sociologie.univ-paris8.fr\/index.php?rest_route=%2Fwp%2Fv2%2Fmedia&parent=67"}],"curies":[{"name":"wp","href":"https:\/\/api.w.org\/{rel}","templated":true}]}}