{"id":62,"date":"2005-06-20T18:21:10","date_gmt":"2005-06-20T16:21:10","guid":{"rendered":"?page_id=62"},"modified":"2007-04-04T14:11:15","modified_gmt":"2007-04-04T12:11:15","slug":"bordiec","status":"publish","type":"page","link":"https:\/\/sociologie.univ-paris8.fr\/?page_id=62","title":{"rendered":"Bordiec Sylvain"},"content":{"rendered":"<h3>ATER (Attach\u00e9 temporaire d&rsquo;enseignement et de recherche) jusqu&rsquo;en 2006<\/h3>\n<p><img decoding=\"async\" class=\"alignright\" src=\"photo\/bordiec.jpg\" alt=\"Sylvain Bordiec, universit\u00e9 Paris 8\" title=\"Sylvain Bordiec, universit\u00e9 paris 8\"\/><br \/>\nTh\u00e8mes de recherche : La socialisation des jeunes des classes populaires &#8211; travail social &#8211; politiques publiques urbaines &#8211; ethnographie urbaine. Th\u00e8se en cours, dirig\u00e9e par Florence Weber (titre provisoire) : \u00ab Les jeux de la socialisation et la vie des structures d\u2019encadrement juv\u00e9nile dans un quartier populaire parisien : de la distraction collective \u00e0 la fabrication des possibles \u00bb.<br \/>\nIl est membre du laboratoire <a href=\"http:\/\/www.csu.cnrs.fr\/\">CSU (Cultures et soci\u00e9t\u00e9s urbaines)<\/a>.<\/p>\n<h3>Publications r\u00e9centes<\/h3>\n<p>&#8211; BORDIEC Sylvain, et TISSOT Sylvie,  \u00ab\u00a0<a href=\"http:\/\/www.ville.gouv.fr\/pdf\/actualite\/assises\/synthese-des-bibliographies.pdf\">Synth\u00e8se des travaux r\u00e9cents consacr\u00e9s \u00e0 la politique de la ville<\/a>\u00ab\u00a0, 2005, Rapport pour la DIV, 21 pages.<\/p>\n<p>&#8211; BORDIEC Sylvain. \u00ab Entre pr\u00e9carisation sociale et travail social pr\u00e9caire. Quand l\u2019investissement professionnel est impossible \u00bb, pp 165-174, in <em>Les b\u00e9n\u00e9voles et leurs associations, autres r\u00e9alit\u00e9s, autre sociologie ?<\/em>, Dan Ferrand-Bechmann (dir.), Paris, L\u2019Harmattan, 2004, 322 pages.<\/p>\n<p>&#8211; BORDIEC Sylvain. Note de lecture de Michel Kokoreff, \u00ab La force des quartiers : de la d\u00e9linquance \u00e0 l\u2019engagement politique \u00bb, Paris, Payot, 2003, 349 pages, <em>Gen\u00e8ses<\/em>, d\u00e9cembre 2004, pp. 157-158.<\/p>\n<p>&#8211;  BORDIEC Sylvain. <a href=\"http:\/\/www.annalesdelarechercheurbaine.fr\/article.php3?id_article=35\">Note de lecture de St\u00e9phane Beaud, Michel Pialoux, \u00ab Violences urbaines, violence sociale, gen\u00e8se des nouvelles classes dangereuses \u00bb<\/a>, Paris, Fayard, 2003, 426 pages, <em>Annales de la Recherche urbaine<\/em>, octobre 2004, pp.151-152<\/p>\n<p>&#8211; BORDIEC Sylvain. \u00ab\u00a0<a href=\"http:\/\/www.monde-diplomatique.fr\/2004\/01\/BORDIEC\/10941\">De l\u2019ins\u00e9curit\u00e9 sociale \u00e0 l\u2019ins\u00e9curit\u00e9 civile<\/a>\u00ab\u00a0, note de lecture, <em>Le Monde diplomatique<\/em>, janvier 2004.<\/p>\n<p>&#8211; BORDIEC Sylvain. M\u00e9moire de DEA \u00ab Modes de vie et politiques sociales \u00bb, sous la direction de Jean-Claude Combessie et Florence Weber : \u00ab Le temps des possibles et des impossibles : les usages sociaux du soir. Le cas des coll\u00e9giens et lyc\u00e9ens d\u2019une cit\u00e9 HLM dans la banlieue parisienne \u00bb, octobre 2002, 158 pages.<\/p>\n","protected":false},"excerpt":{"rendered":"<p>ATER (Attach\u00e9 temporaire d&rsquo;enseignement et de recherche) jusqu&rsquo;en 2006 Th\u00e8mes de recherche : La socialisation des jeunes des classes populaires &#8211; travail social &#8211; politiques publiques urbaines &#8211; ethnographie urbaine. Th\u00e8se en cours, dirig\u00e9e par Florence Weber (titre provisoire) : \u00ab Les jeux de la socialisation et la vie des structures d\u2019encadrement juv\u00e9nile dans un&hellip;<\/p>\n","protected":false},"author":1,"featured_media":0,"parent":102,"menu_order":0,"comment_status":"closed","ping_status":"closed","template":"","meta":{"footnotes":""},"class_list":["post-62","page","type-page","status-publish","hentry","description-off"],"_links":{"self":[{"href":"https:\/\/sociologie.univ-paris8.fr\/index.php?rest_route=\/wp\/v2\/pages\/62","targetHints":{"allow":["GET"]}}],"collection":[{"href":"https:\/\/sociologie.univ-paris8.fr\/index.php?rest_route=\/wp\/v2\/pages"}],"about":[{"href":"https:\/\/sociologie.univ-paris8.fr\/index.php?rest_route=\/wp\/v2\/types\/page"}],"author":[{"embeddable":true,"href":"https:\/\/sociologie.univ-paris8.fr\/index.php?rest_route=\/wp\/v2\/users\/1"}],"replies":[{"embeddable":true,"href":"https:\/\/sociologie.univ-paris8.fr\/index.php?rest_route=%2Fwp%2Fv2%2Fcomments&post=62"}],"version-history":[{"count":0,"href":"https:\/\/sociologie.univ-paris8.fr\/index.php?rest_route=\/wp\/v2\/pages\/62\/revisions"}],"up":[{"embeddable":true,"href":"https:\/\/sociologie.univ-paris8.fr\/index.php?rest_route=\/wp\/v2\/pages\/102"}],"wp:attachment":[{"href":"https:\/\/sociologie.univ-paris8.fr\/index.php?rest_route=%2Fwp%2Fv2%2Fmedia&parent=62"}],"curies":[{"name":"wp","href":"https:\/\/api.w.org\/{rel}","templated":true}]}}