{"id":591,"date":"2008-08-28T21:20:34","date_gmt":"2008-08-28T19:20:34","guid":{"rendered":"?page_id=591"},"modified":"2009-06-26T19:46:04","modified_gmt":"2009-06-26T17:46:04","slug":"le-gall-brice","status":"publish","type":"page","link":"https:\/\/sociologie.univ-paris8.fr\/?page_id=591","title":{"rendered":"Le Gall Brice"},"content":{"rendered":"<h3>ATER<\/h3>\n<p><a href='wp-content\/uploads\/2008\/08\/le-gall-brice.jpg'><img loading=\"lazy\" decoding=\"async\" src=\"wp-content\/uploads\/2008\/08\/le-gall-brice.jpg\" alt=\"\" title=\"le-gall-brice\" width=\"128\" height=\"160\" class=\"alignright size-full wp-image-592\" srcset=\"https:\/\/sociologie.univ-paris8.fr\/wp-content\/uploads\/2008\/08\/le-gall-brice.jpg 128w, https:\/\/sociologie.univ-paris8.fr\/wp-content\/uploads\/2008\/08\/le-gall-brice-110x137.jpg 110w\" sizes=\"auto, (max-width: 128px) 100vw, 128px\" \/><\/a>Rattach\u00c3\u00a9 au Centre de Sociologie Europ\u00c3\u00a9enne. Doctorant \u00c3\u00a0 l&rsquo;EHESS sous la direction de G\u00c3\u00a9rard Mauger. <\/p>\n<p>Sujet de th\u00c3\u00a8se : \u00c2\u00ab La construction de l&rsquo; \u00e2??offre\u00e2?? et de la \u00e2??demande\u00e2?? de formations universitaires en \u00c3\u00a9conomie et gestion \u00c2\u00bb. <\/p>\n<p>Th\u00c3\u00a8mes de recherche : Education, transformations des institutions universitaires, sociologie des productions scientifiques. <\/p>\n<p><b>Cours :<\/b><br \/>\nPr\u00c3\u00a9sentation des m\u00c3\u00a9thodes de la sociologie<br \/>\nMercredi: 9h-12h (semestre 1)<br \/>\nPr\u00c3\u00a9sentation des principales m\u00c3\u00a9thodes de la sociologie que sont l&rsquo;entretien, l&rsquo;observation et le<br \/>\nrecueil de donn\u00c3\u00a9es quantitatives. Le cours s&rsquo;organise autour de l&rsquo;\u00c3\u00a9tude d&rsquo;enqu\u00c3\u00aates classiques ou contemporaines, et de la r\u00c3\u00a9alisation d&rsquo;une enqu\u00c3\u00aate collective sur un th\u00c3\u00a8me et un terrain communs. Cette enqu\u00c3\u00aate permettra une premi\u00c3\u00a8re mise en \u00c5?uvre pratique des m\u00c3\u00a9thodes et introduira plus rapidement \u00c3\u00a0 leurs difficult\u00c3\u00a9s. <\/p>\n<p><b>Grand courant 1 : Les sociologies constructivistes<\/b><br \/>\nMercredi: 15h-18h (semestre 1)<br \/>\nL&rsquo;approche constructiviste se caract\u00c3\u00a9rise par une appr\u00c3\u00a9hension du monde social n&rsquo;accordant de pr\u00c3\u00a9pond\u00c3\u00a9rance ni aux acteurs ni aux structures, mais qui repose sur leur imbrication mutuelle. Sans viser la totalit\u00c3\u00a9 des recherches pouvant \u00c3\u00aatre caract\u00c3\u00a9ris\u00c3\u00a9es comme constructivistes, le cours s&rsquo;int\u00c3\u00a9ressera aux principaux auteurs relevant de ce champ de la sociologie. La partie magistrale accordera notamment une attention particuli\u00c3\u00a8re aux travaux de Norbert Elias et Pierre Bourdieu ainsi que les prolongements de leurs analyses par d&rsquo;autres chercheurs.  <\/p>\n<p><b>Publications :<\/b><br \/>\n&#8211; Le Gall Brice (avec Cizeau Thibault), \u00c2\u00ab\u00c2\u00a0Retour sur les conditions d\u00e2??acc\u00c3\u00a8s \u00c3\u00a0 l\u00e2??Universit\u00c3\u00a9\u00c2\u00a0\u00c2\u00bb, <i>Mouvements<\/i>, n\u00c2\u00b055, septembre 2008.<\/p>\n<p>-Le Gall Brice (avec Souli\u00c3\u00a9 Charles), \u00c2\u00ab R\u00c3\u00a9forme du gouvernement des universit\u00c3\u00a9s\u00c2\u00a0et actualisation du conflit des facult\u00c3\u00a9s\u00c2\u00a0en France \u00c2\u00bb, <i>Laboratorium<\/i>, n\u00c2\u00b01,  2008.<\/p>\n<p>-Le Gall Brice, \u00c2\u00ab <a href='wp-content\/uploads\/2008\/08\/legall2007.pdf'>Des savoirs critiques aux savoirs pour l&rsquo;entreprise : la normalisation d&rsquo;un d\u00c3\u00a9partement universitaire d&rsquo;\u00c3\u00a9conomie [PDF]<\/a>\u00c2\u00bb, Paris, <em>Cahiers de la recherche sur l&rsquo;\u00c3\u00a9ducation et les savoirs<\/em>, n\u00c2\u00b06, 2007. <\/p>\n<p>-Le Gall Brice (avec Souli\u00c3\u00a9 Charles), \u00c2\u00ab Massification, professionnalisation, et r\u00c3\u00a9forme du gouvernement des universit\u00c3\u00a9s : une actualisation du conflit des facult\u00c3\u00a9s en France \u00c2\u00bb, in <em>Les ravages de la modernisation universitaire en Europe<\/em>, Paris, Syllepse, 2007, pp. 173-208. <\/p>\n<p>-Le Gall Brice (avec Souli\u00c3\u00a9 Charles), \u00c2\u00ab Des usages sociaux du D.E.U.G. de Paris VIII : s\u00c3\u00a9gr\u00c3\u00a9gation sociale, attentes p\u00c3\u00a9dagogiques et habitus disciplinaires. \u00c2\u00bb in <em>Obstacles et succ\u00c3\u00a8s scolaires<\/em>, Lille, Editions du Conseil scientifique de l&rsquo;Universit\u00c3\u00a9 de Lille 3, 2006, pp. 81-119.<\/p>\n","protected":false},"excerpt":{"rendered":"<p>ATER Rattach\u00c3\u00a9 au Centre de Sociologie Europ\u00c3\u00a9enne. Doctorant \u00c3\u00a0 l&rsquo;EHESS sous la direction de G\u00c3\u00a9rard Mauger. Sujet de th\u00c3\u00a8se : \u00c2\u00ab La construction de l&rsquo; \u00e2??offre\u00e2?? et de la \u00e2??demande\u00e2?? de formations universitaires en \u00c3\u00a9conomie et gestion \u00c2\u00bb. Th\u00c3\u00a8mes de recherche : Education, transformations des institutions universitaires, sociologie des productions scientifiques. Cours : Pr\u00c3\u00a9sentation des&hellip;<\/p>\n","protected":false},"author":1,"featured_media":0,"parent":102,"menu_order":0,"comment_status":"closed","ping_status":"closed","template":"","meta":{"footnotes":""},"class_list":["post-591","page","type-page","status-publish","hentry","description-off"],"_links":{"self":[{"href":"https:\/\/sociologie.univ-paris8.fr\/index.php?rest_route=\/wp\/v2\/pages\/591","targetHints":{"allow":["GET"]}}],"collection":[{"href":"https:\/\/sociologie.univ-paris8.fr\/index.php?rest_route=\/wp\/v2\/pages"}],"about":[{"href":"https:\/\/sociologie.univ-paris8.fr\/index.php?rest_route=\/wp\/v2\/types\/page"}],"author":[{"embeddable":true,"href":"https:\/\/sociologie.univ-paris8.fr\/index.php?rest_route=\/wp\/v2\/users\/1"}],"replies":[{"embeddable":true,"href":"https:\/\/sociologie.univ-paris8.fr\/index.php?rest_route=%2Fwp%2Fv2%2Fcomments&post=591"}],"version-history":[{"count":1,"href":"https:\/\/sociologie.univ-paris8.fr\/index.php?rest_route=\/wp\/v2\/pages\/591\/revisions"}],"predecessor-version":[{"id":1704,"href":"https:\/\/sociologie.univ-paris8.fr\/index.php?rest_route=\/wp\/v2\/pages\/591\/revisions\/1704"}],"up":[{"embeddable":true,"href":"https:\/\/sociologie.univ-paris8.fr\/index.php?rest_route=\/wp\/v2\/pages\/102"}],"wp:attachment":[{"href":"https:\/\/sociologie.univ-paris8.fr\/index.php?rest_route=%2Fwp%2Fv2%2Fmedia&parent=591"}],"curies":[{"name":"wp","href":"https:\/\/api.w.org\/{rel}","templated":true}]}}