{"id":579,"date":"2008-07-21T18:49:26","date_gmt":"2008-07-21T16:49:26","guid":{"rendered":"?page_id=579"},"modified":"2010-09-03T07:47:42","modified_gmt":"2010-09-03T05:47:42","slug":"lazarus-jeanne","status":"publish","type":"page","link":"https:\/\/sociologie.univ-paris8.fr\/?page_id=579","title":{"rendered":"Lazarus Jeanne"},"content":{"rendered":"<h3><img decoding=\"async\" src=\"http:\/\/www.ehess.fr\/gspmdoctorants\/docannexe\/image\/59\/img-1.png\" class=\"alignright\"\/>Responsable de la pr\u00e9paration de l\u2019\u00e9preuve de sciences sociales au capes de SES<\/h3>\n<p>Th\u00e8mes de recherche : sociologie \u00e9conomique, banque, argent. <\/p>\n<p>Docteur en sociologie (GSPM-EHESS). Ma th\u00e8se, soutenue en juin 2009 porte sur les  cons\u00e9quences sociales de la bancarisation.<\/p>\n<p>Les supports de cours pour le capes sont disponibles sur le lien suivant : <a href=\"http:\/\/capesses.blogspot.com\">http:\/\/capesses.blogspot.com<\/a>. Les \u00e9tudiants devront \u00eatre munis d\u2019un mot de passe fourni en cours pour y acc\u00e9der.<\/p>\n<p><a href=\"http:\/\/www.ehess.fr\/gspmdoctorants\/document.php?id=59\">Page personnelle<\/a><\/p>\n<h3>Publications<\/h3>\n<p><b>Ouvrage<\/b><br \/>\n<a href=\"http:\/\/www.collectionreperes.com\/catalogue\/index.php?ean13=9782707148773\">Sociologie de l\u2019argent<\/a>, La d\u00e9couverte, collection Rep\u00e8res, 2007, avec Damien de Blic <\/p>\n<p><b>Articles et chapitre d\u2019ouvrage collectif <\/b><\/p>\n<p>2009 : \u00ab Simmel. Philosophie de l\u2019argent (Partie analytique, chapitre III, section 1 et 2) \u00bb, in Alain Brunn, Bertrand Darbeau, Etienne Kern et Jeanne Lazarus, L\u2019Argent, Garnier-Flammarion, coll. Pr\u00e9pas scientifiques, p. 169-213.<\/p>\n<p>2009 : \u00ab La famille n\u2019a pas de prix. Une introduction aux travaux de Viviana Zelizer \u00bb, <a href=\"http:\/\/www.laviedesidees.fr\/La-famille-n-a-pas-de-prix.html\">laviedesidees.fr<\/a>.<\/p>\n<p>2008 : \u00ab La monnaie \u00e0 travers les \u00e2ges \u00bb, recension de Bruno Th\u00e9ret (dir.), La Monnaie d\u00e9voil\u00e9e par ses crises, ed. de l\u2019EHESS, 2007, pour <a href=\"http:\/\/www.laviedesidees.fr\/Les-monnaies-a-travers-les-ages.html\"> laviedesidees.fr<\/a>.<\/p>\n<p>2007 : \u00ab L\u2019argent aux multiples facettes \u00bb, <em>Alternatives \u00e9conomiques<\/em>, 259, p. 75-77, avec Damien de Blic<\/p>\n<p>2006: \u00ab <a href=\"http:\/\/www.cairn.info\/revue-vingtieme-siecle-revue-d-histoire-2006-3-p-137.htm\">Les pauvres et la consommation<\/a> \u00bb, <em>Vingti\u00e8me si\u00e8cle<\/em>, n\u00b091, p. 136-152.<\/p>\n<p>2006, \u00ab <a href=\"http:\/\/books.google.com\/books?id=7-EyAGmCnwwC&#038;lpg=PA10&#038;ots=z1z3_FTFO3&#038;dq=lazarus%20Contribution%20%C3%A0%20une%20sociologie%20des%20conduites%20%C3%A9conomiques&#038;pg=PA289#v=onepage&#038;q=&#038;f=false\">Normes de bonnes d\u00e9penses et \u00e9valuation des personnes dans la banque<\/a> \u00bb, in Moul\u00e9vrier, P. &#038; Lazuech G. <em>Contribution \u00e0 une sociologie des conduites \u00e9conomiques<\/em>, L\u2019Harmattan, Paris, p. 289-298.<\/p>\n","protected":false},"excerpt":{"rendered":"<p>Responsable de la pr\u00e9paration de l\u2019\u00e9preuve de sciences sociales au capes de SES Th\u00e8mes de recherche : sociologie \u00e9conomique, banque, argent. Docteur en sociologie (GSPM-EHESS). Ma th\u00e8se, soutenue en juin 2009 porte sur les cons\u00e9quences sociales de la bancarisation. Les supports de cours pour le capes sont disponibles sur le lien suivant : http:\/\/capesses.blogspot.com. Les&hellip;<\/p>\n","protected":false},"author":1,"featured_media":0,"parent":102,"menu_order":0,"comment_status":"closed","ping_status":"closed","template":"","meta":{"footnotes":""},"class_list":["post-579","page","type-page","status-publish","hentry","description-off"],"_links":{"self":[{"href":"https:\/\/sociologie.univ-paris8.fr\/index.php?rest_route=\/wp\/v2\/pages\/579","targetHints":{"allow":["GET"]}}],"collection":[{"href":"https:\/\/sociologie.univ-paris8.fr\/index.php?rest_route=\/wp\/v2\/pages"}],"about":[{"href":"https:\/\/sociologie.univ-paris8.fr\/index.php?rest_route=\/wp\/v2\/types\/page"}],"author":[{"embeddable":true,"href":"https:\/\/sociologie.univ-paris8.fr\/index.php?rest_route=\/wp\/v2\/users\/1"}],"replies":[{"embeddable":true,"href":"https:\/\/sociologie.univ-paris8.fr\/index.php?rest_route=%2Fwp%2Fv2%2Fcomments&post=579"}],"version-history":[{"count":4,"href":"https:\/\/sociologie.univ-paris8.fr\/index.php?rest_route=\/wp\/v2\/pages\/579\/revisions"}],"predecessor-version":[{"id":2916,"href":"https:\/\/sociologie.univ-paris8.fr\/index.php?rest_route=\/wp\/v2\/pages\/579\/revisions\/2916"}],"up":[{"embeddable":true,"href":"https:\/\/sociologie.univ-paris8.fr\/index.php?rest_route=\/wp\/v2\/pages\/102"}],"wp:attachment":[{"href":"https:\/\/sociologie.univ-paris8.fr\/index.php?rest_route=%2Fwp%2Fv2%2Fmedia&parent=579"}],"curies":[{"name":"wp","href":"https:\/\/api.w.org\/{rel}","templated":true}]}}