{"id":56,"date":"2005-06-08T22:48:28","date_gmt":"2005-06-08T20:48:28","guid":{"rendered":"?page_id=56"},"modified":"2024-06-05T15:44:14","modified_gmt":"2024-06-05T13:44:14","slug":"equivalences","status":"publish","type":"page","link":"https:\/\/sociologie.univ-paris8.fr\/?page_id=56","title":{"rendered":"Dossiers d&rsquo;\u00e9quivalence \/ transfert"},"content":{"rendered":"<p>Les \u00e9tudiant-e-s en reprise d\u2019\u00e9tude et ayant obtenu ant\u00e9rieurement un DEUG complet de sociologie peuvent demander une inscription en L3.<\/p>\n<p>Pour tous les autres cas (transferts d&rsquo;une autre universit\u00e9 fran\u00e7aise ou de l&rsquo;\u00e9tranger), se renseigner aupr\u00e8s de Corinne Charron, responsable administrative des \u00e9quivalences.<\/p>\n<p><strong>Les \u00e9tudiants en r\u00e9orientation ayant d\u00e9j\u00e0 valid\u00e9 dans l\u2019enseignement sup\u00e9rieur des EC au contenu proche de ceux dispens\u00e9s dans la licence de sociologie et les \u00e9tudiants titulaires d\u2019un dipl\u00f4me obtenu hors de France peuvent demander une \u00e9quivalence ou une validation d&rsquo;acquis pr\u00e9alablement \u00e0 leur inscription en licence (L1, L2, L3)<\/strong>.<\/p>\n<p>A cette fin, ils doivent <strong>remplir un dossier d\u00e9mat\u00e9rialis\u00e9<\/strong> de demande d\u2019\u00e9quivalence (accessible <strong>sur le site de l&rsquo;universit\u00e9)<\/strong>. Les instructions pr\u00e9cises sont d\u00e9taill\u00e9es ici : <a href=\"_wp_link_placeholder\" data-wplink-edit=\"true\">https:\/\/appscol.univ-paris8.fr\/admission-inscription\/<\/a><\/p>\n<p>Pour la rentr\u00e9e 2024-2025, les demandes doivent \u00eatre effectu\u00e9es aux dates suivantes :<br \/>\n\u2022 Session 1 : 2 mai au 21 juin 2024<br \/>\n\u2022 Session compl\u00e9mentaire : 22 ao\u00fbt au 29 ao\u00fbt 2024<\/p>\n<p><strong>Corinne CHARRON est la responsable administrative des \u00e9quivalences (bureau B-348, corinne.charron@univ-paris8.fr).<\/strong><\/p>\n<p>Les enseignants qui si\u00e8gent \u00e0 la commission des \u00e9quivalences pour le dipl\u00f4me de licence sont : <strong>Jacques Siracusa et Lucas Tranchant<\/strong> (plus particuli\u00e8rement charg\u00e9s du suivi des \u00e9tudiants ayant des dipl\u00f4mes \u00e9trangers) et <strong>Coline Cardi et Livia Velpry<\/strong> (dans le cas des transferts et des r\u00e9orientations des \u00e9tudiants justifiant d&rsquo;un cursus ant\u00e9rieur dans un \u00e9tablissement de l&rsquo;enseignement sup\u00e9rieur en France).<\/p>\n","protected":false},"excerpt":{"rendered":"<p>Les \u00e9tudiant-e-s en reprise d\u2019\u00e9tude et ayant obtenu ant\u00e9rieurement un DEUG complet de sociologie peuvent demander une inscription en L3. Pour tous les autres cas (transferts d&rsquo;une autre universit\u00e9 fran\u00e7aise ou de l&rsquo;\u00e9tranger), se renseigner aupr\u00e8s de Corinne Charron, responsable administrative des \u00e9quivalences. Les \u00e9tudiants en r\u00e9orientation ayant d\u00e9j\u00e0 valid\u00e9 dans l\u2019enseignement sup\u00e9rieur des EC&hellip;<\/p>\n","protected":false},"author":1,"featured_media":0,"parent":54,"menu_order":0,"comment_status":"closed","ping_status":"closed","template":"","meta":{"footnotes":""},"class_list":["post-56","page","type-page","status-publish","hentry","description-off"],"_links":{"self":[{"href":"https:\/\/sociologie.univ-paris8.fr\/index.php?rest_route=\/wp\/v2\/pages\/56","targetHints":{"allow":["GET"]}}],"collection":[{"href":"https:\/\/sociologie.univ-paris8.fr\/index.php?rest_route=\/wp\/v2\/pages"}],"about":[{"href":"https:\/\/sociologie.univ-paris8.fr\/index.php?rest_route=\/wp\/v2\/types\/page"}],"author":[{"embeddable":true,"href":"https:\/\/sociologie.univ-paris8.fr\/index.php?rest_route=\/wp\/v2\/users\/1"}],"replies":[{"embeddable":true,"href":"https:\/\/sociologie.univ-paris8.fr\/index.php?rest_route=%2Fwp%2Fv2%2Fcomments&post=56"}],"version-history":[{"count":24,"href":"https:\/\/sociologie.univ-paris8.fr\/index.php?rest_route=\/wp\/v2\/pages\/56\/revisions"}],"predecessor-version":[{"id":11195,"href":"https:\/\/sociologie.univ-paris8.fr\/index.php?rest_route=\/wp\/v2\/pages\/56\/revisions\/11195"}],"up":[{"embeddable":true,"href":"https:\/\/sociologie.univ-paris8.fr\/index.php?rest_route=\/wp\/v2\/pages\/54"}],"wp:attachment":[{"href":"https:\/\/sociologie.univ-paris8.fr\/index.php?rest_route=%2Fwp%2Fv2%2Fmedia&parent=56"}],"curies":[{"name":"wp","href":"https:\/\/api.w.org\/{rel}","templated":true}]}}