{"id":54,"date":"2005-06-08T16:26:30","date_gmt":"2005-06-08T14:26:30","guid":{"rendered":"?page_id=54"},"modified":"2018-09-13T12:44:16","modified_gmt":"2018-09-13T10:44:16","slug":"a-savoir","status":"publish","type":"page","link":"https:\/\/sociologie.univ-paris8.fr\/?page_id=54","title":{"rendered":"\u00c0 savoir"},"content":{"rendered":"<p>Le <a href=\"\">d\u00e9partement de sociologie &#038; d&rsquo;anthropologie<\/a> de l&rsquo;Universit\u00e9 Paris 8 compte une trentaine d&rsquo;enseignants et propose des enseignements en sociologie et en anthropologie de la <a href=\"?page_id=42\">licence<\/a> \u00e0 la th\u00e8se.<br \/>\nEnviron 500 \u00e9tudiants sont inscrits en licence de sociologie (pour l&rsquo;ann\u00e9e 2015 : 280 en L1, 150 en L2 et une centaine en L3), et une soixantaine en <a href=\"?page_id=43\">master de sciences sociales<\/a>. <\/p>\n<p>Le d\u00e9partement de sociologie fait partie de l&rsquo;<a href=\"http:\/\/www.ufr-textes-et-societes.univ-paris8.fr\/\">UFR Textes et Soci\u00e9t\u00e9s<\/a>. Des liens \u00e9troits l&rsquo;unissent aux deux \u00e9quipes de l&rsquo;UMR CRESPPA (<a href=\"http:\/\/www.csu.cnrs.fr\">Equipe CSU<\/a> et <a href=\"http:\/\/www.gtm.cnrs.fr\/\">Equipe GTM<\/a>) et \u00e0 l&rsquo;<a href=\"http:\/\/www.lavue.cnrs.fr\">UMR LAVUE<\/a>.<\/p>\n<p>La direction du d\u00e9partement est assur\u00e9e par Fran\u00e7oise de Barros et le secr\u00e9tariat par Corinne Charron (pour le Master M1\/M2 et le doctorat) ;   Bocar Gaye bocar.gaye03@univ-paris8.fr et Josette Desvois josette.desvois@univ-paris8.fr (pour la licence et les mineures)<\/p>\n<p><strong>Adresse :<\/strong><br \/>\nD\u00e9partement de sociologie, UFR T&#038;S, Universit\u00e9 Paris 8 <br \/>\n2 rue de la Libert\u00e9,<br \/>\nF-93526 Saint-Denis<\/p>\n<p><img decoding=\"async\" src=\"photo\/departement.jpg\" alt=\"departement de sociologie universite paris 8\" title=\"departement de sociologie universite paris viii\"\/><br \/>\nLe d\u00e9partement de sociologie (photographie de 2006)<\/p>\n","protected":false},"excerpt":{"rendered":"<p>Le d\u00e9partement de sociologie &#038; d&rsquo;anthropologie de l&rsquo;Universit\u00e9 Paris 8 compte une trentaine d&rsquo;enseignants et propose des enseignements en sociologie et en anthropologie de la licence \u00e0 la th\u00e8se. Environ 500 \u00e9tudiants sont inscrits en licence de sociologie (pour l&rsquo;ann\u00e9e 2015 : 280 en L1, 150 en L2 et une centaine en L3), et une&hellip;<\/p>\n","protected":false},"author":1,"featured_media":0,"parent":0,"menu_order":0,"comment_status":"closed","ping_status":"closed","template":"","meta":{"footnotes":""},"class_list":["post-54","page","type-page","status-publish","hentry","description-off"],"_links":{"self":[{"href":"https:\/\/sociologie.univ-paris8.fr\/index.php?rest_route=\/wp\/v2\/pages\/54","targetHints":{"allow":["GET"]}}],"collection":[{"href":"https:\/\/sociologie.univ-paris8.fr\/index.php?rest_route=\/wp\/v2\/pages"}],"about":[{"href":"https:\/\/sociologie.univ-paris8.fr\/index.php?rest_route=\/wp\/v2\/types\/page"}],"author":[{"embeddable":true,"href":"https:\/\/sociologie.univ-paris8.fr\/index.php?rest_route=\/wp\/v2\/users\/1"}],"replies":[{"embeddable":true,"href":"https:\/\/sociologie.univ-paris8.fr\/index.php?rest_route=%2Fwp%2Fv2%2Fcomments&post=54"}],"version-history":[{"count":11,"href":"https:\/\/sociologie.univ-paris8.fr\/index.php?rest_route=\/wp\/v2\/pages\/54\/revisions"}],"predecessor-version":[{"id":8545,"href":"https:\/\/sociologie.univ-paris8.fr\/index.php?rest_route=\/wp\/v2\/pages\/54\/revisions\/8545"}],"wp:attachment":[{"href":"https:\/\/sociologie.univ-paris8.fr\/index.php?rest_route=%2Fwp%2Fv2%2Fmedia&parent=54"}],"curies":[{"name":"wp","href":"https:\/\/api.w.org\/{rel}","templated":true}]}}