{"id":5050,"date":"2012-09-23T09:55:41","date_gmt":"2012-09-23T07:55:41","guid":{"rendered":"?page_id=5050"},"modified":"2013-08-01T08:41:32","modified_gmt":"2013-08-01T06:41:32","slug":"brugiere-fabien","status":"publish","type":"page","link":"https:\/\/sociologie.univ-paris8.fr\/?page_id=5050","title":{"rendered":"Brugi\u00e8re Fabien"},"content":{"rendered":"<h2>ATER<\/h2>\n<p>Doctorant \u00e0 l&rsquo;Universit\u00e9 Paris Ouest Nanterre \/ ATER \u00e0 l&rsquo;Universit\u00e9 Paris 8<br \/>\nfabien.brugiere@yahoo.fr<\/p>\n<h3>champs de recherche:<\/h3>\n<p>sociologie du travail et des professions<br \/>\nsociologie des transports<br \/>\nsociologie des classes populaires<br \/>\nsociologie des relations ethniques<br \/>\nsociologie de la culture<\/p>\n<h3>th\u00e8se en cours:<\/h3>\n<p>\u00ab\u00a0Les agents de piste au travail, sociologie d&rsquo;un groupe segment\u00e9\u00a0\u00bb sous la direction de Dani\u00e8le Linhart<\/p>\n<h3>communications:<\/h3>\n<p>\u00ab\u00a0Les travailleurs de piste : un groupe professionnel hi\u00e9rarchis\u00e9 et diff\u00e9renci\u00e9\u00a0\u00bb, <em>Journ\u00e9e Jeunes Chercheurs du laboratoire TELEMME<\/em>, MMSH d&rsquo;Aix-en-Provence, 18 avril 2012 <\/p>\n","protected":false},"excerpt":{"rendered":"<p>ATER Doctorant \u00e0 l&rsquo;Universit\u00e9 Paris Ouest Nanterre \/ ATER \u00e0 l&rsquo;Universit\u00e9 Paris 8 fabien.brugiere@yahoo.fr champs de recherche: sociologie du travail et des professions sociologie des transports sociologie des classes populaires sociologie des relations ethniques sociologie de la culture th\u00e8se en cours: \u00ab\u00a0Les agents de piste au travail, sociologie d&rsquo;un groupe segment\u00e9\u00a0\u00bb sous la direction de&hellip;<\/p>\n","protected":false},"author":1,"featured_media":0,"parent":102,"menu_order":0,"comment_status":"closed","ping_status":"closed","template":"","meta":{"footnotes":""},"class_list":["post-5050","page","type-page","status-publish","hentry","description-off"],"_links":{"self":[{"href":"https:\/\/sociologie.univ-paris8.fr\/index.php?rest_route=\/wp\/v2\/pages\/5050","targetHints":{"allow":["GET"]}}],"collection":[{"href":"https:\/\/sociologie.univ-paris8.fr\/index.php?rest_route=\/wp\/v2\/pages"}],"about":[{"href":"https:\/\/sociologie.univ-paris8.fr\/index.php?rest_route=\/wp\/v2\/types\/page"}],"author":[{"embeddable":true,"href":"https:\/\/sociologie.univ-paris8.fr\/index.php?rest_route=\/wp\/v2\/users\/1"}],"replies":[{"embeddable":true,"href":"https:\/\/sociologie.univ-paris8.fr\/index.php?rest_route=%2Fwp%2Fv2%2Fcomments&post=5050"}],"version-history":[{"count":2,"href":"https:\/\/sociologie.univ-paris8.fr\/index.php?rest_route=\/wp\/v2\/pages\/5050\/revisions"}],"predecessor-version":[{"id":5784,"href":"https:\/\/sociologie.univ-paris8.fr\/index.php?rest_route=\/wp\/v2\/pages\/5050\/revisions\/5784"}],"up":[{"embeddable":true,"href":"https:\/\/sociologie.univ-paris8.fr\/index.php?rest_route=\/wp\/v2\/pages\/102"}],"wp:attachment":[{"href":"https:\/\/sociologie.univ-paris8.fr\/index.php?rest_route=%2Fwp%2Fv2%2Fmedia&parent=5050"}],"curies":[{"name":"wp","href":"https:\/\/api.w.org\/{rel}","templated":true}]}}