{"id":5,"date":"2005-05-27T09:50:02","date_gmt":"2005-05-27T07:50:02","guid":{"rendered":"?page_id=5"},"modified":"2008-12-03T11:18:55","modified_gmt":"2008-12-03T09:18:55","slug":"naffrechoux","status":"publish","type":"page","link":"https:\/\/sociologie.univ-paris8.fr\/?page_id=5","title":{"rendered":"Naffr\u00e9choux Martine"},"content":{"rendered":"<h3>Ma\u00eetre de conf\u00e9rences, retrait\u00e9e<\/h3>\n<p>Th\u00e8mes de recherche : Sociologie de la lecture<\/p>\n<h3>Parmi ses publications<\/h3>\n<p>&#8211; \u00ab\u00a0<a href=\"fichiers\/naffrechoux1987.pdf\" title=\"Martine Naffrechoux, Des lecteurs qui s ignorent les formes populaires de la lecture, 1987\">Des lecteurs qui s\u2019ignorent. Les formes populaires de la lecture [PDF]<\/a>\u00ab\u00a0, <em>Bulletin des Biblioth\u00e8ques de France<\/em>, t. 32, n\u00b05, 1987, p.404-419<br \/>\n&#8211; contribution \u00e0 un chapitre sur l&rsquo;observation, dans <em>L&rsquo;Oeil \u00e0 la page. Enqu\u00eate sur les images et les biblioth\u00e8ques<\/em>, Michel Grumbach et Jean-Claude Passeron. Paris, BPI Centre Pompidou, 1984.<\/p>\n","protected":false},"excerpt":{"rendered":"<p>Ma\u00eetre de conf\u00e9rences, retrait\u00e9e Th\u00e8mes de recherche : Sociologie de la lecture Parmi ses publications &#8211; \u00ab\u00a0Des lecteurs qui s\u2019ignorent. Les formes populaires de la lecture [PDF]\u00ab\u00a0, Bulletin des Biblioth\u00e8ques de France, t. 32, n\u00b05, 1987, p.404-419 &#8211; contribution \u00e0 un chapitre sur l&rsquo;observation, dans L&rsquo;Oeil \u00e0 la page. Enqu\u00eate sur les images et les&hellip;<\/p>\n","protected":false},"author":1,"featured_media":0,"parent":102,"menu_order":0,"comment_status":"closed","ping_status":"closed","template":"","meta":{"footnotes":""},"class_list":["post-5","page","type-page","status-publish","hentry","description-off"],"_links":{"self":[{"href":"https:\/\/sociologie.univ-paris8.fr\/index.php?rest_route=\/wp\/v2\/pages\/5","targetHints":{"allow":["GET"]}}],"collection":[{"href":"https:\/\/sociologie.univ-paris8.fr\/index.php?rest_route=\/wp\/v2\/pages"}],"about":[{"href":"https:\/\/sociologie.univ-paris8.fr\/index.php?rest_route=\/wp\/v2\/types\/page"}],"author":[{"embeddable":true,"href":"https:\/\/sociologie.univ-paris8.fr\/index.php?rest_route=\/wp\/v2\/users\/1"}],"replies":[{"embeddable":true,"href":"https:\/\/sociologie.univ-paris8.fr\/index.php?rest_route=%2Fwp%2Fv2%2Fcomments&post=5"}],"version-history":[{"count":2,"href":"https:\/\/sociologie.univ-paris8.fr\/index.php?rest_route=\/wp\/v2\/pages\/5\/revisions"}],"predecessor-version":[{"id":996,"href":"https:\/\/sociologie.univ-paris8.fr\/index.php?rest_route=\/wp\/v2\/pages\/5\/revisions\/996"}],"up":[{"embeddable":true,"href":"https:\/\/sociologie.univ-paris8.fr\/index.php?rest_route=\/wp\/v2\/pages\/102"}],"wp:attachment":[{"href":"https:\/\/sociologie.univ-paris8.fr\/index.php?rest_route=%2Fwp%2Fv2%2Fmedia&parent=5"}],"curies":[{"name":"wp","href":"https:\/\/api.w.org\/{rel}","templated":true}]}}