{"id":490,"date":"2008-04-14T20:08:43","date_gmt":"2008-04-14T18:08:43","guid":{"rendered":"?page_id=490"},"modified":"2013-04-22T19:34:38","modified_gmt":"2013-04-22T17:34:38","slug":"mathieu-marie","status":"publish","type":"page","link":"https:\/\/sociologie.univ-paris8.fr\/?page_id=490","title":{"rendered":"Mathieu Marie"},"content":{"rendered":"<h3><img loading=\"lazy\" decoding=\"async\" src=\"wp-content\/uploads\/2008\/04\/marie-mathieu.jpg\" alt=\"marie-mathieu\" width=\"120\" height=\"154\" class=\"alignright size-full wp-image-5557\" srcset=\"https:\/\/sociologie.univ-paris8.fr\/wp-content\/uploads\/2008\/04\/marie-mathieu.jpg 120w, https:\/\/sociologie.univ-paris8.fr\/wp-content\/uploads\/2008\/04\/marie-mathieu-110x141.jpg 110w\" sizes=\"auto, (max-width: 120px) 100vw, 120px\" \/>Allocataire de recherche. Monitrice<\/h3>\n<p>Contact : marie.mathieu@csu.cnrs.fr &#8211; <a href=\"http:\/\/www.csu.cnrs.fr\/spip.php%3Frubrique180.html\">page sur le site du CSU<\/a><\/p>\n<p>Doctorante en sociologie en cotutelle franco-qu\u00e9b\u00e9coise co-dirig\u00e9e par Mich\u00e8le Ferrand Sociologue, Directrice de recherche au CSU-CRESPPA, CNRS\/Universit\u00e9 Paris 8 et Francine Descarries, Professeure de sociologie, Coordinatrice de la recherche, \u00e0 l\u2019IREF- UQ\u00c0M (Institut de recherches et d&rsquo;\u00e9tudes f\u00e9ministes- Universit\u00e9 du Qu\u00e9bec \u00e0 Montr\u00e9al). <\/p>\n<p>Titre de th\u00e8se : Penser, dire et vivre avec un avortement \u00e0 Paris et \u00e0 Montr\u00e9al; Une \u00e9tude comparative des repr\u00e9sentations sociales des femmes ayant avort\u00e9.<\/p>\n<p><strong>Th\u00e8mes de recherche :<\/strong><br \/>\n&#8211;  Genre, rapports sociaux de sexe<br \/>\n&#8211;  Sexualit\u00e9s et sant\u00e9<br \/>\n&#8211;  Jeunesse<\/p>\n<p><strong>Affiliation institutionnelle :<\/strong><br \/>\n&#8211;  Laboratoire Cultures et Soci\u00e9t\u00e9s Urbaines (CSU-CRESPPA)<br \/>\n&#8211; Institut de Recherches et d\u2019Etudes F\u00e9ministes \/Universit\u00e9 du Qu\u00e9bec \u00e0 Montr\u00e9al (IREF\/UQAM)<\/p>\n<p><strong>Enseignements<\/strong><br \/>\n\u20222010-2011 &#8211; Attach\u00e9e temporaire d\u2019enseignement et de recherche (1\/2 ATER) \u00e0 l\u2019Universit\u00e9 Paris 8<br \/>\n-Pratique de terrain : Observation, \u201cObserver le genre en action\u201d, L2-L3, UFR Histoire, Litt\u00e9rature, Sociologie, (39h)<br \/>\n-Grands courants de la sociologie, \u201cF\u00e9minisme mat\u00e9rialiste et nouvelles perspectives en \u00e9tudes genre\u201d, L3, UFR Histoire, Litt\u00e9rature, Sociologie, (39h)<br \/>\n\u20222007-2010 &#8211; Monitrice &#8211; Universit\u00e9 Paris 8\/ En formation au Centre d\u2019Initiation \u00e0 l\u2019Enseignement Sup\u00e9rieur (CIES)- Paris Sorbonne<br \/>\n\u20222009-2010 &#8211; Charg\u00e9e de cours, Universit\u00e9 Paris 8<br \/>\n-Pratique de terrain : Observation, L2-L3, UFR Histoire, Litt\u00e9rature, Sociologie (39h)<br \/>\n-Pr\u00e9paration en sociologie \u00e0 l\u2019\u00e9preuve \u00e9crite du concours du CAPES SES, Pr\u00e9pa CAPES, Universit\u00e9 Paris 8 (30 h)<br \/>\n\u20222008-2009 &#8211; Charg\u00e9e de cours, Universit\u00e9 Paris 8<br \/>\n-Pratique du terrain : Questionnaire, L1-L2 et L2-L3, UFR Histoire, Litt\u00e9rature, Sociologie (2x39h)<br \/>\n-Statistiques 2, L2-L3, UFR Histoire, Litt\u00e9rature, Sociologie (39 h)<\/p>\n","protected":false},"excerpt":{"rendered":"<p>Allocataire de recherche. Monitrice Contact : marie.mathieu@csu.cnrs.fr &#8211; page sur le site du CSU Doctorante en sociologie en cotutelle franco-qu\u00e9b\u00e9coise co-dirig\u00e9e par Mich\u00e8le Ferrand Sociologue, Directrice de recherche au CSU-CRESPPA, CNRS\/Universit\u00e9 Paris 8 et Francine Descarries, Professeure de sociologie, Coordinatrice de la recherche, \u00e0 l\u2019IREF- UQ\u00c0M (Institut de recherches et d&rsquo;\u00e9tudes f\u00e9ministes- Universit\u00e9 du Qu\u00e9bec&hellip;<\/p>\n","protected":false},"author":1,"featured_media":0,"parent":102,"menu_order":0,"comment_status":"closed","ping_status":"closed","template":"","meta":{"footnotes":""},"class_list":["post-490","page","type-page","status-publish","hentry","description-off"],"_links":{"self":[{"href":"https:\/\/sociologie.univ-paris8.fr\/index.php?rest_route=\/wp\/v2\/pages\/490","targetHints":{"allow":["GET"]}}],"collection":[{"href":"https:\/\/sociologie.univ-paris8.fr\/index.php?rest_route=\/wp\/v2\/pages"}],"about":[{"href":"https:\/\/sociologie.univ-paris8.fr\/index.php?rest_route=\/wp\/v2\/types\/page"}],"author":[{"embeddable":true,"href":"https:\/\/sociologie.univ-paris8.fr\/index.php?rest_route=\/wp\/v2\/users\/1"}],"replies":[{"embeddable":true,"href":"https:\/\/sociologie.univ-paris8.fr\/index.php?rest_route=%2Fwp%2Fv2%2Fcomments&post=490"}],"version-history":[{"count":6,"href":"https:\/\/sociologie.univ-paris8.fr\/index.php?rest_route=\/wp\/v2\/pages\/490\/revisions"}],"predecessor-version":[{"id":5558,"href":"https:\/\/sociologie.univ-paris8.fr\/index.php?rest_route=\/wp\/v2\/pages\/490\/revisions\/5558"}],"up":[{"embeddable":true,"href":"https:\/\/sociologie.univ-paris8.fr\/index.php?rest_route=\/wp\/v2\/pages\/102"}],"wp:attachment":[{"href":"https:\/\/sociologie.univ-paris8.fr\/index.php?rest_route=%2Fwp%2Fv2%2Fmedia&parent=490"}],"curies":[{"name":"wp","href":"https:\/\/api.w.org\/{rel}","templated":true}]}}