{"id":47,"date":"2005-05-27T12:55:25","date_gmt":"2005-05-27T10:55:25","guid":{"rendered":"?page_id=47"},"modified":"2007-01-15T18:20:11","modified_gmt":"2007-01-15T16:20:11","slug":"merllie","status":"publish","type":"page","link":"https:\/\/sociologie.univ-paris8.fr\/?page_id=47","title":{"rendered":"Merlli\u00e9 Dominique"},"content":{"rendered":"<h3>Professeur \u00c3\u00a9m\u00c3\u00a9rite<\/h3>\n<p>Recherches  sur la mobilit\u00c3\u00a9 sociale et l&rsquo;histoire et les m\u00c3\u00a9thodes de son \u00c3\u00a9tude sociologique; sur la construction et les usages des cat\u00c3\u00a9gories statistiques; sur l&rsquo;histoire des sciences sociales (et notamment sur Lucien L\u00c3\u00a9vy-Bruhl). <a href=\"http:\/\/www.ehess.fr\/centres\/cse\/\">Centre de sociologie europ\u00c3\u00a9enne<\/a> (EHESS et CNRS).<\/p>\n<h3>Publications entre 1994 et 2004.<\/h3>\n<p>40. Les enqu\u00c3\u00aates de mobilit\u00c3\u00a9 sociale, Paris, PUF (coll. \u00e2??Le sociologue\u00e2??), novembre 1994, 254 p.<br \/>\n41. Les travaux empiriques sur la mobilit\u00c3\u00a9 sociale avant la premi\u00c3\u00a8re guerre mondiale, Revue fran\u00c3\u00a7aise de sociologie, XXXVI, n\u00c2\u00b0 1, janvier-mars 1995, p. 5-31.<br \/>\n42. La mobilit\u00c3\u00a9 sociale, chapitre XIII de Pascal Combemale, Jean-Paul Piriou (dir.), Nouveau manuel de sciences \u00c3\u00a9conomiques et sociales, Paris, La D\u00c3\u00a9couverte, 1995, p. 351-368.<br \/>\n43. Les nouvelles tendances de la mobilit\u00c3\u00a9 sociale, in Serge Cordelier (\u00c3\u00a9dit.), L&rsquo;\u00c3\u00a9tat de la France 1996-1997, Paris, La D\u00c3\u00a9couverte, 1996, p. 157-162 (repris dans les \u00c3\u00a9ditions ult\u00c3\u00a9rieures).<br \/>\n44. Alphonse Darlu, in Jacques Julliard et Michel Winock (dir.), Dictionnaire des intellectuels fran\u00c3\u00a7ais. Les personnes, les lieux, les moments, Paris, Ed. du Seuil, 1996, p. 335-336 (nouvelle \u00c3\u00a9d., 2002,  p. 397-398).<br \/>\n45. La construction statistique, in : P. Champagne, R. Lenoir, D. Merlli\u00c3\u00a9, L. Pinto, Initiation \u00c3\u00a0 la pratique sociologique, \u00c3\u00a9d. mise \u00c3\u00a0 jour, Paris, Dunod, 1996, chapitre 3, p. 101-163 [Trad. br\u00c3\u00a9silienne, Editora Vozes, 1998].<br \/>\n46. Durkheim, Taine, Bourget, Durkheimian studies\/Etudes durkheimiennes, n.s., vol. 2, 1996,       p. 31-32.<br \/>\n47. Compte rendu de W. Watts Miller, Durkheim, morals and modernity, Durkheimian studies\/Etudes durkheimiennes, n.s., vol. 2, 1996, p. 152-155.<br \/>\n48. (coll. Laurence Proteau et Charles Souli\u00c3\u00a9), De la profession du responsable \u00c3\u00a0 l&rsquo;origine sociale des \u00c3\u00a9l\u00c3\u00a8ves. Etude m\u00c3\u00a9thodologique, Paris, MSH\/CSEC, mai 1997 (rapport final de convention d&rsquo;\u00c3\u00a9tude avec le Minist\u00c3\u00a8re de l&rsquo;\u00c3\u00a9ducation nationale).<br \/>\n49. (Coll. Jean Pr\u00c3\u00a9vot) La mobilit\u00c3\u00a9 sociale, Paris, La D\u00c3\u00a9couverte (coll. \u00e2??Rep\u00c3\u00a8res\u00e2??), nouvelle \u00c3\u00a9dition mise \u00c3\u00a0 jour, 1997, 128 p.<br \/>\n50. Did Lucien L\u00c3\u00a9vy-Bruhl answer the objections made in Les Formes \u00c3\u00a9l\u00c3\u00a9mentaires ? in N.J. Allen, W.S.F. Pickering, W. Watts Miller (eds), On Durkheim&rsquo;s The Elementary Forms of Religious Life, Londres-New York, Routledge, 1998, p. 29-38.<br \/>\n51. Cat\u00c3\u00a9gories sociales ou parcours individuels ?, in Dani\u00c3\u00a8le Guillemot (\u00c3\u00a9d.), Actes du colloque \u00e2??L&rsquo;information \u00c3\u00a9conomique et sociale aujourd&rsquo;hui\u00e2?? (14 f\u00c3\u00a9vrier 1996), Paris, CGT et CFDT INSEE, octobre 1998, p. 11-15.<br \/>\n52. Une soci\u00c3\u00a9t\u00c3\u00a9 mobile ? in Pascal Combemale et Jean-Paul Piriou (dir.), Nouveau manuel. Sciences \u00c3\u00a9conomiques et sociales, nouvelle \u00c3\u00a9d., Paris, La D\u00c3\u00a9couverte, 1999, p. 365-377.<br \/>\n53. Mobilit\u00c3\u00a9 sociale, in \u00e2?? La soci\u00c3\u00a9t\u00c3\u00a9 fran\u00c3\u00a7aise contemporaine \u00e2??, Les cahiers fran\u00c3\u00a7ais, n\u00c2\u00b0 291, mai-juin 1999, p. 53-59.<br \/>\n54. (coll. Alexis Spire) La question des origines dans les statistiques en France. Les enjeux d&rsquo;une controverse, Le Mouvement social, n\u00c2\u00b0 188, juillet-septembre 1999, p. 119-130.<br \/>\n55. Articles \u00e2?? Cat\u00c3\u00a9gories socioprofessionnelles \u00e2??, \u00e2?? Classement \u00e2??, \u00e2?? Code, codification \u00e2??, \u00e2?? Nomenclature \u00e2??, in Andr\u00c3\u00a9 Akoun et Pierre Ansart (dir.), Dictionnaire de sociologie, Paris, Le Robert-Seuil, 1999, p. 64-65, 82, 84-85, 364.<\/p>\n<p>56. Compte rendu de \u00e2?? Le Centenaire de l&rsquo;Ann\u00c3\u00a9e sociologique \u00e2?? (num\u00c3\u00a9ro sp\u00c3\u00a9cial de l&rsquo;Ann\u00c3\u00a9e sociologique), Durkheimian studies\/Etudes durkheimiennes, vol. 5, 1999, p. 98-100.<br \/>\n57. L&rsquo;apport des enqu\u00c3\u00aates de mobilit\u00c3\u00a9 sociale \u00c3\u00a0 l&rsquo;analyse des in\u00c3\u00a9galit\u00c3\u00a9s sociales, in Christine Daniel et Christine Le Clainche (\u00c3\u00a9d.), D\u00c3\u00a9finir les in\u00c3\u00a9galit\u00c3\u00a9s. Des principes de justice \u00c3\u00a0 leur repr\u00c3\u00a9sentation sociale, Paris, Minist\u00c3\u00a8re de l&#8217;emploi et de la solidarit\u00c3\u00a9 (Mission recherche-DREES, coll. MiRe), 2000, p. 120-126.<br \/>\n58. La confrontation de deux sources d&rsquo;information sur la cat\u00e9gorie socioprofessionnelle des parents d&rsquo;\u00e9l\u00e8ves, Population, LV, n\u00b0 1, janvier-f\u00e9vrier 2000, p. 181-188.<br \/>\n59. Quelques enjeux des analyses des in\u00e9galit\u00e9s scolaires, in Christine Daniel et Christine Le Clainche (\u00e9d.), Mesurer les in\u00e9galit\u00e9s. De la constructuion des indicateurs aux d\u00e9bats sur les interpr\u00e9tations, Paris, Minist\u00e8re de l&#8217;emploi et de la solidarit\u00e9 (Mission recherche-DREES, coll. MiRe), 2000, p. 101-108.<br \/>\n60. Quelques questions sociologiques soulev\u00e9es par l\u2019\u00e9tude de la mobilit\u00e9 sociale des cheminots, in Origines sociales et g\u00e9ographiques des cheminots fran\u00e7ais (Actes d\u2019une rencontre de l\u2019AHICF et du Centre d\u2019histoire sociale du XXe si\u00e8cle de Paris 1), Revue d\u2019histoire des chemins de fer, n\u00b0 22, printemps 2000, p. 301-311.<br \/>\n61. La mobilit\u00e9 sociale diff\u00e8re-t-elle selon le sexe ?, in Thierry Bl\u00f6ss (\u00e9d.), La dialectique des rapports hommes-femmes, Paris, PUF, 2001, p. 151-173 (2e \u00e9d., 2002).<\/p>\n<p>62. Revue critique d\u2019ouvrages sur le centenaire du Suicide de Durkheim, in Durkheimian studies\/ Etudes durkheimiennes, vol. 7, 2001, p. 105-111.<br \/>\n63. Mobilit\u00e9 sociale. Grandes tendances, in L\u2019\u00e9tat de la France 2002, Paris, La D\u00e9couverte, 2002, p. 137-142.<br \/>\n64. L\u00e9vy-Bruhl et la philosophie morale, Durkheimian studies\/ Etudes durkheimiennes, vol. 8, 2002, p. 71-93.<br \/>\n65.  La mobilit\u00e9 sociale,  in Pascal Combemale et Jean-Paul Piriou (dir.), Nouveau manuel. Sciences \u00e9conomiques et sociales, 3e \u00e9d., Paris, La D\u00e9couverte, 2003, p. 222-232, 240-242 et 245-246.<br \/>\n66. Pistes de recherche pour une sociologie des statistiques du suicide. Note sur \u00ab Anti- ou ant\u00e9-durkheimisme \u00bb, Revue europ\u00e9enne des sciences sociales, XLII, 2004, p. 249-259.<br \/>\n67. L\u2019enqu\u00eate autour de 1900. La non-participation des sociologues durkheimiens \u00e0 une mode intellectuelle, Mil Neuf Cent, n\u00b0 22, 2004, p. 133-154.<br \/>\n68. La sociologie de la morale est-elle soluble dans la philosophie ? La r\u00e9ception de La morale et la science des moeurs, Revue fran\u00e7aise de sociologie, XLV, n\u00b0 3, p. 415-440.<br \/>\n69. Quelle mobilit\u00e9 sociale au-del\u00e0 des transformations de la structure sociale ? in Fabienne Berton et al. (\u00e9d.),  Initiative individuelle et formation, Paris, L\u2019Harmattan, 2004 (\u00ab Cahiers du GRIOT), p. 165-174.<br \/>\n70. La querelle de la \u00ab science des m\u0153urs \u00bb, in Johan Heilbron, Remi Lenoir, Gis\u00e8le Sapiro et Pascale Pergamin (dir.), Pour une histoire des sciences sociales. Hommage \u00e0 Pierre Bourdieu, Paris, Fayard, 2004, p. 47-58.<br \/>\n71. Mobilit\u00e9 sociale, in Notions, Paris, Encyclopaedia Universalis, 2004, p. 658-660.<br \/>\n72. Bourdieu, Pierre, in Sylvie Mesure et Patrick Savidan (dir.), Dictionnaire des sciences humaines, Paris, PUF, 2006, p. 104-105.<br \/>\n73. Introduction, notes et \u00e9ditions de Peter L. Berger, Invitation \u00e0 la sociologie, Paris, La D\u00e9couverte, 2006 (\u00ab Classiques. Grand rep\u00e8res \u00bb).<br \/>\n74. Comment confronter mobilit\u00e9 \u00ab subjective \u00bb et mobilit\u00e9 \u00ab objective \u00bb ?, Sociologie du travail, XLVIII, n\u00b0 4, octobre-d\u00e9cembre 2006, p. 474-486.<br \/><\/p>\n","protected":false},"excerpt":{"rendered":"<p>Professeur \u00c3\u00a9m\u00c3\u00a9rite Recherches sur la mobilit\u00c3\u00a9 sociale et l&rsquo;histoire et les m\u00c3\u00a9thodes de son \u00c3\u00a9tude sociologique; sur la construction et les usages des cat\u00c3\u00a9gories statistiques; sur l&rsquo;histoire des sciences sociales (et notamment sur Lucien L\u00c3\u00a9vy-Bruhl). Centre de sociologie europ\u00c3\u00a9enne (EHESS et CNRS). Publications entre 1994 et 2004. 40. Les enqu\u00c3\u00aates de mobilit\u00c3\u00a9 sociale, Paris, PUF&hellip;<\/p>\n","protected":false},"author":1,"featured_media":0,"parent":102,"menu_order":0,"comment_status":"closed","ping_status":"closed","template":"","meta":{"footnotes":""},"class_list":["post-47","page","type-page","status-publish","hentry","description-off"],"_links":{"self":[{"href":"https:\/\/sociologie.univ-paris8.fr\/index.php?rest_route=\/wp\/v2\/pages\/47","targetHints":{"allow":["GET"]}}],"collection":[{"href":"https:\/\/sociologie.univ-paris8.fr\/index.php?rest_route=\/wp\/v2\/pages"}],"about":[{"href":"https:\/\/sociologie.univ-paris8.fr\/index.php?rest_route=\/wp\/v2\/types\/page"}],"author":[{"embeddable":true,"href":"https:\/\/sociologie.univ-paris8.fr\/index.php?rest_route=\/wp\/v2\/users\/1"}],"replies":[{"embeddable":true,"href":"https:\/\/sociologie.univ-paris8.fr\/index.php?rest_route=%2Fwp%2Fv2%2Fcomments&post=47"}],"version-history":[{"count":0,"href":"https:\/\/sociologie.univ-paris8.fr\/index.php?rest_route=\/wp\/v2\/pages\/47\/revisions"}],"up":[{"embeddable":true,"href":"https:\/\/sociologie.univ-paris8.fr\/index.php?rest_route=\/wp\/v2\/pages\/102"}],"wp:attachment":[{"href":"https:\/\/sociologie.univ-paris8.fr\/index.php?rest_route=%2Fwp%2Fv2%2Fmedia&parent=47"}],"curies":[{"name":"wp","href":"https:\/\/api.w.org\/{rel}","templated":true}]}}