{"id":44,"date":"2005-05-27T10:27:18","date_gmt":"2005-05-27T08:27:18","guid":{"rendered":"?page_id=44"},"modified":"2005-12-11T14:13:24","modified_gmt":"2005-12-11T12:13:24","slug":"histoire","status":"publish","type":"page","link":"https:\/\/sociologie.univ-paris8.fr\/?page_id=44","title":{"rendered":"Histoire"},"content":{"rendered":"<p>Quelques \u00e9l\u00e9ments sur l&rsquo;histoire du d\u00e9partement de sociologie sont pr\u00e9sent\u00e9s sur cette page :<\/p>\n","protected":false},"excerpt":{"rendered":"<p>Quelques \u00e9l\u00e9ments sur l&rsquo;histoire du d\u00e9partement de sociologie sont pr\u00e9sent\u00e9s sur cette page :<\/p>\n","protected":false},"author":1,"featured_media":0,"parent":0,"menu_order":0,"comment_status":"closed","ping_status":"closed","template":"enseignants.php","meta":{"footnotes":""},"class_list":["post-44","page","type-page","status-publish","hentry","description-off"],"_links":{"self":[{"href":"https:\/\/sociologie.univ-paris8.fr\/index.php?rest_route=\/wp\/v2\/pages\/44","targetHints":{"allow":["GET"]}}],"collection":[{"href":"https:\/\/sociologie.univ-paris8.fr\/index.php?rest_route=\/wp\/v2\/pages"}],"about":[{"href":"https:\/\/sociologie.univ-paris8.fr\/index.php?rest_route=\/wp\/v2\/types\/page"}],"author":[{"embeddable":true,"href":"https:\/\/sociologie.univ-paris8.fr\/index.php?rest_route=\/wp\/v2\/users\/1"}],"replies":[{"embeddable":true,"href":"https:\/\/sociologie.univ-paris8.fr\/index.php?rest_route=%2Fwp%2Fv2%2Fcomments&post=44"}],"version-history":[{"count":0,"href":"https:\/\/sociologie.univ-paris8.fr\/index.php?rest_route=\/wp\/v2\/pages\/44\/revisions"}],"wp:attachment":[{"href":"https:\/\/sociologie.univ-paris8.fr\/index.php?rest_route=%2Fwp%2Fv2%2Fmedia&parent=44"}],"curies":[{"name":"wp","href":"https:\/\/api.w.org\/{rel}","templated":true}]}}