{"id":43,"date":"2010-05-27T10:26:53","date_gmt":"2010-05-27T08:26:53","guid":{"rendered":"?page_id=43"},"modified":"2026-02-26T11:39:54","modified_gmt":"2026-02-26T09:39:54","slug":"master","status":"publish","type":"page","link":"https:\/\/sociologie.univ-paris8.fr\/?page_id=43","title":{"rendered":"Master de sciences sociales <br> (Sociologie et Anthropologie)"},"content":{"rendered":"\r\n<h3 class=\"wp-block-heading\"><strong>Contacts<\/strong><\/h3>\r\n\r\n\r\n\r\n<p>Secr\u00e9tariat du master Corinne Charron : corinn<!-- commentaire -->e.charron@univ-paris8.fr<br \/>Coresponsables du Master et du M1 : Catherine Comet et Emma Gobin<br \/>Responsable du M2 Anthropologie de la Mondialisation (AMO) Emma Gobin : em<!-- commentaire -->ma.gobin@univ-paris8.fr<br \/>Responsable du M2 Mondes Urbains et In\u00e9galit\u00e9s (MUI) Catherine Comet : c<!-- commentaire -->atherine.comet@univ-paris8.fr<\/p>\r\n\r\n\r\n\r\n<p>Le D\u00e9partement de sociologie et d\u2019anthropologie de l\u2019Universit\u00e9 Paris 8 propose un<strong> Master de sciences sociales<\/strong>.<\/p>\r\n\r\n\r\n\r\n<p>&nbsp;<\/p>\r\n<p><strong><a href=\"https:\/\/sociologie.univ-paris8.fr\/wp-content\/uploads\/2025\/10\/MasterBrochure25_26-V2.pdf\" target=\"_blank\" rel=\"noreferrer noopener\">T\u00e9l\u00e9chargez la brochure de pr\u00e9sentation du Master de sciences sociales<\/a>\u00a0: cette brochure pr\u00e9sente les informations g\u00e9n\u00e9rales et les modalit\u00e9s de contr\u00f4le des connaissances et des comp\u00e9tences relatives au Master de sciences sociales pour l\u2019ann\u00e9e 2025-2026<\/strong>.<\/p>\r\n<p>&nbsp;<\/p>\r\n<p>&nbsp;<\/p>\r\n\r\n\r\n<hr class=\"wp-block-separator has-css-opacity\" \/>\r\n\r\n\r\n<h3 class=\"wp-block-heading\"><strong>Tout savoir sur le master<\/strong><\/h3>\r\n\r\n\r\n\r\n<ul class=\"wp-block-list\">\r\n<li><strong><a href=\"#presentation\" data-type=\"internal\" data-id=\"#presentation\">Pr\u00e9sentation du master<\/a><\/strong><\/li>\r\n\r\n\r\n\r\n<li><a href=\"#deuxieme-semestre\"><strong>Calendrier des cours et des cong\u00e9s, emplois du temps<\/strong><\/a><\/li>\r\n\r\n\r\n\r\n<li><strong><a href=\"#candidatures\" data-type=\"internal\" data-id=\"#candidatures\">Candidatures pour l&rsquo;ann\u00e9e 2026-2027<\/a><\/strong><\/li>\r\n<\/ul>\r\n<p>&nbsp;<\/p>\r\n\r\n\r\n<hr class=\"wp-block-separator has-css-opacity\" \/>\r\n\r\n\r\n<h3 id=\"presentation\" class=\"wp-block-heading\">\u00a0<\/h3>\r\n\r\n\r\n\r\n<h3 id=\"presentation\" class=\"wp-block-heading\"><strong>Pr\u00e9sentation du master<\/strong><\/h3>\r\n\r\n\r\n\r\n<p>Ce master g\u00e9n\u00e9raliste vise la consolidation des concepts, m\u00e9thodes et techniques de la recherche en sciences sociales dans une double optique : d\u2019apprentissage de la recherche et dans une d\u00e9marche professionnelle. Il s\u2019adresse \u00e0 des \u00e9tudiant\u00b7es d\u00e9sireux\u00b7ses d\u2019acqu\u00e9rir de solides comp\u00e9tences sur le plan th\u00e9orique et m\u00e9thodologique en sociologie et en anthropologie, afin de s\u2019engager ensuite vers les m\u00e9tiers de l\u2019\u00e9tude, de la recherche et\/ou de l\u2019enseignement.<\/p>\r\n\r\n\r\n\r\n<p>Ce Master propose un parcours progressif avec un enseignement commun en M1 mettant l\u2019accent sur la formation \u00e0 l\u2019enqu\u00eate, \u00e0 travers notamment la r\u00e9alisation d&rsquo;une enqu\u00eate collective dont est issue chaque ann\u00e9e une publication collective dans les \u00ab\u00a0Carnets de de terrain du d\u00e9partement\u00a0\u00bb que vous pouvez <a href=\"https:\/\/sociologie.univ-paris8.fr\/?page_id=9926\" target=\"_blank\" rel=\"noreferrer noopener\">consulter ici<\/a>.<\/p>\r\n\r\n\r\n\r\n<p>&nbsp;<\/p>\r\n<p>&nbsp;<\/p>\r\n<p>&nbsp;<\/p>\r\n<p>&nbsp;<\/p>\r\n<p>Le Master s\u2019ouvre ensuite sur deux parcours en M2 : <strong>Mondes urbains, travail, in\u00e9galit\u00e9s : Approches Sociologiques <\/strong> (MUTIAS) et <strong>Mondialisations, environnements, circulations\u00a0: Approches Anthropologiques<\/strong> (MECAA).<\/p>\r\n<p>&nbsp;<\/p>\r\n\r\n\r\n\r\n<p><strong>Descriptif des 2 parcours :<\/strong><\/p>\r\n\r\n\r\n\r\n<blockquote class=\"wp-block-quote is-layout-flow wp-block-quote-is-layout-flow\">\r\n<p><strong>&#8211; Mondes urbains, travail, in\u00e9galit\u00e9s : Approches Sociologiques <\/strong><\/p>\r\n<\/blockquote>\r\n\r\n\r\n\r\n<p>Le parcours MUTIAS accorde une place centrale au travail empirique et r\u00e9flexif dans l\u2019\u00e9laboration des donn\u00e9es et des analyses, qu\u2019il s\u2019agisse d\u2019enqu\u00eate de terrain, de m\u00e9thodes quantitatives ou de travail sur archives.\u00a0<\/p>\r\n\r\n\r\n\r\n<p>Ce parcours offre une formation g\u00e9n\u00e9raliste en sociologie mais plusieurs th\u00e9matiques sont privil\u00e9gi\u00e9es : sociologie des <strong>in\u00e9galit\u00e9s sociales<\/strong> et des rapports sociaux (de classe, de genre, et ethnoraciales), <strong>sociologie urbaine, sociologie du travail<\/strong> et de l\u2019emploi, sociologie des mobilisations, sociologie des migrations, entre autres.<\/p>\r\n<p>L\u2019accent est mis sur les transformations contemporaines des formes d\u2019emploi et d\u2019organisation du travail, ainsi que sur leurs effets en mati\u00e8re de pr\u00e9carisation. Elle aborde \u00e9galement les in\u00e9galit\u00e9s sociales, en les articulant aux enjeux d\u00e9mocratiques et participatifs. Ces th\u00e9matiques sont compl\u00e9t\u00e9es par un enseignement en anthropologie de l\u2019environnement et de la transition \u00e9cologique. Les acquis du M1 sont consolid\u00e9s par une formation \u00e0 l\u2019<strong>analyse de donn\u00e9es, <\/strong>qui porte sur les techniques de collecte et de traitement des donn\u00e9es num\u00e9riques, ainsi que les enjeux \u00e9thiques et juridiques associ\u00e9s.<\/p>\r\n<p>L\u2019expertise sur les mondes du travail et les mondes urbains est mise \u00e0 l\u2019\u00e9preuve au cours d\u2019un <strong>stage<\/strong> professionnel obligatoire. Si les terrains de recherche explor\u00e9s par les \u00e9tudiant\u00b7es sont tr\u00e8s vari\u00e9s (en France et \u00e0 l\u2019\u00e9tranger), ces th\u00e9matiques sont en partie li\u00e9es \u00e0 l\u2019ancrage de l\u2019Universit\u00e9 Paris 8 dans la Seine-Saint-Denis et \u00e0 Saint-Denis et des partenariats existent avec des institutions et associations locales pour les enqu\u00eates collectives ou la r\u00e9alisation de stages par les \u00e9tudiant\u00b7es.<\/p>\r\n\r\n\r\n\r\n<p>Ce parcours est adoss\u00e9 \u00e0 deux UMR CNRS, le CRESPPA et le LAVUE.<\/p>\r\n\r\n\r\n\r\n<blockquote class=\"wp-block-quote is-layout-flow wp-block-quote-is-layout-flow\">\r\n<p><strong>&#8211; Mondialisations, environnements, circulations\u00a0: Approches Anthropologiques :<\/strong><\/p>\r\n<\/blockquote>\r\n<p>Le parcours MECAA\u00a0permet aux \u00e9tudiant.es d\u2019approfondir les th\u00e9matiques, concepts et m\u00e9thodes les plus actuels de l\u2019anthropologie contemporaine \u00e0 partir de questionnements autour de la <strong>mondialisation<\/strong>, processus historique, \u00e9conomique et culturel de longue dur\u00e9e porteurs de nouveaux d\u00e9fis d\u2019analyse en termes d\u2019identit\u00e9 et d\u2019alt\u00e9rit\u00e9. Les \u00e9tudiant.es sont ainsi amen\u00e9s \u00e0 s\u2019interroger sur les enjeux, politiques, identitaires, culturels et environnementaux des soci\u00e9t\u00e9s post-coloniales et multiculturelles. Plusieurs th\u00e9matiques sont alors privil\u00e9gi\u00e9es\u00a0: d\u00e9veloppement, circulations culturelles, religieuses ou techniques, gestion des ressources environnementales, entre autres).<\/p>\r\n<p>Si les terrains d\u2019\u00e9tudes fran\u00e7ais sont repr\u00e9sent\u00e9s, ce parcours porte un projet international fort, en finalit\u00e9 recherche et professionnelle et les \u00e9tudiant.es sont incit\u00e9s \u00e0 cette \u00e9chelle, sous la forme d&rsquo;une enqu\u00eate ethnographique de terrain \u00e0 l\u2019\u00e9tranger ou de cadres d\u2019analyse permettant l\u2019int\u00e9gration de cette dimension. Le parcours est adoss\u00e9 \u00e0 l\u2019UMR LAVUE, et, en particulier \u00e0 sa composante \u00e0 Paris 8, l\u2019\u00e9quipe ALTER (Alt\u00e9rit\u00e9s et Territoires).<\/p>\r\n<p>&nbsp;<\/p>\r\n<p>&nbsp;<\/p>\r\n\r\n\r\n<hr class=\"wp-block-separator has-css-opacity\" \/>\r\n\r\n\r\n\r\n\r\n<p>&nbsp;<\/p>\r\n<p><strong>Masteuriales 2026<\/strong> (journ\u00e9es obligatoires) : 29 et 30 avril 2026\u00a0<\/p>\r\n\r\n\r\n<hr class=\"wp-block-separator has-css-opacity\" \/>\r\n\r\n\r\n<h3 class=\"wp-block-heading\">\u00a0<\/h3>\r\n<h3 id=\"candidatures\" class=\"wp-block-heading\"><strong>Candidatures pour l&rsquo;ann\u00e9e 2026-2027<\/strong><\/h3>\r\n\r\n\r\n\r\n<p><strong>Candidatures en M1<\/strong><\/p>\r\n\r\n\r\n\r\n<p>Les candidatures <strong>en M1 se font uniquement sur la plate forme \u00ab monmaster \u00bb entre le 17 f\u00e9vrier et le 16 mars 2026 <\/strong>\u00e0 l\u2019exception des candidatures passant par le site \u00c9tudes en France.<\/p>\r\n\r\n\r\n\r\n<p>Une <strong>session compl\u00e9mentaire<\/strong> aura lieu du 19 au 25 juin mais nous vous encourageons tr\u00e8s vivement \u00e0 candidater d\u00e8s la session principale.<\/p>\r\n\r\n\r\n\r\n<p>Vous pouvez consulter la page du Master ici :<a href=\"https:\/\/monmaster.gouv.fr\/formation\/0931827F\/1502556NHPN2\/detail\">https:\/\/monmaster.gouv.fr\/formation\/0931827F\/1502556NHPN2\/detail<\/a><\/p>\r\n\r\n\r\n\r\n<p>Et acc\u00e9der \u00e0 la brochure d\u00e9taill\u00e9e sur le site du d\u00e9partement de sociologie et d&rsquo;anthropologie : <a href=\"https:\/\/sociologie.univ-paris8.fr\/?page_id=43\">https:\/\/sociologie.univ-paris8.fr\/?page_id=43<\/a><\/p>\r\n\r\n\r\n\r\n<p>Vous pouvez \u00e9galement \u00e9crire \u00e0 l&rsquo;adresse ci dessous pour avoir des informations compl\u00e9mentaires :<\/p>\r\n\r\n\r\n\r\n<p><a href=\"mailto:mastersciencessociales@univ-paris8.fr\">mastersciencessociales@univ-paris8.fr<\/a><\/p>\r\n\r\n\r\n\r\n<p>&nbsp;<\/p>\r\n<p>&nbsp;<\/p>\r\n<p>&nbsp;<\/p>\r\n<p>&nbsp;<\/p>\r\n<p>&nbsp;<\/p>\r\n<p><strong>Attendus \u00e0 l\u2019entr\u00e9e du M1<\/strong><\/p>\r\n\r\n\r\n\r\n<ul class=\"wp-block-list\">\r\n<li>avoir une formation aux concepts et raisonnements des sciences sociales (prioritairement en Sociologie ou en Anthropologie\/Ethnologie ; secondairement en Science Politique, Histoire, G\u00e9ographie, \u00c9conomie, Sciences de l\u2019\u00e9ducation, \u00a0Philosophie, Information-Communication, AES)<\/li>\r\n\r\n\r\n\r\n<li>avoir une formation m\u00e9thodologique permettant de concevoir et de r\u00e9aliser une enqu\u00eate empirique en sciences sociales \u00a0dans les m\u00eames domaines que ceux de l\u2019attendu pr\u00e9c\u00e9dent<\/li>\r\n\r\n\r\n\r\n<li>avoir des qualit\u00e9s r\u00e9dactionnelles permettant de formuler une probl\u00e9matique et des hypoth\u00e8ses, de d\u00e9velopper en d\u00e9tail les \u00e9tapes d\u2019un raisonnement, de construire une analyse et de proposer des r\u00e9sultats<\/li>\r\n\r\n\r\n\r\n<li>avoir une capacit\u00e9 de lecture et de synth\u00e8se de textes de sciences sociales mais aussi de documents qui sera appr\u00e9ci\u00e9e \u00e0 travers la bibliographie du projet<\/li>\r\n<\/ul>\r\n\r\n\r\n\r\n<p>&nbsp;<\/p>\r\n<p>&nbsp;<\/p>\r\n<p>&nbsp;<\/p>\r\n<p>&nbsp;<\/p>\r\n<p>&nbsp;<\/p>\r\n<p><strong>L\u2019ad\u00e9quation de la candidature aux attendus sera appr\u00e9ci\u00e9e \u00e0 partir de plusieurs \u00e9l\u00e9ments :<\/strong><\/p>\r\n\r\n\r\n\r\n<ul class=\"wp-block-list\">\r\n<li>le contenu de la formation suivie auparavant et\u00a0 les r\u00e9sultats obtenus en licence<\/li>\r\n\r\n\r\n\r\n<li>l\u2019ad\u00e9quation du projet de recherche avec la formation et la qualit\u00e9 du projet de recherche<\/li>\r\n\r\n\r\n\r\n<li>les motifs justifiant du choix du master<\/li>\r\n<\/ul>\r\n\r\n\r\n\r\n<p>Cette appr\u00e9ciation est fond\u00e9e en premier lieu sur l\u2019examen du dossier comprenant :<\/p>\r\n\r\n\r\n\r\n<ul class=\"wp-block-list\">\r\n<li>les relev\u00e9s de notes de licence<\/li>\r\n\r\n\r\n\r\n<li>un projet de recherche pour le m\u00e9moire de 3 pages (pr\u00e9sentation du sujet, dispositif d\u2019enqu\u00eate envisag\u00e9 (terrains et m\u00e9thodes), questions de recherche, r\u00e9f\u00e9rences bibliographiques)<\/li>\r\n\r\n\r\n\r\n<li>une lettre de motivation expliquant de mani\u00e8re aussi pr\u00e9cise que possible les raisons de la candidature dans le Master de Sciences sociales au regard de votre parcours et de vos projets<\/li>\r\n\r\n\r\n\r\n<li>un CV<\/li>\r\n\r\n\r\n\r\n<li>pour les \u00e9tudiant\u00b7es form\u00e9\u00b7es \u00e0 l\u2019\u00e9tranger, une certification du niveau C1 en fran\u00e7ais (DELF niveau C1 ; TEF niveau 4) est demand\u00e9e.<\/li>\r\n<\/ul>\r\n\r\n\r\n\r\n<p>Si besoin, elle sera fond\u00e9e en second lieu sur un entretien.<\/p>\r\n\r\n\r\n\r\n<p>&nbsp;<\/p>\r\n<p>&nbsp;<\/p>\r\n<p>&nbsp;<\/p>\r\n<p>&nbsp;<\/p>\r\n<p>&nbsp;<\/p>\r\n<p><strong>Conseils pour la r\u00e9daction du projet de recherche pour candidater en Master 1 (3 pages)<\/strong><\/p>\r\n\r\n\r\n\r\n<p>Le projet de recherche soumis lors de votre candidature est une pi\u00e8ce centrale de votre dossier, avec votre lettre de motivation.<\/p>\r\n\r\n\r\n\r\n<p>Il est examin\u00e9 avec attention par l\u2019ensemble des membres du comit\u00e9 p\u00e9dagogique du Master.<\/p>\r\n\r\n\r\n\r\n<p>Nous vous invitons \u00e0 pr\u00e9senter de mani\u00e8re pr\u00e9cise :<\/p>\r\n\r\n\r\n\r\n<ul class=\"wp-block-list\">\r\n<li>Le th\u00e8me ou le terrain que vous souhaitez \u00e9tudier<\/li>\r\n\r\n\r\n\r\n<li>Les questions sociologiques et anthropologiques que vous souhaitez d\u00e9velopper en vous r\u00e9f\u00e9rant \u00e0 des travaux de sciences sociales sur les domaines concern\u00e9s ( ces r\u00e9f\u00e9rences seront cit\u00e9es dans le projet en bibliographie)<\/li>\r\n\r\n\r\n\r\n<li>L\u2019enqu\u00eate que vous envisagez de r\u00e9aliser et les m\u00e9thodes d\u2019enqu\u00eate que vous pensez mettre en \u0153uvre : s\u2019il s\u2019agit d\u2019une enqu\u00eate de terrain, quel est le terrain envisag\u00e9 et les modalit\u00e9s d\u2019enqu\u00eate ; s\u2019il s\u2019agit de d\u2019un corpus de documents ou d\u2019archives : comment pensez vous le constituer et l\u2019analyser ? ; des donn\u00e9es statistiques : quelles base de donn\u00e9es, quels traitements ? etc. Vous pouvez combiner plusieurs types de mat\u00e9riaux et m\u00e9thodes. A ce stade nous n\u2019attendons ni que vous ayez r\u00e9alis\u00e9 une enqu\u00eate, ni une analyse de donn\u00e9es, ni que vous maitrisiez l\u2019ensemble de la bibliographie, ni une probl\u00e9matique aboutie. Ce sera l\u2019enjeu du m\u00e9moire de Master 1.<\/li>\r\n<\/ul>\r\n\r\n\r\n\r\n<p>N\u2019h\u00e9sitez pas \u00e0 indiquer si ce choix de sujet s\u2019inscrit dans le prolongement d\u2019exp\u00e9riences ant\u00e9rieures dans votre parcours universitaire, professionnel ou personnel.<\/p>\r\n\r\n\r\n\r\n<p>&nbsp;<\/p>\r\n<p>&nbsp;<\/p>\r\n<p>&nbsp;<\/p>\r\n<p>&nbsp;<\/p>\r\n<p>&nbsp;<\/p>\r\n<p><strong>Candidature directe en M2 :<\/strong><\/p>\r\n\r\n\r\n\r\n<p>Les candidatures pour une admission directe en M2 se feront via l\u2019<strong>application e-candidat de Paris 8.<\/strong><\/p>\r\n\r\n\r\n\r\n<p>Il faut \u00eatre en possession d\u2019un M1 en sociologie ou en anthropologie (180 cr\u00e9dits) ou sur d\u00e9rogation accord\u00e9e par la commission p\u00e9dagogique, dans une autre discipline des sciences sociales ou un diplo?me consid\u00e9r\u00e9 comme \u00e9quivalent. La mention AB (12\/20 min) au M1 est exig\u00e9e.<\/p>\r\n\r\n\r\n\r\n<p>Composition du dossier :<\/p>\r\n\r\n\r\n\r\n<ul class=\"wp-block-list\">\r\n<li>relev\u00e9s de notes de la derni\u00e8re ann\u00e9e d\u2019\u00e9tudes<\/li>\r\n\r\n\r\n\r\n<li>une lettre de motivation revenant sur leur parcours et indiquant les raisons pour lesquelles ils souhaitent s\u2019inscrire dans ce Master<\/li>\r\n\r\n\r\n\r\n<li>un projet de recherche argument\u00e9 de 5 pages (\u00e9tat des lieux sur la question, probl\u00e9matique, dispositif m\u00e9thodologique, bibliographie)<\/li>\r\n\r\n\r\n\r\n<li>pour les \u00e9tudiant\u00b7es form\u00e9\u00b7es \u00e0 l\u2019\u00e9tranger, une certification du niveau C1 en fran\u00e7ais (DELF niveau C1 ; TEF niveau 4) est demand\u00e9e.<\/li>\r\n<\/ul>\r\n\r\n\r\n\r\n<p>&nbsp;<\/p>\r\n<p>&nbsp;<\/p>\r\n<p>&nbsp;<\/p>\r\n<p>&nbsp;<\/p>\r\n<p>&nbsp;<\/p>\r\n<p><strong>Conseils pour la r\u00e9daction du projet de recherche pour candidater en Master 2 (5 pages)<\/strong><\/p>\r\n\r\n\r\n\r\n<p>Le projet de recherche soumis lors de votre candidature est une pi\u00e8ce centrale de votre dossier, avec votre lettre de motivation.<\/p>\r\n\r\n\r\n\r\n<p>Il est examin\u00e9 avec attention par l\u2019ensemble des membres du comit\u00e9 p\u00e9dagogique du Master.<\/p>\r\n\r\n\r\n\r\n<p>Nous vous invitons \u00e0 pr\u00e9senter de mani\u00e8re pr\u00e9cise :<\/p>\r\n\r\n\r\n\r\n<ul class=\"wp-block-list\">\r\n<li>Le th\u00e8me ou le terrain que vous souhaitez \u00e9tudier<\/li>\r\n\r\n\r\n\r\n<li>Les questions sociologiques et anthropologiques que vous souhaitez d\u00e9velopper en vous r\u00e9f\u00e9rant \u00e0 des travaux de sciences sociales sur les domaines concern\u00e9s ( ces r\u00e9f\u00e9rences seront cit\u00e9es dans le projet en bibliographie)<\/li>\r\n\r\n\r\n\r\n<li>L\u2019enqu\u00eate que vous envisagez de r\u00e9aliser et les m\u00e9thodes d\u2019enqu\u00eate que vous pensez mettre en \u0153uvre : s\u2019il s\u2019agit d\u2019une enqu\u00eate de terrain, quel est le terrain envisag\u00e9 et les modalit\u00e9s d\u2019enqu\u00eate ; s\u2019il s\u2019agit de d\u2019un corpus de documents ou d\u2019archives : comment pensez vous le constituer et l\u2019analyser ? ; des donn\u00e9es statistiques : quelles base de donn\u00e9es, quels traitements ? etc. Vous pouvez combiner plusieurs types de mat\u00e9riaux et m\u00e9thodes. A ce stade nous n\u2019attendons ni que vous ayez r\u00e9alis\u00e9 une enqu\u00eate, ni une analyse de donn\u00e9es, ni que vous maitrisiez l\u2019ensemble de la bibliographie, ni une probl\u00e9matique aboutie. Ce sera l\u2019enjeu du m\u00e9moire de Master 1.<\/li>\r\n<\/ul>\r\n\r\n\r\n\r\n<p>N\u2019h\u00e9sitez pas \u00e0 indiquer si ce choix de sujet s\u2019inscrit dans le prolongement d\u2019exp\u00e9riences ant\u00e9rieures dans votre parcours universitaire, professionnel ou personnel.<\/p>\r\n","protected":false},"excerpt":{"rendered":"<p>Contacts Secr\u00e9tariat du master Corinne Charron : corinne.charron@univ-paris8.frCoresponsables du Master et du M1 : Catherine Comet et Emma GobinResponsable du M2 Anthropologie de la Mondialisation (AMO) Emma Gobin : emma.gobin@univ-paris8.frResponsable du M2 Mondes Urbains et In\u00e9galit\u00e9s (MUI) Catherine Comet : catherine.comet@univ-paris8.fr Le D\u00e9partement de sociologie et d\u2019anthropologie de l\u2019Universit\u00e9 Paris 8 propose un Master de&hellip;<\/p>\n","protected":false},"author":1,"featured_media":0,"parent":7,"menu_order":0,"comment_status":"closed","ping_status":"closed","template":"","meta":{"footnotes":""},"class_list":["post-43","page","type-page","status-publish","hentry","description-off"],"_links":{"self":[{"href":"https:\/\/sociologie.univ-paris8.fr\/index.php?rest_route=\/wp\/v2\/pages\/43","targetHints":{"allow":["GET"]}}],"collection":[{"href":"https:\/\/sociologie.univ-paris8.fr\/index.php?rest_route=\/wp\/v2\/pages"}],"about":[{"href":"https:\/\/sociologie.univ-paris8.fr\/index.php?rest_route=\/wp\/v2\/types\/page"}],"author":[{"embeddable":true,"href":"https:\/\/sociologie.univ-paris8.fr\/index.php?rest_route=\/wp\/v2\/users\/1"}],"replies":[{"embeddable":true,"href":"https:\/\/sociologie.univ-paris8.fr\/index.php?rest_route=%2Fwp%2Fv2%2Fcomments&post=43"}],"version-history":[{"count":130,"href":"https:\/\/sociologie.univ-paris8.fr\/index.php?rest_route=\/wp\/v2\/pages\/43\/revisions"}],"predecessor-version":[{"id":11964,"href":"https:\/\/sociologie.univ-paris8.fr\/index.php?rest_route=\/wp\/v2\/pages\/43\/revisions\/11964"}],"up":[{"embeddable":true,"href":"https:\/\/sociologie.univ-paris8.fr\/index.php?rest_route=\/wp\/v2\/pages\/7"}],"wp:attachment":[{"href":"https:\/\/sociologie.univ-paris8.fr\/index.php?rest_route=%2Fwp%2Fv2%2Fmedia&parent=43"}],"curies":[{"name":"wp","href":"https:\/\/api.w.org\/{rel}","templated":true}]}}