{"id":42,"date":"2010-05-29T10:26:30","date_gmt":"2010-05-29T08:26:30","guid":{"rendered":"?page_id=42"},"modified":"2026-02-02T19:37:35","modified_gmt":"2026-02-02T17:37:35","slug":"licence","status":"publish","type":"page","link":"https:\/\/sociologie.univ-paris8.fr\/?page_id=42","title":{"rendered":"Licence de sociologie"},"content":{"rendered":"\n<p>La licence de sociologie de l&rsquo;universit\u00e9 Paris 8 a pour objectif p\u00e9dagogique d\u2019articuler l\u2019apprentissage des <b>principaux concepts<\/b> de la discipline, leur rep\u00e9rage dans l\u2019<b>histoire de la pens\u00e9e<\/b> sociologique et leur mise en perspective dans quelques grands domaines de la sociologie avec une <b>formation m\u00e9thodologique<\/b> approfondie assurant l\u2019\u00e9quilibre entre les deux formes principales d\u2019enqu\u00eate (l\u2019enqu\u00eate par questionnaires et l\u2019<b>enqu\u00eate qualitative de terrain<\/b>).<\/p>\n\n\n\n<ul class=\"wp-block-list\">\n<li><a href=\"https:\/\/sociologie.univ-paris8.fr\/wp-content\/uploads\/2025\/09\/Brochure-Licence-Sociologie-2025_2026_8sept.pdf\" target=\"_blank\" rel=\"noreferrer noopener\">T\u00e9l\u00e9chargez la pr\u00e9sentation de la licence de sociologie<\/a> : cette brochure pr\u00e9sente les informations g\u00e9n\u00e9rales relatives \u00e0 la licence de sociologie pour l&rsquo;ann\u00e9e 2025-2026.<\/li>\n\n\n\n<li><a href=\"https:\/\/sociologie.univ-paris8.fr\/wp-content\/uploads\/2025\/09\/EDT-S1-Licence-Sociologie-2025_2026.pdf\" target=\"_blank\" rel=\"noreferrer noopener\">T\u00e9l\u00e9chargez les emplois du temps du premier semestre 2025-2026<\/a><\/li>\n\n\n\n<li><a href=\"https:\/\/sociologie.univ-paris8.fr\/wp-content\/uploads\/2026\/02\/2025-2026-Edt-S2-Actualise-Lundi-02-fevrier-2026.pdf\">T\u00e9l\u00e9chargez les emplois du temps du deuxi\u00e8me semestre 2025-2026<\/a><\/li>\n\n\n\n<li>T\u00e9l\u00e9chargez le descriptif des cours et les emplois du temps du <strong>deuxi\u00e8me semestre<\/strong> 2025-2026 <strong> (\u00e0 venir)<\/strong><\/li>\n\n\n\n<li>Toutes les informations sur l&rsquo;anthropologie se trouvent sur la page mineure et parcours anthropologie<\/li>\n\n\n\n<li>Pour les \u00e9tudiant\u00b7es externes au d\u00e9partement de sociologie uniquement : <a href=\"https:\/\/sociologie.univ-paris8.fr\/wp-content\/uploads\/2025\/09\/2025-2026-S1-EC-ouvertes-externes-Dpt-Socio-Anthropo.pdf\" target=\"_blank\" rel=\"noreferrer noopener\">t\u00e9l\u00e9chargez la liste EC ouvertes aux \u00e9tudiant\u00b7es externes pour le premier semestre<\/a><\/li>\n<\/ul>\n\n\n\n<p>&nbsp;<\/p>\n\n\n\n<h3 class=\"wp-block-heading\">Pr\u00e9paration aux m\u00e9tiers du social<\/h3>\n\n\n\n<p><\/p><p><\/p><p><\/p><p><\/p><p><\/p><p><a href=\"https:\/\/sociologie.univ-paris8.fr\/wp-content\/uploads\/2025\/09\/Flyer-La-Prepa-Metiers-du-social.pdf\" target=\"_blank\" rel=\"noreferrer noopener\">Toutes les informations sur la pr\u00e9pa \u00ab\u00a0M\u00e9tiers du social\u00a0\u00bb 2025-2026<\/a> en licence de sociologie.<\/p><br \/><p>&nbsp;<\/p>\n\n\n\n<p><\/p>\n\n\n\n<h3 class=\"wp-block-heading\">Organisation des cours<\/h3>\n\n\n\n<p>La licence de sociologie \u00e0 l&rsquo;universit\u00e9 Paris 8 permet des <b>parcours sp\u00e9cialis\u00e9s<\/b> notamment en anthropologie. Gr\u00e2ce \u00e0 l&rsquo;organisation p\u00e9dagogique du d\u00e9partement, <b>les cours de licence se d\u00e9roulent dans des classes r\u00e9duites<\/b> (de 15 \u00e0 40 \u00e9tudiants en g\u00e9n\u00e9ral) et non pas dans des \u00ab\u00a0amphis\u00a0\u00bb, ce qui permet le suivi des \u00e9tudiants.<\/p>\n\n\n\n<p>La licence de sociologie propose une <b>initiation th\u00e9orique<\/b> g\u00e9n\u00e9rale \u00e0 la sociologie articul\u00e9e sur une <b>solide formation \u00e0 l\u2019enqu\u00eate empirique<\/b>. Les enseignements dispens\u00e9s se proposent de fournir aux \u00e9tudiants les outils conceptuels et les techniques m\u00e9thodologiques de base leur permettant de d\u00e9crypter, analyser et mettre en perspective les principaux probl\u00e8mes sociaux auxquels sont confront\u00e9es les soci\u00e9t\u00e9s contemporaines. Ils visent \u00e0 encourager la r\u00e9flexion personnelle, l\u2019esprit critique et l\u2019autonomie dans le travail.<\/p>\n\n\n\n<p>Lucas Tranchant et Nad\u00e8ge Vezinat sont responsables de la licence de sociologie.<br \/>Le secr\u00e9tariat est assur\u00e9 par Jocelyne Dziura (jocelyne.dziura@univ-paris8.fr ; Bureau B-349 ; T\u00e9l. : 01 49 40 73 45) et Karline Adji (karline.adji02@univ-paris8.fr ; Bureau B-349 bis ; T\u00e9l. : 01 49 40 68 26).<\/p>\n\n\n\n<p>Adresse : D\u00e9partement de sociologie<br \/>Universit\u00e9 Paris 8<br \/>2 rue de la Libert\u00e9,<br \/>F-93526 Saint-Denis<\/p>\n","protected":false},"excerpt":{"rendered":"<p>La licence de sociologie de l&rsquo;universit\u00e9 Paris 8 a pour objectif p\u00e9dagogique d\u2019articuler l\u2019apprentissage des principaux concepts de la discipline, leur rep\u00e9rage dans l\u2019histoire de la pens\u00e9e sociologique et leur mise en perspective dans quelques grands domaines de la sociologie avec une formation m\u00e9thodologique approfondie assurant l\u2019\u00e9quilibre entre les deux formes principales d\u2019enqu\u00eate (l\u2019enqu\u00eate par&hellip;<\/p>\n","protected":false},"author":1,"featured_media":0,"parent":7,"menu_order":0,"comment_status":"closed","ping_status":"closed","template":"","meta":{"footnotes":""},"class_list":["post-42","page","type-page","status-publish","hentry","description-off"],"_links":{"self":[{"href":"https:\/\/sociologie.univ-paris8.fr\/index.php?rest_route=\/wp\/v2\/pages\/42","targetHints":{"allow":["GET"]}}],"collection":[{"href":"https:\/\/sociologie.univ-paris8.fr\/index.php?rest_route=\/wp\/v2\/pages"}],"about":[{"href":"https:\/\/sociologie.univ-paris8.fr\/index.php?rest_route=\/wp\/v2\/types\/page"}],"author":[{"embeddable":true,"href":"https:\/\/sociologie.univ-paris8.fr\/index.php?rest_route=\/wp\/v2\/users\/1"}],"replies":[{"embeddable":true,"href":"https:\/\/sociologie.univ-paris8.fr\/index.php?rest_route=%2Fwp%2Fv2%2Fcomments&post=42"}],"version-history":[{"count":167,"href":"https:\/\/sociologie.univ-paris8.fr\/index.php?rest_route=\/wp\/v2\/pages\/42\/revisions"}],"predecessor-version":[{"id":11951,"href":"https:\/\/sociologie.univ-paris8.fr\/index.php?rest_route=\/wp\/v2\/pages\/42\/revisions\/11951"}],"up":[{"embeddable":true,"href":"https:\/\/sociologie.univ-paris8.fr\/index.php?rest_route=\/wp\/v2\/pages\/7"}],"wp:attachment":[{"href":"https:\/\/sociologie.univ-paris8.fr\/index.php?rest_route=%2Fwp%2Fv2%2Fmedia&parent=42"}],"curies":[{"name":"wp","href":"https:\/\/api.w.org\/{rel}","templated":true}]}}