{"id":408,"date":"2008-02-06T15:22:23","date_gmt":"2008-02-06T13:22:23","guid":{"rendered":"?page_id=408"},"modified":"2011-09-20T18:31:24","modified_gmt":"2011-09-20T16:31:24","slug":"pohn-weidinger-axel","status":"publish","type":"page","link":"https:\/\/sociologie.univ-paris8.fr\/?page_id=408","title":{"rendered":"Pohn-Weidinger Axel"},"content":{"rendered":"<h3>Allocataire et moniteur<\/h3>\n<p><img src='wp-content\/uploads\/2008\/02\/pohn-weidinger.jpg' title='Axel Pohn-Weidinger' alt='Axel Pohn-Weidinger' class=\"alignright\"\/>Mes th\u00e8mes de recherche sont, grosso modo : sociologie du travail, r\u00e9cit de soi, \u00ab \u00e9critures ordinaires \u00bb, th\u00e9ories du social et de la soci\u00e9t\u00e9 \u00bb.<br \/>\nmail : axel.pohn-weidinger@gtm.cnrs.fr<br \/>\nPermanences: lundi 16 \u00e0 18 heures en \u00ab salle des enseignants \u00bb (B336)<\/p>\n<p>Cours enseign\u00e9s : au deuxi\u00e8me semestre 2007-2008 :<\/p>\n<ul>\n<li>Grands Courants 2 <a href='wp-content\/uploads\/2008\/02\/weidinger-interactionnisme-2008.pdf' title='Grand Courant Weidinger'>\u00ab La soci\u00e9t\u00e9 \u00e0 deux \u00bb : Introduction \u00e0 la sociologie de l\u2019interaction<\/a>, lundi de 18 \u00e0 21 heures, <\/li>\n<li> \u00ab Lecture de textes classiques \u00bb, le jeudi de 15 \u00e0 18 heures, pour ce dernier, je n\u2019ai pas encore de syllabus.<\/li>\n<\/ul>\n<h3>Publications<\/h3>\n<p>A Review of \u201cSocial Housing in Europe II: A Review of Policies and Outcomes\u00a0\u00bb, <em>European Journal of Housing Policy<\/em>, Vol. 9, n. 4, 2009, p. 482\u2014 485<\/p>\n<p>\u00ab Faire famille : les \u00e9critures de travail en centre de rapatriement \u00bb, dans <em>Semen: Revue de S\u00e9miolinguistique des textes et discours<\/em>, num\u00e9ro 28, 2009, pp. 53-72<\/p>\n","protected":false},"excerpt":{"rendered":"<p>Allocataire et moniteur Mes th\u00e8mes de recherche sont, grosso modo : sociologie du travail, r\u00e9cit de soi, \u00ab \u00e9critures ordinaires \u00bb, th\u00e9ories du social et de la soci\u00e9t\u00e9 \u00bb. mail : axel.pohn-weidinger@gtm.cnrs.fr Permanences: lundi 16 \u00e0 18 heures en \u00ab salle des enseignants \u00bb (B336) Cours enseign\u00e9s : au deuxi\u00e8me semestre 2007-2008 : Grands Courants&hellip;<\/p>\n","protected":false},"author":1,"featured_media":0,"parent":102,"menu_order":0,"comment_status":"closed","ping_status":"closed","template":"","meta":{"footnotes":""},"class_list":["post-408","page","type-page","status-publish","hentry","description-off"],"_links":{"self":[{"href":"https:\/\/sociologie.univ-paris8.fr\/index.php?rest_route=\/wp\/v2\/pages\/408","targetHints":{"allow":["GET"]}}],"collection":[{"href":"https:\/\/sociologie.univ-paris8.fr\/index.php?rest_route=\/wp\/v2\/pages"}],"about":[{"href":"https:\/\/sociologie.univ-paris8.fr\/index.php?rest_route=\/wp\/v2\/types\/page"}],"author":[{"embeddable":true,"href":"https:\/\/sociologie.univ-paris8.fr\/index.php?rest_route=\/wp\/v2\/users\/1"}],"replies":[{"embeddable":true,"href":"https:\/\/sociologie.univ-paris8.fr\/index.php?rest_route=%2Fwp%2Fv2%2Fcomments&post=408"}],"version-history":[{"count":4,"href":"https:\/\/sociologie.univ-paris8.fr\/index.php?rest_route=\/wp\/v2\/pages\/408\/revisions"}],"predecessor-version":[{"id":4004,"href":"https:\/\/sociologie.univ-paris8.fr\/index.php?rest_route=\/wp\/v2\/pages\/408\/revisions\/4004"}],"up":[{"embeddable":true,"href":"https:\/\/sociologie.univ-paris8.fr\/index.php?rest_route=\/wp\/v2\/pages\/102"}],"wp:attachment":[{"href":"https:\/\/sociologie.univ-paris8.fr\/index.php?rest_route=%2Fwp%2Fv2%2Fmedia&parent=408"}],"curies":[{"name":"wp","href":"https:\/\/api.w.org\/{rel}","templated":true}]}}