{"id":38,"date":"2005-05-27T10:24:52","date_gmt":"2005-05-27T08:24:52","guid":{"rendered":"?page_id=38"},"modified":"2007-09-11T15:17:16","modified_gmt":"2007-09-11T13:17:16","slug":"biheng","status":"publish","type":"page","link":"https:\/\/sociologie.univ-paris8.fr\/?page_id=38","title":{"rendered":"Biheng Louise-Mirabelle"},"content":{"rendered":"<h3>Docteure en sociologie, charg\u00e9e de cours<\/h3>\n<p><img decoding=\"async\" class=\"alignright\" src=\"photo\/biheng.jpg\" alt=\"Louise Mirabelle Biheng Martinon, universit\u00e9 Paris 8\" title=\"Louise Mirabelle Biheng Martinon, universit\u00e9 paris 8\"\/><br \/>\nTh\u00e8mes de recherche : sociologie de la culture.<br \/>\nMembre du <a href=\"http:\/\/www.chcsc.uvsq.fr\/\">Centre d\u2019histoire culturelle des soci\u00e9t\u00e9s contemporaines<\/a>, (EA n\u00b02448) Universit\u00e9 de Saint-Quentin en Yvelines.<\/p>\n<h3>Publications<\/h3>\n<p><strong>Livres<\/strong><br \/>\n<img decoding=\"async\" class=\"alignright\" src=\"fichiers\/biheng2004.png\" title=\"Louise Mirabelle Biheng-Martinon, Voyage au pays des relieurs\"\/>BIHENG-MARTINON Louise-Mirabelle : D\u2019une rive \u00e0 l\u2019autre catalogue d\u2019exposition d\u2019Odette Drapeau. Paris BHVP, 2005.<br \/>\nBIHENG-MARTINON Louise-Mirabelle Voyage au pays des relieurs ou l\u2019\u00e9volution du m\u00e9tier du relieur en France au XXe si\u00e8cle. Paris, l\u2019Harmattan, collection logiques sociales 2004. 355 pages.<br \/>\nBIHENG-MARTINON Louise-Mirabelle Le m\u00e9tier de relieur en France au XXe si\u00e8cle. Lille, A.N.R.T. Lille III, 2003. [ISSN 0294-1767, 0647.38975\/03]<br \/>\nBIHENG-MARTINON Louise-Mirabelle Dictionnaire encyclop\u00e9dique du livre tome 3. Sous la direction de Jean Dominique MELLOT, Notices des relieurs fran\u00e7ais: Marius Michel, Jean-Georges PURGOLD, Ren\u00e9 SIMIER, Joseph THOUVENIN, Georges TRAUTZ, E VOGEL. Paris, Ed Promodis, Cercle de la librairie. (\u00e0 para\u00eetre 2005)<\/p>\n<p><strong>Articles<\/strong><\/p>\n<p>BIHENG-MARTINON Louise-Mirabelle <a href=\"fichiers\/bihengmartinon-2006a.pdf\">La f\u00e9minisation du m\u00e9tier de relieur [PDF]<\/a>, 131e congr\u00e8s du CTHS, 2006.<br \/>\nBIHENG-MARTINON Louise-Mirabelle \u00ab Florence BOR\u00c9 : du charme discret des reliures jans\u00e9nistes \u00e0 l\u2019extravagance des livres d\u2019artistes \u00bb Paris, Art et m\u00e9tiers du livre  Juin 2004<br \/>\nBIHENG-MARTINON Louise-Mirabelle \u00ab La femme est l\u2019avenir du relieur, aussi \u00bb Le magazine du bibliophile, n\u00b037, mai 2004.<br \/>\nBIHENG-MARTINON Louise-Mirabelle \u00ab Reliures et paysages \u00bb Trames n\u00b011Tome I : Paysages et culture, Regards litt\u00e9raires et artistiques,  Rouen, l\u2019IUFM, pp 55-64, 2003.<br \/>\nBIHENG-MARTINON Louise-Mirabelle \u00ab De l\u2019impossibilit\u00e9 d\u2019\u00e9valuer le prix d\u2019une reliure d\u2019art \u00bb Le livre et l\u2019estampe, vol XXXXIX 2003. pp101-127, 2004.<br \/>\nBIHENG-MARTINON Louise-Mirabelle \u00ab Les tr\u00e9sors de la biblioth\u00e8que nationale de Hongrie \u00bb Art et m\u00e9tiers du livre n\u00b0 230 juin 2002. pp 18-36. ( Responsable du dossier)<br \/>\nBIHENG-MARTINON Louise-Mirabelle \u00ab F\u00e9erie pour un autre livre \u00bb Art et m\u00e9tiers du livre n\u00b0 222, 2001.<br \/>\n\u00ab Hommage statistique \u00e0 julien Fl\u00e9ty \u00bb Art et m\u00e9tiers du livre n\u00b0 223, 2001.<br \/>\n\u00ab 2000 ans de papier \u00bb, Art et m\u00e9tiers du livre n\u00b0 223, 2001.<br \/>\nBIHENG-MARTINON Louise-Mirabelle \u00ab La naissance de la chambre syndicale de la reliure dorure \u00bb Art et m\u00e9tiers du livre n\u00b0 216 octobre 1999-2000.<br \/>\n\u00ab R\u00e9glementation du travail \u00bb Art et m\u00e9tiers du livre n\u00b0 218, avril 2000.<br \/>\n\u00ab La reliure \u00e0 l\u2019exposition de 1900 \u00bb Art et m\u00e9tiers du livre n\u00b0 219 juin 2000. \u00ab La cr\u00e9ation de l\u2019atelier de reliure-dorure de Paris \u00bb Art et m\u00e9tiers du livre n\u00b0 220 juillet-septembre 2000.<br \/>\n\u00ab Le m\u00e9tier de relieur peut-il \u00eatre fait par une femme ? \u00bb Art et m\u00e9tiers du livre n\u00b0 221 septembre 2000.<\/p>\n","protected":false},"excerpt":{"rendered":"<p>Docteure en sociologie, charg\u00e9e de cours Th\u00e8mes de recherche : sociologie de la culture. Membre du Centre d\u2019histoire culturelle des soci\u00e9t\u00e9s contemporaines, (EA n\u00b02448) Universit\u00e9 de Saint-Quentin en Yvelines. Publications Livres BIHENG-MARTINON Louise-Mirabelle : D\u2019une rive \u00e0 l\u2019autre catalogue d\u2019exposition d\u2019Odette Drapeau. Paris BHVP, 2005. BIHENG-MARTINON Louise-Mirabelle Voyage au pays des relieurs ou l\u2019\u00e9volution du&hellip;<\/p>\n","protected":false},"author":1,"featured_media":0,"parent":102,"menu_order":0,"comment_status":"closed","ping_status":"closed","template":"","meta":{"footnotes":""},"class_list":["post-38","page","type-page","status-publish","hentry","description-off"],"_links":{"self":[{"href":"https:\/\/sociologie.univ-paris8.fr\/index.php?rest_route=\/wp\/v2\/pages\/38","targetHints":{"allow":["GET"]}}],"collection":[{"href":"https:\/\/sociologie.univ-paris8.fr\/index.php?rest_route=\/wp\/v2\/pages"}],"about":[{"href":"https:\/\/sociologie.univ-paris8.fr\/index.php?rest_route=\/wp\/v2\/types\/page"}],"author":[{"embeddable":true,"href":"https:\/\/sociologie.univ-paris8.fr\/index.php?rest_route=\/wp\/v2\/users\/1"}],"replies":[{"embeddable":true,"href":"https:\/\/sociologie.univ-paris8.fr\/index.php?rest_route=%2Fwp%2Fv2%2Fcomments&post=38"}],"version-history":[{"count":0,"href":"https:\/\/sociologie.univ-paris8.fr\/index.php?rest_route=\/wp\/v2\/pages\/38\/revisions"}],"up":[{"embeddable":true,"href":"https:\/\/sociologie.univ-paris8.fr\/index.php?rest_route=\/wp\/v2\/pages\/102"}],"wp:attachment":[{"href":"https:\/\/sociologie.univ-paris8.fr\/index.php?rest_route=%2Fwp%2Fv2%2Fmedia&parent=38"}],"curies":[{"name":"wp","href":"https:\/\/api.w.org\/{rel}","templated":true}]}}