{"id":37,"date":"2005-05-27T10:24:25","date_gmt":"2005-05-27T08:24:25","guid":{"rendered":"?page_id=37"},"modified":"2014-07-16T09:20:20","modified_gmt":"2014-07-16T07:20:20","slug":"hemond","status":"publish","type":"page","link":"https:\/\/sociologie.univ-paris8.fr\/?page_id=37","title":{"rendered":"H\u00e9mond Aline"},"content":{"rendered":"<h3>Ma\u00eetre de conf\u00e9rences<\/h3>\n<p><img decoding=\"async\" src=\"photo\/hemond.jpg\" class=\"alignright\" title=\"Aline H\u00e9mond, universit\u00e9 Paris 8\"\/>Anthropologue am\u00e9ricaniste (Am\u00e9riques du Centre)<br \/>\nTh\u00e8mes de recherche : anthropologie esth\u00e9tique (esth\u00e9tiques et identit\u00e9) ; ethnosciences (repr\u00e9sentations de la nature et transformation des pratiques) ; anthropologie politique (pouvoir local, gouvernement indien et d\u00e9mocratie \u00e9lectorale).<\/p>\n<p>Rattachement scientifique :<br \/>\n(Depuis mai 2006) * Membre du Groupe de Recherche International \u00ab\u00a0Anthropologie et Histoire des Arts\u00a0\u00bb (Mus\u00e9e du Quai Branly-CNRS) (dir. : Anne-Christine Taylor).<br \/>\n(Depuis sept. 2008) * Chercheur associ\u00e9 au Centre de Recherche et de Documentation sur l&rsquo;Am\u00e9rique latine (CREDAL-CNRS-Paris III, UMR 7169) (dir. : Maria Eugenia Cosio Zavala).<\/p>\n<p>Permanence : Le Mardi, 15h15-16h30, salle B336.<\/p>\n<p>e-mail : ahemond (a) univ-paris8.fr<\/p>\n<h3>Publications r\u00e9centes<\/h3>\n<p><strong>Livres<\/strong><br \/>\n2003 H\u00e9mond, Aline, <em><a href=\"http:\/\/www.amazon.fr\/exec\/obidos\/redirect?link_code=ur2&#038;camp=1642&#038;tag=-&#038;creative=6746&#038;path=ASIN\/2271060966\/qid%3D1120383276\"><img decoding=\"async\" src=\"http:\/\/rcm-images.amazon.com\/images\/P\/2271060966.08._SCMZZZZZZZ_.jpg\" class=\"alignright\"\/>Peindre la r\u00e9volte, Esth\u00e9tique et r\u00e9sistance culturelle au Mexique<\/a><\/em>, Paris, Editions du CNRS, 2003.<\/p>\n<p><strong>Ouvrages collectifs (coordination \u00e9ditoriale)<\/strong><\/p>\n<p>2012 V. M. Franco Pellotier, D. Dehouve et A. H\u00e9mond (\u00e9ds.) : <em>Formas de voto, pr\u00e1cticas de las asambleas y toma de decisiones. Un acercamiento comparativo<\/em> [Formes du vote, pratiques des assembl\u00e9es et prises de d\u00e9cision, une approche comparative], Mexico, CIESAS, Publicaciones de la Casa Chata, 2012, 490 pages.<\/p>\n<p>2006  <i>Multipartidismo y poder en municipios ind\u00edgenas de Guerrero<\/i> [Multipartisme et pouvoir dans les municipalit\u00e9s indiennes dans l&rsquo;Etat de Guerrero, Mexique], Dani\u00e8le Dehouve, V\u00edctor Franco, &#038; Aline H\u00e9mond (coords.). CIESAS, Universidad Aut\u00f3noma de Guerrero, Mexico, 406 pp. (en vente sur le site du CIESAS : http:\/\/www.ciesas.edu.mx\/ t\u00e9l\u00e9charger le catalogue \u00ab\u00a0antropologia social\u00a0\u00bb en .pdf)<\/p>\n<p>2002    <em><a href=\"http:\/\/www.francia.org.mx\/cemca\/publicaciones.htm\">Dilemas de la democracia en M\u00e9xico: los actores sociales ante la representaci\u00f3n pol\u00edtica<\/a> [Les dilemmes de la d\u00e9mocratie au Mexique : les acteurs sociaux face \u00e0 la repr\u00e9sentation politique]<\/em>, David Recondo &#038; Aline H\u00e9mond (\u00e9ds.), CEMCA, Instituto Federal Electoral (IFE), Instituto Nacional de Estudios Hist\u00f3ricos de la Revoluci\u00f3n Mexicana (INEHRM),  Mexico, 357 pp.<\/p>\n<p>2002    <em>Moviendo Monta\u00f1as: Transformando la Geograf\u00eda del Poder en el Sur de M\u00e9xico, [En d\u00e9pla\u00e7ant les montagnes. Transformer la g\u00e9ographie du pouvoir dans le Sud du Mexique]<\/em>, Beatriz Canabal Cristiani, David Cienfuegos Salgado, Jos\u00e9 Joaqu\u00edn Flores F\u00e9lix, Floriberto Gonz\u00e1lez Gonz\u00e1lez, Aline H\u00e9mond, Jennifer Johnson, Alfredo M\u00e9ndez Bahena &#038; Humberto Santos Bautista (coord.). Fondation Hewlett-Packard, El Colegio de Guerrero, Chilpancingo, Mexico, 541 pp. <\/p>\n<p><img decoding=\"async\" src=\"fichiers\/hemondragoncouv.jpg\" title=\"L'image au Mexique H\u00e9mond Aline Ragon Pierre\" class=\"alignright\"\/>2001   <em><a href=\"http:\/\/www.editions-harmattan.fr\/index.asp?navig=catalogue&#038;obj=livre&#038;no=3077\">L\u2019image au Mexique. Usages, appropriations et transgressions<\/a><\/em>. Aline H\u00e9mond &#038; Pierre Ragon (\u00e9ds.), CEMCA\/L\u2019Harmattan, Par\u00eds, 274 pp.<\/p>\n<p>1998    <em>Guerrero en movimiento [Guerrero en mouvement]<\/em>, n\u00b0 sp\u00e9cial de <em>Travaux et Recherches dans les Am\u00e9riques du Centre<\/em> (<em>TRACE<\/em>), revue du Centre d\u2019Etudes Mexicaines et Centram\u00e9ricaines (CEMCA), Aline H\u00e9mond et Marguerite Bey (coord.), juin 1998, n\u00b0 33, 89 p.<\/p>\n<p><strong>Catalogues d&rsquo;exposition<\/strong><\/p>\n<p>2006 \u201cSection d&rsquo;art populaire???, in <i>1000 petits chef-d&rsquo;oeuvre du Mexique. La collection du Mus\u00e9e de la Vall\u00e9e \u00e0 Barcelonnette<\/i>, H\u00e9l\u00e8ne Homps (dir.), Somogy Editions d&rsquo;Art, Mus\u00e9e de la Vall\u00e9e, Paris. pp. 52-117. [<a href=\"http:\/\/www.somogy.net\/fiche.php?ref=2-7572-0028-3&#038;cat=6\">pr\u00e9sentation de l&rsquo;ouvrage<\/a>]<br \/>\n(http:\/\/www.somogy.net\/fiche.php?ref=2-7572-0028-3&#038;cat=6)<\/p>\n<p>2002 \u201cLe mouvement des peintres amateros???, in <i>Indiens. Chiapas-Mexico-Californie<\/i>, Yvon Le Bot (dir.), catalogue de l\u2019exposition de La Villette, EPPGHV, Indig\u00e8ne Editions, Paris. pp. 59-71.<\/p>\n<p>1986 (a) \u00ab\u00a0Imaginaire et vie quotidienne dans les peintures sur papier d&rsquo;\u00e9corce\u00a0\u00bb. p. 79-93<br \/>\n    (b) \u00ab\u00a0Comment \u00ab\u00a0lire\u00a0\u00bb un amate (rep\u00e8res plastiques)\u00a0\u00bb p. 94-103.<br \/>\n    (c) \u00ab\u00a0Le ma\u00efs, compagnon mill\u00e9naire des Mexicains\u00a0\u00bb, p. 173-176<br \/>\nIn <i>L&rsquo;Art des Amates, catalogue de l\u2019exposition : \u201cPeintures mexicaines sur papier amate??? (17 mai-10 novembre 1986)<\/i>, M. Bourgeois-Lechartier (\u00e9d), Lons-le-Saunier, Conservation des Mus\u00e9es du Jura.<\/p>\n<p><strong>Articles<\/strong><\/p>\n<p>2004   <a href=\"fichiers\/hemond2004b.pdf\">Factions et partis politiques : la m\u00e9canique des groupes dans un village indien du Mexique [PDF]<\/a>. In <em>Ateliers<\/em>, revue du Laboratoire d\u2019Ethnologie et de Sociologie Comparative de Paris X-Nanterre. N\u00ba sp\u00e9cial \u201cLogiques de l\u2019ext\u00e9riorit\u00e9. Figures anthropologiques du pouvoir et du conflit\u00bb, D. Dehouve (coord.), 27 :111-146.<\/p>\n<p>2004   <a href=\"fichiers\/hemond2004a.pdf\">Lois hier, coutumes aujourd\u2019hui\u2026 Les enjeux politiques \u00e0 travers un exemple indien au Mexique [PDF]<\/a>. <em>Travaux et Recherches dans les Am\u00e9riques du Centre<\/em> (TRACE, revue du Centre d\u2019Etudes Mexicaines et Centram\u00e9ricaines (CEMCA-Mexico), n\u00b0 sp\u00e9cial \u00ab Les Indiens et le droit \u00bb (Julie Devineau ed.). d\u00e9cembre, 46 :82-98.<\/p>\n<p>2002        <a href=\"fichiers\/hemond2002a.pdf\">Le chemin de croix de l&rsquo;eau. Climat, calendrier agricole et religieux chez les Nahuas du Guerrero (Mexique) [PDF]<\/a>. Aline H\u00e9mond &#038; Marina Goloubinoff. in <em>Entre ciel et terre : Climat et soci\u00e9t\u00e9s<\/em>, Esther Katz, Anamaria Lammel, Marina Goloubinoff (ed.), Ibis Press\/IRD, Paris, 253-276.<\/p>\n<p>1999 \u00ab\u00a0H\u00e9ros ou victime ? L\u2019innovation technique comme transgression sociale au Mexique\u00a0\u00bb, <em>Techniques et Culture<\/em>, 1999, n\u00b033<\/p>\n<p>1994, <a href=\"fichiers\/hemond1994a.pdf\">\u00ab\u00a0Indiens\u00a0\u00bb ou \u00ab\u00a0Civilis\u00e9s\u00a0\u00bb ? : l&rsquo;affaire du barrage San Juan Tetelcingo (Mexique)<\/a> [PDF] <em>Cahiers des Sciences Humaines<\/em>, 1994, Vol. 30, Num. 3, p. 391-410<\/p>\n<p><strong>Coordination de colloques internationaux<\/strong><\/p>\n<p>05\/2003   El secreto\/p\u00fablico. Categor\u00edas de lo pol\u00edtico [ Le secret\/public, cat\u00e9gories du politique]. Coords. : Dani\u00e8le Dehouve (CNRS), V\u00edctor Franco (CIESAS), Fran\u00e7ois Lartigue (CIESAS) &#038; Aline H\u00e9mond (CIESAS). Journ\u00e9es Franco-mexicaines, M\u00e9xico D.F., CIESAS. 6-9 mai.<\/p>\n<p>02\/2002 Les dialectiques du conflit et du pouvoir. Coords. : Dani\u00e8le Dehouve (CNRS), V\u00edctor Franco (CIESAS) &#038; Aline H\u00e9mond (CIESAS), Universit\u00e9 de Paris X Nanterre, CIESAS, Paris, 4-5 f\u00e9vrier.<\/p>\n<p> 06\/2002     Le vote : ses motivations, ses formes, ses cons\u00e9quences. Une approche comparative. Coords. : D. Dehouve (CNRS), V. Franco (CIESAS) &#038; A. H\u00e9mond (CIESAS), Deuxi\u00e8mes Rencontres, Universit\u00e9 de Paris X Nanterre, CIESAS, Paris, 12 juin.<\/p>\n<p>10\/2001 Formas de voto, pr\u00e1cticas de asambleas y toma de decisiones ; un acercamiento comparativo [Formes de vote, pratiques des assembl\u00e9es et prise de d\u00e9cision ; une approche comparative], Coords : Dani\u00e8le Dehouve (CNRS), V\u00edctor Franco (CIESAS) &#038; Aline H\u00e9mond (CIESAS). CIESAS, Universit\u00e9 de Nanterre, Universidad de Colima, CEMCA,  IFE, INI, IRD, CNRS. Ciudad de Colima, Mexique, 10-12 octobre.<\/p>\n<p>03\/2001 Moving mountains. Changing Geography of Power in Southern States of Mexico. [En d\u00e9pla\u00e7ant les montagnes. Transformer la g\u00e9ographie du pouvoir dans le Sud du Mexique] Coords. : Beatriz Canabal (UAM-Xochimilco), Joaqu\u00edn Flores (UAM-Xochimilco), Aline H\u00e9mond (CEMCA), Jennifer Johnson (Universit\u00e9 de Chicago), Rick L\u00f3pez (Universit\u00e9 de Yale), Pedro Vidal (UAG), Floriberto Gonz\u00e1lez (UPN-G). UAG, Fundaci\u00f3n Hewlett-Packard, CEMCA, UAM-Xochimilco, UPN. Acapulco, Mexique, 21-23 mars.<br \/>\n+ Coordinatrice de la table ronde : \u201c Nuevas identidades \u00e9tnicas y sociales ???.<\/p>\n<p>11\/1998  Usages, apropriations et transgressions de l\u2019image au Mexique. Coords. : Aline H\u00e9mond (CEMCA), Pierre Ragon (CEMCA), B\u00e9atrice Tatard (CEMCA) &#038; Andr\u00e9s Medina (IIA-UNAM). CEMCA et Institut de Recherches en Anthropologie (Instituto de Investigaciones antropol\u00f3gicas) de l\u2019Universit\u00e9 nationale Autonome de Mexico (UNAM), Mexico, Mexique, 24-27 novembre.<\/p>\n","protected":false},"excerpt":{"rendered":"<p>Ma\u00eetre de conf\u00e9rences Anthropologue am\u00e9ricaniste (Am\u00e9riques du Centre) Th\u00e8mes de recherche : anthropologie esth\u00e9tique (esth\u00e9tiques et identit\u00e9) ; ethnosciences (repr\u00e9sentations de la nature et transformation des pratiques) ; anthropologie politique (pouvoir local, gouvernement indien et d\u00e9mocratie \u00e9lectorale). Rattachement scientifique : (Depuis mai 2006) * Membre du Groupe de Recherche International \u00ab\u00a0Anthropologie et Histoire des Arts\u00a0\u00bb&hellip;<\/p>\n","protected":false},"author":1,"featured_media":0,"parent":102,"menu_order":0,"comment_status":"closed","ping_status":"closed","template":"","meta":{"footnotes":""},"class_list":["post-37","page","type-page","status-publish","hentry","description-off"],"_links":{"self":[{"href":"https:\/\/sociologie.univ-paris8.fr\/index.php?rest_route=\/wp\/v2\/pages\/37","targetHints":{"allow":["GET"]}}],"collection":[{"href":"https:\/\/sociologie.univ-paris8.fr\/index.php?rest_route=\/wp\/v2\/pages"}],"about":[{"href":"https:\/\/sociologie.univ-paris8.fr\/index.php?rest_route=\/wp\/v2\/types\/page"}],"author":[{"embeddable":true,"href":"https:\/\/sociologie.univ-paris8.fr\/index.php?rest_route=\/wp\/v2\/users\/1"}],"replies":[{"embeddable":true,"href":"https:\/\/sociologie.univ-paris8.fr\/index.php?rest_route=%2Fwp%2Fv2%2Fcomments&post=37"}],"version-history":[{"count":3,"href":"https:\/\/sociologie.univ-paris8.fr\/index.php?rest_route=\/wp\/v2\/pages\/37\/revisions"}],"predecessor-version":[{"id":6299,"href":"https:\/\/sociologie.univ-paris8.fr\/index.php?rest_route=\/wp\/v2\/pages\/37\/revisions\/6299"}],"up":[{"embeddable":true,"href":"https:\/\/sociologie.univ-paris8.fr\/index.php?rest_route=\/wp\/v2\/pages\/102"}],"wp:attachment":[{"href":"https:\/\/sociologie.univ-paris8.fr\/index.php?rest_route=%2Fwp%2Fv2%2Fmedia&parent=37"}],"curies":[{"name":"wp","href":"https:\/\/api.w.org\/{rel}","templated":true}]}}