{"id":364,"date":"2007-12-13T10:48:56","date_gmt":"2007-12-13T08:48:56","guid":{"rendered":"?page_id=364"},"modified":"2012-06-08T09:49:01","modified_gmt":"2012-06-08T07:49:01","slug":"duchesne-veronique","status":"publish","type":"page","link":"https:\/\/sociologie.univ-paris8.fr\/?page_id=364","title":{"rendered":"Duchesne V\u00e9ronique"},"content":{"rendered":"<h3>Charg\u00c3\u00a9e de cours<\/h3>\n<p>Membre du <em>Centre d\u00e2??\u00c3\u00a9tudes des mondes africains<\/em> (CEMAf), UMR 8171 <a href=\"http:\/\/www.cemaf.cnrs.fr\/\">http:\/\/www.cemaf.cnrs.fr\/<\/a> ainsi que de l\u00e2??Association fran\u00c3\u00a7aise d\u00e2??ethnologie et d\u00e2??anthropologie (AFEA, Paris) et de l\u00e2??association AMADES, Anthropologie M\u00c3\u00a9dicale Appliqu\u00c3\u00a9e au D\u00c3\u00a9veloppement et \u00c3\u00a0 la Sant\u00c3\u00a9 (Aix-en-Provence).<br \/>\nTh\u00c3\u00a8mes de recherche :<br \/>\n&#8211; Pratique rituelle et recomposition identitaire<br \/>\n&#8211; Appropriation religieuse et politique du territoire<br \/>\n&#8211; Transmission de pratiques religieuses et th\u00c3\u00a9rapeutiques dans les diasporas africaines<br \/>\n&#8211; Transe et divination<br \/>\nTerrains :<br \/>\n&#8211; C\u00c3\u00b4te d\u00e2??Ivoire, Ghana<br \/>\n&#8211; Noirs marrons (Guyane, Surinam)<\/p>\n<h3>Parmi ses publications<\/h3>\n<p>*Ouvrage*<\/p>\n<p>1996 \/Le cercle de kaolin. \/Boson\/ et initi\u00c3\u00a9s en terre anyi, C\u00c3\u00b4te d&rsquo;Ivoire\/, Institut d&rsquo;ethnologie, Paris, 371 p., annexe, gloss., bibl., index, fig., tabl., ph., cartes.<\/p>\n<p>*Chapitres d\u00e2??ouvrages*<\/p>\n<p>2009 \u00c2\u00ab\/ \/The ritual performance of the Anyi oracle. Possession and divination \u00c2\u00bb in\/ \/W. van Beek (dir.), \/Foretelling the future, predicting the past: divination in Africa\/, Leiden, Brill, un DVD inclus, sous presse.<\/p>\n<p>2009 \u00c2\u00ab Jouer au poss\u00c3\u00a9d\u00c3\u00a9-devin. Rituel ludique et culture enfantine en pays anyi \u00c2\u00bb in \/L\u00e2??Animisme parmi nous\/, Paris, PUF :161-166.**<\/p>\n<p>2007 \u00c2\u00ab Le rituel de possession : un jeu d\u00e2??enfants ? \u00c2\u00bb in D. Bonnet et L. Pourchez (dir.), \/Du soin au rite dans l\u00e2??enfance\/, Paris, IRD \u00c3?ditions et Er\u00c3\u00a8s : 231-240, un DVD inclus.<\/p>\n<p>2005 avec P. Guedj, \u00c2\u00ab \u00e2??Akonedi ne voyage pas\u00e2?? : la formation d\u00e2??un r\u00c3\u00a9seau transnational entre le Ghana et les \u00c3?tats-Unis \u00c2\u00bb, in L. Fourchard, A. Mary et R. Otayek (dir.), \/Entreprises religieuses transnationales en Afrique de l\u00e2??Ouest\/, Paris, Karthala : 135-153.<\/p>\n<p>2003 \u00c2\u00ab Fluides, transmission et filiation. Les \u00e2??maladies des femmes\u00e2?? dans une soci\u00c3\u00a9t\u00c3\u00a9 matrilin\u00c3\u00a9aire \u00c2\u00bb, in D. Bonnet et Y. Jaffr\u00c3\u00a9 (dir.), \/Communiquer la maladie. Transmissions, pr\u00c3\u00a9ventions et hygi\u00c3\u00a8nes en Afrique de l\u00e2??Ouest\/, Paris, Karthala : 199-220.<\/p>\n<p>2002 \u00c2\u00ab Des lieux sacr\u00c3\u00a9s aux sites class\u00c3\u00a9s. \u00c3?volution du contr\u00c3\u00b4le des ressources naturelles dans le Sud-Est ivoirien \u00c2\u00bb, in M.-C. Cormier-Salem, D. Juh\u00c3\u00a9-Beaulaton, J. Boutrais et B. Roussel (dir.), \/Patrimonialiser la Nature tropicale. Dynamiques locales, enjeux internationaux\/, Paris, IRD \u00c3?ditions : 419-438.<\/p>\n<p>*<br \/>\nArticles dans des revues avec comit\u00c3\u00a9 de lecture*<\/p>\n<p>2008 \u00c2\u00ab Chanter les morts en pays anyi \u00c2\u00bb, \/Fronti\u00c3\u00a8res\/, \/Les musiques et la mort\/, Universit\u00c3\u00a9 du Qu\u00c3\u00a9bec, Montr\u00c3\u00a9al, XX, 2 : 44-48, un CD Rom inclus.<\/p>\n<p>2008 avec F. Fourmaux,\/ \/\u00c2\u00ab\/ \/Corps de banlieue. Une enqu\u00c3\u00aate ethnologique pour une association de pr\u00c3\u00a9vention sp\u00c3\u00a9cialis\u00c3\u00a9e \u00c2\u00bb, \/Journal des Anthropologues\/, \/Anthropologie des usages sociaux et culturels du corps\/, 112-113 : 223-243\/.\/<\/p>\n<p>2005 \u00c2\u00ab Religions du terroir et n\u00c3\u00a9o-traditionalismes en Afrique \u00c2\u00bb, \/Esprit\/, Ao\u00c3\u00bbt-septembre, 8-9 : 151-153.<\/p>\n<p>2000 \u00c2\u00ab Le Bossonisme. Ou comment \u00c3\u00aatre \u00e2??moderne et de religion africaine\u00e2?? \u00c2\u00bb, \/Pr\u00c3\u00a9sence africaine\/, 161\/162 : 299-314.<\/p>\n<p>1999 avec C.-H. Perrot, \u00c2\u00ab Religions africaines, religions du terroir : hier et aujourd\u00e2??hui \u00c2\u00bb, \/Historiens &#8211; G\u00c3\u00a9ographes, Dossier Afrique subsaharienne\/, 367 : 175-192.<\/p>\n<p>1998 \u00c2\u00ab G\u00c3\u00a9mellit\u00c3\u00a9, f\u00c3\u00a9condit\u00c3\u00a9 et souverainet\u00c3\u00a9 chez les Anyi de C\u00c3\u00b4te d&rsquo;Ivoire \u00c2\u00bb, \/L&rsquo;UOMO\/, Universit\u00c3\u00a9 la Sapienza, Rome, 1 : 137-155<\/p>\n<p>*Derniers films scientifiques*<\/p>\n<p>2009\/ Allo ! On appelle le t\u00c3\u00a9moin\/, DV Cam, 26 mn, CNRS [http:\/\/videotheque.cnrs.fr\/].<\/p>\n<p>\/Mots clefs\/ : droit coutumier \u00e2?? rituel de r\u00c3\u00a9conciliation \u00e2?? tradition orale \u00e2?? Anyi \u00e2?? C\u00c3\u00b4te d\u00e2??Ivoire.<\/p>\n<p>2005\/ Espace, corps et paroles oraculaires\/, DV Cam, 9 mn, CNRS.<\/p>\n<p>\/Mots clefs\/ : divination orale \u00e2?? possession rituelle \u00e2?? Anyi \u00e2?? C\u00c3\u00b4te d\u00e2??Ivoire.<\/p>\n<p>2004\/ Jeu d\u00e2??enfants ou rituel de possession ?\/, DV Cam, 9mn, CNRS [http:\/\/videotheque.cnrs.fr\/]<\/p>\n<p>\/Mots clefs\/ : rituel \u00e2?? possession \u2013 jeu d\u2019enfants \u2013 apprentissage \u2013 Anyi \u2013 C\u00f4te d\u2019Ivoire.<\/p>\n","protected":false},"excerpt":{"rendered":"<p>Charg\u00c3\u00a9e de cours Membre du Centre d\u00e2??\u00c3\u00a9tudes des mondes africains (CEMAf), UMR 8171 http:\/\/www.cemaf.cnrs.fr\/ ainsi que de l\u00e2??Association fran\u00c3\u00a7aise d\u00e2??ethnologie et d\u00e2??anthropologie (AFEA, Paris) et de l\u00e2??association AMADES, Anthropologie M\u00c3\u00a9dicale Appliqu\u00c3\u00a9e au D\u00c3\u00a9veloppement et \u00c3\u00a0 la Sant\u00c3\u00a9 (Aix-en-Provence). Th\u00c3\u00a8mes de recherche : &#8211; Pratique rituelle et recomposition identitaire &#8211; Appropriation religieuse et politique du territoire&hellip;<\/p>\n","protected":false},"author":1,"featured_media":0,"parent":102,"menu_order":0,"comment_status":"closed","ping_status":"closed","template":"","meta":{"footnotes":""},"class_list":["post-364","page","type-page","status-publish","hentry","description-off"],"_links":{"self":[{"href":"https:\/\/sociologie.univ-paris8.fr\/index.php?rest_route=\/wp\/v2\/pages\/364","targetHints":{"allow":["GET"]}}],"collection":[{"href":"https:\/\/sociologie.univ-paris8.fr\/index.php?rest_route=\/wp\/v2\/pages"}],"about":[{"href":"https:\/\/sociologie.univ-paris8.fr\/index.php?rest_route=\/wp\/v2\/types\/page"}],"author":[{"embeddable":true,"href":"https:\/\/sociologie.univ-paris8.fr\/index.php?rest_route=\/wp\/v2\/users\/1"}],"replies":[{"embeddable":true,"href":"https:\/\/sociologie.univ-paris8.fr\/index.php?rest_route=%2Fwp%2Fv2%2Fcomments&post=364"}],"version-history":[{"count":4,"href":"https:\/\/sociologie.univ-paris8.fr\/index.php?rest_route=\/wp\/v2\/pages\/364\/revisions"}],"predecessor-version":[{"id":4770,"href":"https:\/\/sociologie.univ-paris8.fr\/index.php?rest_route=\/wp\/v2\/pages\/364\/revisions\/4770"}],"up":[{"embeddable":true,"href":"https:\/\/sociologie.univ-paris8.fr\/index.php?rest_route=\/wp\/v2\/pages\/102"}],"wp:attachment":[{"href":"https:\/\/sociologie.univ-paris8.fr\/index.php?rest_route=%2Fwp%2Fv2%2Fmedia&parent=364"}],"curies":[{"name":"wp","href":"https:\/\/api.w.org\/{rel}","templated":true}]}}