{"id":35,"date":"2005-05-27T10:23:42","date_gmt":"2005-05-27T08:23:42","guid":{"rendered":"?page_id=35"},"modified":"2008-06-04T13:37:06","modified_gmt":"2008-06-04T11:37:06","slug":"lomba","status":"publish","type":"page","link":"https:\/\/sociologie.univ-paris8.fr\/?page_id=35","title":{"rendered":"Lomba C\u00e9dric"},"content":{"rendered":"<h3>Charg\u00e9 de recherche au CNRS<\/h3>\n<p>Th\u00e8mes de recherche : Pratiques de travail ouvrier; organisation des entreprises; l&rsquo;\u00e9volution de la vente et les vendeurs; histoire et ethnographie du travail. Membre du <a href=\"http:\/\/www.csu.cnrs.fr\/\">CSU, Cultures et soci\u00e9t\u00e9s urbaines<\/a>.<\/p>\n<h3>Parmi ses publications r\u00e9centes<\/h3>\n<p>&#8211; <i>Observer le travail. Histoire, ethnographie, approches combin\u00e9es<\/i>, Paris, La D\u00e9couverte, 2008, 347 p., ouvrage coordonn\u00e9 avec A.-M. Arborio, Y. Cohen, P. Fournier, N. Hatzfeld, et S. Muller<\/p>\n<p>-\u00ab\u00a0<a href=\"http:\/\/dx.doi.org\/10.1177\/0268580905049912\">Beyond the Debate over \u00ab\u00a0Post-\u00a0\u00bb vs. \u00ab\u00a0Neo-\u00ab\u00a0Taylorism : the Contrasting Evolution of Industrial Work Practices<\/a>\u00ab\u00a0, <em>International Sociology<\/em>, vol 20 (1), 2005, pp. 71-91.<\/p>\n<p>-\u00abDistinguer un ouvrier d&rsquo;un employ\u00e9 dans l&rsquo;industrie : naturalisation et n\u00e9gociations des classifications\u00bb, <em>Soci\u00e9t\u00e9s contemporaines<\/em>, n\u00b0 54, 2004, p. 35-53.<\/p>\n<p>-(avec VANDEWATTYNE, Jean et FUSULIER, Bernard (dir)), <em>Kal\u00e9idoscopie d&rsquo;une modernisation industrielle : Usinor, Cockerill Sambre, Arcelor<\/em>. Louvain-La-Neuve : Presses Universitaires de Louvain-La-Neuve, 2003, 233 p.<\/p>\n<p>-\u00abPratiques de d\u00e9cision et engagement des acteurs. Le cas d&rsquo;une entreprise sid\u00e9rurgique belge\u00bb, <em>Revue fran\u00e7aise de gestion<\/em>, sept.-oct. 2001, n\u00b0 135, p. 101-109.<\/p>\n","protected":false},"excerpt":{"rendered":"<p>Charg\u00e9 de recherche au CNRS Th\u00e8mes de recherche : Pratiques de travail ouvrier; organisation des entreprises; l&rsquo;\u00e9volution de la vente et les vendeurs; histoire et ethnographie du travail. Membre du CSU, Cultures et soci\u00e9t\u00e9s urbaines. Parmi ses publications r\u00e9centes &#8211; Observer le travail. Histoire, ethnographie, approches combin\u00e9es, Paris, La D\u00e9couverte, 2008, 347 p., ouvrage coordonn\u00e9&hellip;<\/p>\n","protected":false},"author":1,"featured_media":0,"parent":102,"menu_order":0,"comment_status":"closed","ping_status":"closed","template":"","meta":{"footnotes":""},"class_list":["post-35","page","type-page","status-publish","hentry","description-off"],"_links":{"self":[{"href":"https:\/\/sociologie.univ-paris8.fr\/index.php?rest_route=\/wp\/v2\/pages\/35","targetHints":{"allow":["GET"]}}],"collection":[{"href":"https:\/\/sociologie.univ-paris8.fr\/index.php?rest_route=\/wp\/v2\/pages"}],"about":[{"href":"https:\/\/sociologie.univ-paris8.fr\/index.php?rest_route=\/wp\/v2\/types\/page"}],"author":[{"embeddable":true,"href":"https:\/\/sociologie.univ-paris8.fr\/index.php?rest_route=\/wp\/v2\/users\/1"}],"replies":[{"embeddable":true,"href":"https:\/\/sociologie.univ-paris8.fr\/index.php?rest_route=%2Fwp%2Fv2%2Fcomments&post=35"}],"version-history":[{"count":0,"href":"https:\/\/sociologie.univ-paris8.fr\/index.php?rest_route=\/wp\/v2\/pages\/35\/revisions"}],"up":[{"embeddable":true,"href":"https:\/\/sociologie.univ-paris8.fr\/index.php?rest_route=\/wp\/v2\/pages\/102"}],"wp:attachment":[{"href":"https:\/\/sociologie.univ-paris8.fr\/index.php?rest_route=%2Fwp%2Fv2%2Fmedia&parent=35"}],"curies":[{"name":"wp","href":"https:\/\/api.w.org\/{rel}","templated":true}]}}