{"id":34,"date":"2005-05-27T10:23:22","date_gmt":"2005-05-27T08:23:22","guid":{"rendered":"?page_id=34"},"modified":"2008-07-07T15:52:23","modified_gmt":"2008-07-07T13:52:23","slug":"beliard","status":"publish","type":"page","link":"https:\/\/sociologie.univ-paris8.fr\/?page_id=34","title":{"rendered":"B\u00e9liard Aude"},"content":{"rendered":"<h3><img decoding=\"async\" src=\"photo\/beliard.jpg\" class=\"alignright\" title=\"Aude B\u00e9liard, universit\u00e9 Paris 8\"\/>ATER (jusqu&rsquo;en 2008)<\/h3>\n<p>Th\u00e8mes de recherche : Sociologie de la parent\u00e9, sociologie de la sant\u00e9, sociologie du vieillissement, m\u00e9thodes des sciences sociales.<br \/>\nSujet de la th\u00e8se en cours, sous la direction de Florence Weber : Les personnes atteintes de troubles de la m\u00e9moire et leur entourage : du diagnostic \u00e0 la prise en charge, d\u00e9cisions et moments de crise.<br \/>\nAffiliation institutionnelle : Centre Maurice Halbwachs, Equipe \u00ab Enqu\u00eates, Terrains, Th\u00e9ories \u00bb <\/p>\n<p><strong>Enseignements \u00e0 Paris 8<\/strong><br \/>\nAnn\u00e9e 2004-2005<br \/>\n1er semestre : Sociologie de la France contemporaine (DEUG)<br \/>\n2\u00e8me semestre : D\u00e9bats 2 : La socialisation (DEUG)<\/p>\n<p>Ann\u00e9e 2005-2006 :<br \/>\n1er semestre : Formes de cat\u00e9gorisations de la soci\u00e9t\u00e9 fran\u00e7aise contemporaine (L1)<br \/>\n2\u00e8me semestre : Lecture et traitement des cat\u00e9gories statistiques 2 (L3) <\/p>\n<p>Ann\u00e9e 2006-2007<br \/>\nEnseignement au premier semestre<br \/>\nLundi 9h-12h : Lecture et traitement des cat\u00e9gories statistiques 2 (Licence)<\/p>\n<p><strong>Contact<\/strong><br \/>\npar mail: aude.beliard &#8211; a &#8211; yahoo.fr <\/p>\n<p><strong>Publications<\/strong><br \/>\nB\u00e9liard Aude, 2008, \u00ab Th\u00e9ories diagnostiques et prise en charge. Le recours \u00e0 une consultation m\u00e9moire \u00bb, <i>Retraite et Soci\u00e9t\u00e9<\/i>, n\u00b053, p. 147-165.<\/p>\n<p>B\u00e9liard Aude, Lacan Laure, Roy Delphine, 2008, \u00ab Justice intrafamiliale et solidarit\u00e9 publique : des opinions dans leur contexte \u00bb, <i>Retraite et Soci\u00e9t\u00e9<\/i>, n\u00b053, p. 21-47.<\/p>\n<p>Aude B\u00e9liard, avec Emilie Biland : \u00ab\u00a0Enqu\u00eater \u00e0 partir de dossiers personnels. Une ethnographie des relations entre institutions et individus\u00a0\u00bb, <i>Gen\u00e8ses<\/i>, 2008-1, 106-119 [<a href=\"http:\/\/www.cairn.info\/revue-geneses-2008-1-p-106.htm\">disponible sur cairn.info<\/a>]<\/p>\n<p>Jo\u00ebl Marie-Eve &#038; Gramain Agn\u00e8s (dir.), Weber Florence, Wittwer J\u00e9r\u00f4me, B\u00e9liard Aude &#038; Roy Delphine, 2005. <em>L&rsquo;aidant familial aux patients atteints de d\u00e9mence de type Alzheimer : agent \u00e9conomique producteur de services<\/em>. Rapport final, Fondation Mederic-Alzheimer, juillet.<\/p>\n<p>B\u00e9liard Aude, Eideliman Jean-S\u00e9bastien, \u00ab Ethnographie, longue dur\u00e9e et standardisation \u00bb, <em>IDEES. La revue des sciences \u00e9conomiques et sociales<\/em>, n\u00b0 143, CNDP, \u00e0 para\u00eetre, mars 2006.<\/p>\n","protected":false},"excerpt":{"rendered":"<p>ATER (jusqu&rsquo;en 2008) Th\u00e8mes de recherche : Sociologie de la parent\u00e9, sociologie de la sant\u00e9, sociologie du vieillissement, m\u00e9thodes des sciences sociales. Sujet de la th\u00e8se en cours, sous la direction de Florence Weber : Les personnes atteintes de troubles de la m\u00e9moire et leur entourage : du diagnostic \u00e0 la prise en charge, d\u00e9cisions&hellip;<\/p>\n","protected":false},"author":1,"featured_media":0,"parent":102,"menu_order":0,"comment_status":"closed","ping_status":"closed","template":"","meta":{"footnotes":""},"class_list":["post-34","page","type-page","status-publish","hentry","description-off"],"_links":{"self":[{"href":"https:\/\/sociologie.univ-paris8.fr\/index.php?rest_route=\/wp\/v2\/pages\/34","targetHints":{"allow":["GET"]}}],"collection":[{"href":"https:\/\/sociologie.univ-paris8.fr\/index.php?rest_route=\/wp\/v2\/pages"}],"about":[{"href":"https:\/\/sociologie.univ-paris8.fr\/index.php?rest_route=\/wp\/v2\/types\/page"}],"author":[{"embeddable":true,"href":"https:\/\/sociologie.univ-paris8.fr\/index.php?rest_route=\/wp\/v2\/users\/1"}],"replies":[{"embeddable":true,"href":"https:\/\/sociologie.univ-paris8.fr\/index.php?rest_route=%2Fwp%2Fv2%2Fcomments&post=34"}],"version-history":[{"count":0,"href":"https:\/\/sociologie.univ-paris8.fr\/index.php?rest_route=\/wp\/v2\/pages\/34\/revisions"}],"up":[{"embeddable":true,"href":"https:\/\/sociologie.univ-paris8.fr\/index.php?rest_route=\/wp\/v2\/pages\/102"}],"wp:attachment":[{"href":"https:\/\/sociologie.univ-paris8.fr\/index.php?rest_route=%2Fwp%2Fv2%2Fmedia&parent=34"}],"curies":[{"name":"wp","href":"https:\/\/api.w.org\/{rel}","templated":true}]}}