{"id":32,"date":"2005-05-27T10:22:43","date_gmt":"2005-05-27T08:22:43","guid":{"rendered":"?page_id=32"},"modified":"2008-05-04T18:49:39","modified_gmt":"2008-05-04T16:49:39","slug":"peretz","status":"publish","type":"page","link":"https:\/\/sociologie.univ-paris8.fr\/?page_id=32","title":{"rendered":"Peretz Henri"},"content":{"rendered":"<h3>Ma\u00eetre de conf\u00e9rences (retrait\u00e9)<\/h3>\n<p>Th\u00e8mes de recherche : Relations entre membres des classes sup\u00e9rieures et professionnels du go\u00fbt et de l&rsquo;\u00e9ducation (critique d&rsquo;art, enseignants, vendeurs de v\u00eatements). Tradition ethnographique de \u00ab\u00a0l&rsquo;Ecole de Chicago\u00a0\u00bb. Ethnographie urbaine, histoire de l&rsquo;observation, Rapport photographie et sciences sociales. Membre du Groupe de recherche \u00c9cole, Travail, Institutions (GETI). <\/p>\n<h3>Parmi ses publications<\/h3>\n<p>&#8211; traduction du livre de Laud Humphreys, <em>Tearoom Trade<\/em> (1975, New York, Aldine de Gruyter) : en fran\u00e7ais <em>Le Commerce des pissoti\u00e8res<\/em>, Paris, La D\u00e9couverte, 2007 [coll. Textes \u00e0 l&rsquo;appui \u00ab\u00a0Genre et sexualit\u00e9s\u00a0\u00bb]<br \/>\n&#8211; \u00ab\u00a0The Making of <em>Black Metropolis<\/em>\u00a0\u00bb <em>Annals of the American Academy of Political and Social Science<\/em>, Vol. 595, No. 1, 168-175 (2004)<br \/>\n&#8211; <em>L&rsquo;observation<\/em>, Paris, Editions La D\u00e9couverte, Collections Rep\u00e8res, 1998.<br \/>\n&#8211; \u00ab <a href=\"http:\/\/www.cairn.info\/revue-ethnologie-francaise-2005-1-p-47.htm\">N\u00e9goces dans la ville : Soldes \u00ab haut de gamme \u00bb \u00e0 Paris<\/a> \u00bb, <em>Ethnologie Fran\u00e7aise<\/em>, 2005, vol. 35, no1, pp. 47-54 [<a href=\"http:\/\/www.cairn.info\/revue-ethnologie-francaise-2005-1-p-47.htm\">sur cairn.info<\/a>]<br \/>\n&#8211; Pr\u00e9face \u00e0 William Foote Whyte, <em>Street Corner Society<\/em>, Paris, La D\u00e9couverte, 1995 (\u00e9dition poche 2002)<br \/>\n&#8211; <a href=\"http:\/\/links.jstor.org\/sici?sici=0035-2969(199201%2F03)33%3A1%3C49%3ALVLVEL%3E2.0.CO%3B2-M\">Le vendeur, la vendeuse et leur cliente: Ethnographie du pret-a-porter de luxe<\/a> , <em>Revue Fran\u00e7aise de Sociologie<\/em>, Vol. 33, No. 1 (Jan. &#8211; Mar., 1992), pp. 49-72<br \/>\n&#8211; <a href=\"http:\/\/www.springerlink.com\/content\/xp2194604871q86t\/\">Post-war philosophy and empirical sociology in France: The connection of the sixties and after<\/a>, <em>International Journal of Politics, Culture, and Society<\/em>, Volume 4, Number 4 \/ June, 1991, 549-572<\/p>\n","protected":false},"excerpt":{"rendered":"<p>Ma\u00eetre de conf\u00e9rences (retrait\u00e9) Th\u00e8mes de recherche : Relations entre membres des classes sup\u00e9rieures et professionnels du go\u00fbt et de l&rsquo;\u00e9ducation (critique d&rsquo;art, enseignants, vendeurs de v\u00eatements). Tradition ethnographique de \u00ab\u00a0l&rsquo;Ecole de Chicago\u00a0\u00bb. Ethnographie urbaine, histoire de l&rsquo;observation, Rapport photographie et sciences sociales. Membre du Groupe de recherche \u00c9cole, Travail, Institutions (GETI). Parmi ses publications&hellip;<\/p>\n","protected":false},"author":1,"featured_media":0,"parent":102,"menu_order":0,"comment_status":"closed","ping_status":"closed","template":"","meta":{"footnotes":""},"class_list":["post-32","page","type-page","status-publish","hentry","description-off"],"_links":{"self":[{"href":"https:\/\/sociologie.univ-paris8.fr\/index.php?rest_route=\/wp\/v2\/pages\/32","targetHints":{"allow":["GET"]}}],"collection":[{"href":"https:\/\/sociologie.univ-paris8.fr\/index.php?rest_route=\/wp\/v2\/pages"}],"about":[{"href":"https:\/\/sociologie.univ-paris8.fr\/index.php?rest_route=\/wp\/v2\/types\/page"}],"author":[{"embeddable":true,"href":"https:\/\/sociologie.univ-paris8.fr\/index.php?rest_route=\/wp\/v2\/users\/1"}],"replies":[{"embeddable":true,"href":"https:\/\/sociologie.univ-paris8.fr\/index.php?rest_route=%2Fwp%2Fv2%2Fcomments&post=32"}],"version-history":[{"count":0,"href":"https:\/\/sociologie.univ-paris8.fr\/index.php?rest_route=\/wp\/v2\/pages\/32\/revisions"}],"up":[{"embeddable":true,"href":"https:\/\/sociologie.univ-paris8.fr\/index.php?rest_route=\/wp\/v2\/pages\/102"}],"wp:attachment":[{"href":"https:\/\/sociologie.univ-paris8.fr\/index.php?rest_route=%2Fwp%2Fv2%2Fmedia&parent=32"}],"curies":[{"name":"wp","href":"https:\/\/api.w.org\/{rel}","templated":true}]}}