{"id":3086,"date":"2010-10-15T18:52:04","date_gmt":"2010-10-15T16:52:04","guid":{"rendered":"?page_id=3086"},"modified":"2011-09-20T18:30:19","modified_gmt":"2011-09-20T16:30:19","slug":"clech-pauline","status":"publish","type":"page","link":"https:\/\/sociologie.univ-paris8.fr\/?page_id=3086","title":{"rendered":"Clech Pauline"},"content":{"rendered":"<h3>Charg\u00e9e de cours<\/h3>\n<p>Doctorante en sociologie \u00e0 l\u2019Observatoire sociologique du changement (OSC) sous la direction d\u2019Edmond Pr\u00e9teceille et Marco Oberti<\/p>\n<p>Contact : pauline.clech@yahoo.fr<\/p>\n<h3>Th\u00e8mes de recherche :<\/h3>\n<p>Sociologie des banlieues, sociologie de la culture, socio-histoire du communisme<\/p>\n<h3>Enseignement :<\/h3>\n<p>\u00ab Les \u00e9tapes du changement social aux XIXe et XXe si\u00e8cles \u00bb<br \/>\nPremier semestre :<br \/>\nLundi de 12h \u00e0 15h<br \/>\nLundi de 18h \u00e0 21h<\/p>\n<p>Descriptif : Ce cours introduit \u00e0 l\u2019histoire sociale de la France et de ses colonies aux XIXe et XXe si\u00e8cles. \u00ab Sociale \u00bb parce que l\u2019histoire n\u2019est pas seulement le r\u00e9cit chronologique des grands \u00e9v\u00e8nements politiques faits par des grands personnages. L\u2019\u00e9tude des \u00e9volutions lentes et des permanences de la structure sociale et \u00e9conomique sera au c\u0153ur de ce cours. La premi\u00e8re partie porte ainsi sur l\u2019\u00e9tude des structures de domination sociale de l\u2019ancien r\u00e9gime \u00e0 nos jours. Nous \u00e9tudierons plus particuli\u00e8rement des groupes sociaux longtemps laiss\u00e9s pour compte par l\u2019histoire traditionnelle, en l\u2019occurrence les colonis\u00e9s, les femmes, les immigr\u00e9s et les banlieusards. Il ne s\u2019agit pas de faire, \u00e0 partir de ces collectifs, une histoire ind\u00e9pendante conduisant \u00e0 les essentialiser mais bien \u00e0 r\u00e9int\u00e9grer ces \u00ab oubli\u00e9s \u00bb de l\u2019histoire dans une soci\u00e9t\u00e9 globale. Les deux autres parties du cours porteront ainsi (1) sur l\u2019histoire de la colonisation et (2) sur l\u2019histoire de la banlieue parisienne. Des documents \u00e9crits, sonores, film\u00e9s viendront appuyer le propos.<br \/>\nLe cours incitera \u00e9galement les \u00e9tudiants \u00e0 s\u2019interroger de mani\u00e8re critique sur la mani\u00e8re de faire de l\u2019histoire (historiographie), certainement ni neutre ni universelle.<br \/>\nLes objectifs p\u00e9dagogiques sont doubles : l\u2019assimilation du contenu du cours, ainsi que la familiarisation avec les principales m\u00e9thodes historiques (critique des sources) et sociologiques (entretien biographique).<\/p>\n<p>Travaux en cours :<br \/>\nSocio-histoire de l\u2019\u00e9volution du concept de culture en banlieue \u00ab populaire \u00bb et communiste (doctorat)<\/p>\n","protected":false},"excerpt":{"rendered":"<p>Charg\u00e9e de cours Doctorante en sociologie \u00e0 l\u2019Observatoire sociologique du changement (OSC) sous la direction d\u2019Edmond Pr\u00e9teceille et Marco Oberti Contact : pauline.clech@yahoo.fr Th\u00e8mes de recherche : Sociologie des banlieues, sociologie de la culture, socio-histoire du communisme Enseignement : \u00ab Les \u00e9tapes du changement social aux XIXe et XXe si\u00e8cles \u00bb Premier semestre : Lundi&hellip;<\/p>\n","protected":false},"author":1,"featured_media":0,"parent":102,"menu_order":0,"comment_status":"closed","ping_status":"closed","template":"","meta":{"footnotes":""},"class_list":["post-3086","page","type-page","status-publish","hentry","description-off"],"_links":{"self":[{"href":"https:\/\/sociologie.univ-paris8.fr\/index.php?rest_route=\/wp\/v2\/pages\/3086","targetHints":{"allow":["GET"]}}],"collection":[{"href":"https:\/\/sociologie.univ-paris8.fr\/index.php?rest_route=\/wp\/v2\/pages"}],"about":[{"href":"https:\/\/sociologie.univ-paris8.fr\/index.php?rest_route=\/wp\/v2\/types\/page"}],"author":[{"embeddable":true,"href":"https:\/\/sociologie.univ-paris8.fr\/index.php?rest_route=\/wp\/v2\/users\/1"}],"replies":[{"embeddable":true,"href":"https:\/\/sociologie.univ-paris8.fr\/index.php?rest_route=%2Fwp%2Fv2%2Fcomments&post=3086"}],"version-history":[{"count":2,"href":"https:\/\/sociologie.univ-paris8.fr\/index.php?rest_route=\/wp\/v2\/pages\/3086\/revisions"}],"predecessor-version":[{"id":4001,"href":"https:\/\/sociologie.univ-paris8.fr\/index.php?rest_route=\/wp\/v2\/pages\/3086\/revisions\/4001"}],"up":[{"embeddable":true,"href":"https:\/\/sociologie.univ-paris8.fr\/index.php?rest_route=\/wp\/v2\/pages\/102"}],"wp:attachment":[{"href":"https:\/\/sociologie.univ-paris8.fr\/index.php?rest_route=%2Fwp%2Fv2%2Fmedia&parent=3086"}],"curies":[{"name":"wp","href":"https:\/\/api.w.org\/{rel}","templated":true}]}}