{"id":3021,"date":"2010-10-01T18:02:34","date_gmt":"2010-10-01T16:02:34","guid":{"rendered":"?page_id=3021"},"modified":"2012-06-08T09:48:53","modified_gmt":"2012-06-08T07:48:53","slug":"etienne-jean-marc","status":"publish","type":"page","link":"https:\/\/sociologie.univ-paris8.fr\/?page_id=3021","title":{"rendered":"Etienne Jean-Marc"},"content":{"rendered":"<h3><img loading=\"lazy\" decoding=\"async\" src=\"wp-content\/uploads\/2010\/10\/etienne-jeanmarc.jpg\" alt=\"\" title=\"etienne-jeanmarc\" width=\"110\" height=\"173\" class=\"alignright size-full wp-image-3022\" srcset=\"https:\/\/sociologie.univ-paris8.fr\/wp-content\/uploads\/2010\/10\/etienne-jeanmarc.jpg 110w, https:\/\/sociologie.univ-paris8.fr\/wp-content\/uploads\/2010\/10\/etienne-jeanmarc-95x150.jpg 95w\" sizes=\"auto, (max-width: 110px) 100vw, 110px\" \/>Charg\u00e9 de cours<\/h3>\n<p>Contact : jeanmarc_etienne@yahoo.fr<br \/>\nDoctorant en sociologie \u00e0  l&rsquo;EHESS sous la direction de G\u00e9rard Mauger, rattach\u00e9 au Centre de Sociologie Europ\u00e9enne. Charg\u00e9 de mission pour l&rsquo;association Lecture Jeunesse. <\/p>\n<h3>Th\u00e9matiques de recherche:<\/h3>\n<p>Sociologie de la lecture et de l&rsquo;\u00e9ducation. <\/p>\n<h3>Travaux en cours:<\/h3>\n<p>Th\u00e8se: Les lecteurs et leurs fili\u00e8res: Gen\u00e8se des attentes, repr\u00e9sentations et pratiques de lecture entre le lyc\u00e9e et l&rsquo;universit\u00e9.<\/p>\n<p>Charge de mission: La r\u00e9ception des oeuvres au coll\u00e8ge.  <\/p>\n<h3>Enseignements:<\/h3>\n<p>Au premier semestre: \u00ab Questionnaire \u00bb: mercredi 15h-18h et jeudi 9h-12h.<\/p>\n<h3>Rapports de recherche<\/h3>\n<p><em>La r\u00e9ception des oeuvres au coll\u00e8ge: Identification et valorisation de soi<\/em>., Rapport de recherche pour l&rsquo;association Lecture Jeunesse, 2010.<\/p>\n","protected":false},"excerpt":{"rendered":"<p>Charg\u00e9 de cours Contact : jeanmarc_etienne@yahoo.fr Doctorant en sociologie \u00e0 l&rsquo;EHESS sous la direction de G\u00e9rard Mauger, rattach\u00e9 au Centre de Sociologie Europ\u00e9enne. Charg\u00e9 de mission pour l&rsquo;association Lecture Jeunesse. Th\u00e9matiques de recherche: Sociologie de la lecture et de l&rsquo;\u00e9ducation. Travaux en cours: Th\u00e8se: Les lecteurs et leurs fili\u00e8res: Gen\u00e8se des attentes, repr\u00e9sentations et pratiques&hellip;<\/p>\n","protected":false},"author":1,"featured_media":0,"parent":102,"menu_order":0,"comment_status":"closed","ping_status":"closed","template":"","meta":{"footnotes":""},"class_list":["post-3021","page","type-page","status-publish","hentry","description-off"],"_links":{"self":[{"href":"https:\/\/sociologie.univ-paris8.fr\/index.php?rest_route=\/wp\/v2\/pages\/3021","targetHints":{"allow":["GET"]}}],"collection":[{"href":"https:\/\/sociologie.univ-paris8.fr\/index.php?rest_route=\/wp\/v2\/pages"}],"about":[{"href":"https:\/\/sociologie.univ-paris8.fr\/index.php?rest_route=\/wp\/v2\/types\/page"}],"author":[{"embeddable":true,"href":"https:\/\/sociologie.univ-paris8.fr\/index.php?rest_route=\/wp\/v2\/users\/1"}],"replies":[{"embeddable":true,"href":"https:\/\/sociologie.univ-paris8.fr\/index.php?rest_route=%2Fwp%2Fv2%2Fcomments&post=3021"}],"version-history":[{"count":9,"href":"https:\/\/sociologie.univ-paris8.fr\/index.php?rest_route=\/wp\/v2\/pages\/3021\/revisions"}],"predecessor-version":[{"id":4769,"href":"https:\/\/sociologie.univ-paris8.fr\/index.php?rest_route=\/wp\/v2\/pages\/3021\/revisions\/4769"}],"up":[{"embeddable":true,"href":"https:\/\/sociologie.univ-paris8.fr\/index.php?rest_route=\/wp\/v2\/pages\/102"}],"wp:attachment":[{"href":"https:\/\/sociologie.univ-paris8.fr\/index.php?rest_route=%2Fwp%2Fv2%2Fmedia&parent=3021"}],"curies":[{"name":"wp","href":"https:\/\/api.w.org\/{rel}","templated":true}]}}