{"id":30,"date":"2005-05-27T10:22:06","date_gmt":"2005-05-27T08:22:06","guid":{"rendered":"?page_id=30"},"modified":"2011-06-22T15:56:04","modified_gmt":"2011-06-22T13:56:04","slug":"samuel","status":"publish","type":"page","link":"https:\/\/sociologie.univ-paris8.fr\/?page_id=30","title":{"rendered":"Samuel Michel"},"content":{"rendered":"<h3>Ma\u00eetre de conf\u00e9rences<\/h3>\n<p><img decoding=\"async\" class=\"alignright\" src=\"photo\/samuel-2.jpg\" alt=\"Michel Samuel, universit\u00e9 Paris 8\" title=\"Michel Samuel, universit\u00e9 paris 8\"\/><br \/>\nTh\u00e8mes de recherche : Anthropologie, sociologie de l&rsquo;immigration.<\/p>\n<h3>Permanences<\/h3>\n<p>Vendredi 14h-16h (salles B348 ou B349)<br \/>\n<a href=\"?page_id=89\">e-mail<\/a><\/p>\n<p>Michel Samuel est ma\u00eetre de conf\u00e9rence \u00e0 l&rsquo;Universit\u00e9 Paris 8 depuis 1986. Auparavant, il \u00e9tait mis \u00e0 la disposition de l\u2019ORSTOM, en poste au Mozambique comme directeur scientifique des Archives du Patrimoine Culturel (Minist\u00e8re de la Culture du Mozambique).<br \/>\nDepuis quelques ann\u00e9es d\u00e9j\u00e0, les r\u00e9sultats des enqu\u00eates de terrain et des recherches men\u00e9es ou anim\u00e9es par Michel Samuel font pour l\u2019essentiel l\u2019objet d\u2019une valorisation sous forme d\u2019expositions ou de brochures, r\u00e9alis\u00e9es en lien avec des associations, des institutions ou des collectivit\u00e9s territoriales.<\/p>\n<h3>Enseignement<\/h3>\n<p><strong>\u201cIntroduction \u00e0 l\u2019oeuvre de Marx??<\/strong><br \/>\n Cet enseignement de DEUG,  propos\u00e9 aux \u00e9tudiants de deuxi\u00e8me ann\u00e9e, comprend trois moments :<br \/>\n&#8211; une lecture comment\u00e9e du premier livre du \u201cCapital??,<br \/>\n&#8211; une mise en \u00e9vidence de la d\u00e9marche scientifique de Marx,<br \/>\n&#8211; l\u2019examen de la mani\u00e8re dont certains courants de l\u2019anthropologie ont propos\u00e9 de nouvelles approches de la discipline en se r\u00e9f\u00e9rant au marxisme <\/p>\n<p><strong> \u201cL\u2019enqu\u00eate de terrain?? <\/strong><br \/>\nDans ce cours de DEUG, apr\u00e8s une pr\u00e9sentation de ce que l\u2019anthropologie d\u00e9finit comme \u201ctravail de terrain??, les \u00e9tudiants sont invit\u00e9s \u00e0 \u00e9laborer, \u00e0 partir d\u2019un th\u00e8me de recherche qu\u2019ils choisissent, des \u00e9l\u00e9ments de probl\u00e9matique et \u00e0 pr\u00e9parer un premier plan de travail, r\u00e9pondant aux exigences d\u2019une enqu\u00eate de terrain. <\/p>\n<p><strong> \u201cAnthropologie urbaine??<\/strong><br \/>\nCet enseignement de licence propose un ensemble de r\u00e9flexions issues d\u2019ouvrages et d\u2019articles concernant :<br \/>\n&#8211; l\u2019histoire de l\u2019urbanisation dans les p\u00e9riph\u00e9ries urbaines ;<br \/>\n&#8211; l\u2019histoire du peuplement, en saisissant les logiques r\u00e9sidentielles de groupes sociaux particuliers ;<br \/>\n&#8211; les sociabilit\u00e9s locales, marqu\u00e9es par la cohabitation spatiale de cat\u00e9gories sociales diversifi\u00e9es, mais aussi par la forte pr\u00e9sence de populations d\u2019origine \u00e9trang\u00e8re ;<br \/>\n&#8211; les modes de gestion sociale territorialis\u00e9s des groupes d\u00e9finis comme pr\u00e9caires et marginaux. <\/p>\n<p><strong> \u201cS\u00e9minaire de m\u00e9thode??<\/strong><br \/>\nDans ce s\u00e9minaire de ma\u00eetrise, les \u00e9tudiants indiquent en d\u00e9but de cours \u00e0 quelle \u00e9tape de leur recherche ils en sont. Je leur pr\u00e9sente alors de brefs expos\u00e9s \u201cm\u00e9thodologiques?? concernant le choix et la n\u00e9gociation du terrain, les rapports chercheurs \/ informateurs, la pr\u00e9paration et la r\u00e9alisation des entretiens et des observations, l\u2019organisation documentaire et le traitement analytique des donn\u00e9es recueillies. <\/p>\n<h3>Parmi ses publications<\/h3>\n<p>&#8211; <em>Le prol\u00e9tariat africain noir en France<\/em>, Paris, Masp\u00e9ro, 1978.<br \/>\n&#8211; <em>Mozambique : de la colonisation portugaise \u00e0 la lib\u00e9ration nationale<\/em>, traduction anglais-fran\u00e7ais de l\u2019ouvrage d\u2019Eduardo Mondlane \u201cThe struggle for Mozambique??, \u00c9ditions l\u2019Harmattan, Paris, 1979<br \/>\n&#8211; \u201cL\u2019Europe tropicale ou la nouvelle l\u00e9gitimation europ\u00e9enne des colonies?? Plein Droit, num\u00e9ro sp\u00e9cial \u201cL\u2019Europe communautaire??, 1990<br \/>\n&#8211; Michel SAMUEL, \u00ab\u00a0Portugal, France, Mozambique, un t\u00e9moignage.\u00a0\u00bb, <em>in<\/em>Travaux et Documents (n\u00b07, 2000), dir. Maria Helena Araoejo Carreira, Presses de l&rsquo;Universit\u00e9 Paris 8-Vincennes-St Denis.<\/p>\n","protected":false},"excerpt":{"rendered":"<p>Ma\u00eetre de conf\u00e9rences Th\u00e8mes de recherche : Anthropologie, sociologie de l&rsquo;immigration. Permanences Vendredi 14h-16h (salles B348 ou B349) e-mail Michel Samuel est ma\u00eetre de conf\u00e9rence \u00e0 l&rsquo;Universit\u00e9 Paris 8 depuis 1986. Auparavant, il \u00e9tait mis \u00e0 la disposition de l\u2019ORSTOM, en poste au Mozambique comme directeur scientifique des Archives du Patrimoine Culturel (Minist\u00e8re de la&hellip;<\/p>\n","protected":false},"author":1,"featured_media":0,"parent":102,"menu_order":0,"comment_status":"closed","ping_status":"closed","template":"","meta":{"footnotes":""},"class_list":["post-30","page","type-page","status-publish","hentry","description-off"],"_links":{"self":[{"href":"https:\/\/sociologie.univ-paris8.fr\/index.php?rest_route=\/wp\/v2\/pages\/30","targetHints":{"allow":["GET"]}}],"collection":[{"href":"https:\/\/sociologie.univ-paris8.fr\/index.php?rest_route=\/wp\/v2\/pages"}],"about":[{"href":"https:\/\/sociologie.univ-paris8.fr\/index.php?rest_route=\/wp\/v2\/types\/page"}],"author":[{"embeddable":true,"href":"https:\/\/sociologie.univ-paris8.fr\/index.php?rest_route=\/wp\/v2\/users\/1"}],"replies":[{"embeddable":true,"href":"https:\/\/sociologie.univ-paris8.fr\/index.php?rest_route=%2Fwp%2Fv2%2Fcomments&post=30"}],"version-history":[{"count":1,"href":"https:\/\/sociologie.univ-paris8.fr\/index.php?rest_route=\/wp\/v2\/pages\/30\/revisions"}],"predecessor-version":[{"id":3898,"href":"https:\/\/sociologie.univ-paris8.fr\/index.php?rest_route=\/wp\/v2\/pages\/30\/revisions\/3898"}],"up":[{"embeddable":true,"href":"https:\/\/sociologie.univ-paris8.fr\/index.php?rest_route=\/wp\/v2\/pages\/102"}],"wp:attachment":[{"href":"https:\/\/sociologie.univ-paris8.fr\/index.php?rest_route=%2Fwp%2Fv2%2Fmedia&parent=30"}],"curies":[{"name":"wp","href":"https:\/\/api.w.org\/{rel}","templated":true}]}}