{"id":3,"date":"2005-05-27T09:48:35","date_gmt":"2005-05-27T07:48:35","guid":{"rendered":"?page_id=3"},"modified":"2015-06-28T10:53:58","modified_gmt":"2015-06-28T08:53:58","slug":"ponton","status":"publish","type":"page","link":"https:\/\/sociologie.univ-paris8.fr\/?page_id=3","title":{"rendered":"Ponton R\u00e9my"},"content":{"rendered":"<h3>Professeur<\/h3>\n<p>Th\u00e8mes de recherche : Sociologie des intellectuels, de la litt\u00e9rature, et des pratiques culturelles, Membre du CRESPPA-GTM.<\/p>\n<h3>Permanences<\/h3>\n<p>mardi, 17h, salle des enseignants (B336)<br \/>\n<a href=\"?page_id=89\">e-mail<\/a><\/p>\n<h3>Parmi ses publications<\/h3>\n<p><strong>1970-1979<\/strong><br \/>\n&#8211; \u00ab <a href=\"http:\/\/links.jstor.org\/sici?sici=0035-2969(197304%2F06)14%3A2%3C202%3APEEADC%3E2.0.CO%3B2-L\">Programme esth\u00e9tique et accumulation de capital symbolique. L\u2019exemple du Parnasse (sur JSTOR)<\/a> \u00bb, <em>Revue fran\u00e7aise de sociologie<\/em>, XIV, 1973, pp. 202-220<br \/>\n&#8211; \u00ab <a href=\"http:\/\/www.persee.fr\/showPage.do?urn=arss_0335-5322_1975_num_1_4_3421\">Naissance du roman psychologique<\/a> \u00bb. <em>Actes de la recherche en sciences sociales<\/em>,  1975\/04, p.66-81<br \/>\n&#8211; \u00ab <a href=\"http:\/\/www.persee.fr\/showPage.do?urn=arss_0335-5322_1977_num_17_1_2576\">Les images de la paysannerie dans le roman rural \u00e0 la fin du XIXe si\u00e8cle<\/a> \u00bb. <em>Actes de la recherche en sciences sociales<\/em>, 1977\/17-18, p.62-71<\/p>\n<p><strong>1980-1989<\/strong><br \/>\n&#8211; \u00ab <a href=\"http:\/\/www.persee.fr\/showPage.do?urn=ahess_0395-2649_1980_num_35_6_282701\">Une histoire des sociabilit\u00e9s politiques. \u00c0 propos de l&rsquo;ouvrage de Maurice Agulhon \u00ab\u00a0<em>Les cercles dans la France bourgeoise (1810-1848)<\/em>\u00ab\u00a0<\/a> \u00bb, <em>Annales ESC<\/em>, 1980, n\u00b06, pp.1269-1280<br \/>\n&#8211; \u00ab <a href=\"http:\/\/www.persee.fr\/showPage.do?urn=arss_0335-5322_1985_num_57_1_2264\">L&rsquo;\u00e9ducation morale des ruraux. Un manuel de lecture de l&rsquo;\u00e9cole primaire<\/a> \u00bb, <em>Actes de la recherche en sciences sociales<\/em>, 1985, 57\/58, p. 103-107<br \/>\n&#8211; \u00ab La carri\u00e8re d&rsquo;\u00e9crivain (1865-1905) \u00bb, in <em>Sociologie de l&rsquo;art<\/em>, sous la direction de Raymonde Moulin, La documentation Fran\u00e7aise, Paris, 1986. [r\u00e9\u00e9dit\u00e9 en 1999 aux \u00e9ditions L&rsquo;Harmattan]<br \/>\n&#8211; \u00ab Un auteur bourgeois: Maurice Barr\u00e8s \u00bb, <em>Ethnologie fran\u00e7aise<\/em>, 1990 (1).<br \/>\n&#8211; \u00ab La construction d&rsquo;une l\u00e9gitimit\u00e9 : Edmond About, dans le d\u00e9bat r\u00e9publicain \u00bb <em>in<\/em> Maurice Agulhon (dir) <em>Cultures et folklores r\u00e9publicains<\/em>, Paris, Editions du CTHS, 1995- p. 383-402<\/p>\n<p><strong>1990-2005<\/strong><br \/>\n&#8211; \u00ab <a href=\"http:\/\/www.persee.fr\/showPage.do?urn=polix_0295-2319_1991_num_4_14_1453\">Sur la constitution de la cat\u00e9gorie du \u00ab\u00a0populaire\u00a0\u00bb apr\u00e8s 1848. A propos de quelques contemporains d&rsquo;Alphonse Daudet<\/a> \u00bb; <em>Politix<\/em>, 1991, n\u00b014, p.65-72<br \/>\n&#8211; \u00ab Erckmann-Chatrian, une construction historique et litt\u00e9raire de l&rsquo;Alsace-Lorraine \u00bb, <em>Quarante-huit \/ Quatorze<\/em>, 1994, n\u00b07<br \/>\n&#8211; \u00ab Parcours en compagnie de Pierre Naville \u00bb, in M. Brunet, P. Lanthier, l&rsquo;inscription sociale de l&rsquo;intellectuel, Les presses de l&rsquo;universit\u00e9 de Laval, L&rsquo;Harmattan, 2000.<br \/>\n&#8211; \u00ab Le th\u00e8me de la vocation dans le syst\u00e8me de valeurs des saint-cyriens d&rsquo;apr\u00e8s les \u00e9ditoriaux et les chroniques du Casoar (1962-1973) \u00bb, <em>Les Champs de Mars<\/em>, 2001, n\u00b010, p.171-&#8230;<br \/>\n&#8211; \u00ab Auteur \u00bb, <em>Le Dictionnaire du litt\u00e9raire<\/em>, Paul Aron, Denis St-Jacques et Alain Viala dir., Paris, PUF, 2002, p. 31.<br \/>\n&#8211; \u00ab En relisant Albert Cassagne \u00bb, in H. Milot, C. Saminadayar, Spectacles de la parole, ed. des Cahiers intempestifs, Saint-Etienne, 2003.<\/p>\n<p><strong>2006-&#8230;<\/strong><br \/>\n&#8211; \u00ab Lectures et affinit\u00e9s intellectuelles de Pierre Naville \u00bb, <em>in<\/em> Fran\u00e7oise Blum (\u00e9d.), <em>Les vies de Pierre Naville<\/em>, Lilles, Presses du Septentrion, 2007, p.17-35<br \/>\n&#8211; \u00ab La notion de r\u00e9ception imm\u00e9diate \u00bb, <i>in<\/i>Isabelle Charpentier (ed), <i>Comment sont re\u00e7ues les oeuvres<\/i>, Cr\u00e9aphis 2006 p.47-60.<br \/>\n&#8211; compte rendu du livre de Fabrice Thumerel (ed.) <i>Annie Ernaux, une oeuvre de l&rsquo;entre-deux<\/i>,  dans la <i>Revue fran\u00e7aise de sociologie<\/i>, 47-1, mars 2006.<br \/>\n&#8211;  \u00ab Paris dans les romans des Goncourt \u00bb <i>in<\/i> C. Horvath et H. Waahlberg, <i>Cartographie du roman urbain<\/i>, Paratexte, Toronto, 2007<\/p>\n","protected":false},"excerpt":{"rendered":"<p><b>Professeur de sociologie<\/b> : Th\u00e8mes de recherche : Sociologie des intellectuels, de la litt\u00e9rature, et des pratiques culturelles, Membre du CRESPPA-GTM.<\/p>\n","protected":false},"author":1,"featured_media":0,"parent":102,"menu_order":0,"comment_status":"closed","ping_status":"closed","template":"","meta":{"footnotes":""},"class_list":["post-3","page","type-page","status-publish","hentry","description-off"],"_links":{"self":[{"href":"https:\/\/sociologie.univ-paris8.fr\/index.php?rest_route=\/wp\/v2\/pages\/3","targetHints":{"allow":["GET"]}}],"collection":[{"href":"https:\/\/sociologie.univ-paris8.fr\/index.php?rest_route=\/wp\/v2\/pages"}],"about":[{"href":"https:\/\/sociologie.univ-paris8.fr\/index.php?rest_route=\/wp\/v2\/types\/page"}],"author":[{"embeddable":true,"href":"https:\/\/sociologie.univ-paris8.fr\/index.php?rest_route=\/wp\/v2\/users\/1"}],"replies":[{"embeddable":true,"href":"https:\/\/sociologie.univ-paris8.fr\/index.php?rest_route=%2Fwp%2Fv2%2Fcomments&post=3"}],"version-history":[{"count":2,"href":"https:\/\/sociologie.univ-paris8.fr\/index.php?rest_route=\/wp\/v2\/pages\/3\/revisions"}],"predecessor-version":[{"id":6867,"href":"https:\/\/sociologie.univ-paris8.fr\/index.php?rest_route=\/wp\/v2\/pages\/3\/revisions\/6867"}],"up":[{"embeddable":true,"href":"https:\/\/sociologie.univ-paris8.fr\/index.php?rest_route=\/wp\/v2\/pages\/102"}],"wp:attachment":[{"href":"https:\/\/sociologie.univ-paris8.fr\/index.php?rest_route=%2Fwp%2Fv2%2Fmedia&parent=3"}],"curies":[{"name":"wp","href":"https:\/\/api.w.org\/{rel}","templated":true}]}}