{"id":2993,"date":"2010-09-22T13:47:14","date_gmt":"2010-09-22T11:47:14","guid":{"rendered":"?page_id=2993"},"modified":"2015-06-28T10:53:11","modified_gmt":"2015-06-28T08:53:11","slug":"amari-salima","status":"publish","type":"page","link":"https:\/\/sociologie.univ-paris8.fr\/?page_id=2993","title":{"rendered":"Amari Salima"},"content":{"rendered":"<h3>Charg\u00e9e de cours<\/h3>\n<p><strong>Th\u00e8mes de recherche :<\/strong><br \/>\n\u2022 Genre et sexualit\u00e9s<br \/>\n\u2022 Genre et migration<br \/>\n\u2022 Imbrication des rapports sociaux<\/p>\n<p>Affiliation institutionnelle : Centre de Recherches Sociologiques et Politiques de Paris CRESPPA-UMR 7217, CNRS et universit\u00e9 Paris 8, \u00e9quipe GTM.<\/p>\n<p><strong>Articles<\/strong> <\/p>\n<p>\u2022 \u00ab Des lesbiennes en devenir. Coming-out, loyaut\u00e9 filiale et h\u00e9t\u00e9ronormativit\u00e9 chez des descendantes d\u2019immigrant-e-s maghr\u00e9bin-e-s \u00bb. Dans <em>Cahiers du Genre<\/em> n\u00b053\/2012. Subjectivit\u00e9s et rapports sociaux coordonn\u00e9 par Maxime Cervulle, Danielle Kergoat et Armelle Testenoire, pp. 55-75.<br \/>\n\u2022  \u00ab (Ne pas) dire l\u2019homosexualit\u00e9 chez des lesbiennes maghr\u00e9bines et d\u2019ascendance maghr\u00e9bine en France \u00bb, in <em>Modern &#038; Contemporary France<\/em>, 21\/02, 2013, pp. 219-235.<br \/>\n\u2022 \u00ab Sujets tacites. Le cas de lesbiennes d\u2019origine maghr\u00e9bine \u00bb. <em>Tumultes<\/em> 2013\/2 (n\u00b041), Dire les homosexualit\u00e9s d\u2019une rive \u00e0 l\u2019autre de la M\u00e9diterran\u00e9e, pp 205-221.<br \/>\n\u2022 \u00ab Lesbiennes et (post)migrantes dans la ville. Intersectionnalit\u00e9 des rapports sociaux \u00bb, in <em>G\u00e9ographie des homophobies<\/em> coordonn\u00e9 par Yves Raibaud et Arnaud Alessandrin, Armand Colin, 2013.  <\/p>\n<p>\u2022  \u00ab <a href=\"http:\/\/www.lespt.org\/lesonline\/index.php?journal=lo&#038;page=article&#038;op=view&#038;path%5B%5D=21\">Le cyberespace comme le tiers-espace des lesbiennes de \u00abculture musulmane\u00bb dans le monde ?<\/a> \u00bb, Les on line, Digital journal on lesbian issues, Vol.2, n\u00b01 (2010), [<a href=\"http:\/\/www.lespt.org\/lesonline\/index.php?journal=lo&#038;page=article&#038;op=view&#038;path%5B%5D=21&#038;path%5B%5D=22\">version pdf<\/a>]<\/p>\n","protected":false},"excerpt":{"rendered":"<p>Charg\u00e9e de cours Th\u00e8mes de recherche : \u2022 Genre et sexualit\u00e9s \u2022 Genre et migration \u2022 Imbrication des rapports sociaux Affiliation institutionnelle : Centre de Recherches Sociologiques et Politiques de Paris CRESPPA-UMR 7217, CNRS et universit\u00e9 Paris 8, \u00e9quipe GTM. Articles \u2022 \u00ab Des lesbiennes en devenir. Coming-out, loyaut\u00e9 filiale et h\u00e9t\u00e9ronormativit\u00e9 chez des descendantes&hellip;<\/p>\n","protected":false},"author":1,"featured_media":0,"parent":102,"menu_order":0,"comment_status":"closed","ping_status":"closed","template":"","meta":{"footnotes":""},"class_list":["post-2993","page","type-page","status-publish","hentry","description-off"],"_links":{"self":[{"href":"https:\/\/sociologie.univ-paris8.fr\/index.php?rest_route=\/wp\/v2\/pages\/2993","targetHints":{"allow":["GET"]}}],"collection":[{"href":"https:\/\/sociologie.univ-paris8.fr\/index.php?rest_route=\/wp\/v2\/pages"}],"about":[{"href":"https:\/\/sociologie.univ-paris8.fr\/index.php?rest_route=\/wp\/v2\/types\/page"}],"author":[{"embeddable":true,"href":"https:\/\/sociologie.univ-paris8.fr\/index.php?rest_route=\/wp\/v2\/users\/1"}],"replies":[{"embeddable":true,"href":"https:\/\/sociologie.univ-paris8.fr\/index.php?rest_route=%2Fwp%2Fv2%2Fcomments&post=2993"}],"version-history":[{"count":6,"href":"https:\/\/sociologie.univ-paris8.fr\/index.php?rest_route=\/wp\/v2\/pages\/2993\/revisions"}],"predecessor-version":[{"id":6638,"href":"https:\/\/sociologie.univ-paris8.fr\/index.php?rest_route=\/wp\/v2\/pages\/2993\/revisions\/6638"}],"up":[{"embeddable":true,"href":"https:\/\/sociologie.univ-paris8.fr\/index.php?rest_route=\/wp\/v2\/pages\/102"}],"wp:attachment":[{"href":"https:\/\/sociologie.univ-paris8.fr\/index.php?rest_route=%2Fwp%2Fv2%2Fmedia&parent=2993"}],"curies":[{"name":"wp","href":"https:\/\/api.w.org\/{rel}","templated":true}]}}