{"id":2948,"date":"2010-09-15T11:21:01","date_gmt":"2010-09-15T09:21:01","guid":{"rendered":"?page_id=2948"},"modified":"2011-09-20T18:32:39","modified_gmt":"2011-09-20T16:32:39","slug":"deshayes-fabien","status":"publish","type":"page","link":"https:\/\/sociologie.univ-paris8.fr\/?page_id=2948","title":{"rendered":"Deshayes Fabien"},"content":{"rendered":"<h3>Attach\u00e9 Temporaire d\u2019Enseignement et de Recherche (ATER)<\/h3>\n<p>Doctorant en sociologie, sous la direction de Jean-Fran\u00e7ois La\u00e9<\/p>\n<p>Contact : deshayes.fabien@gmail.com<\/p>\n<p>Enseignement : \u00ab Les \u00e9tapes du changement social, XIX\u00e8me-XX\u00e8me. \u00bb<br \/>\nPremier semestre : le mercredi de 9 h \u00e0 12 h.<br \/>\nDeuxi\u00e8me semestre : le mardi de 15 h \u00e0 18 h.<\/p>\n<h3>Domaines de recherche :<\/h3>\n<p>Sociologie du travail social, protection de l\u2019enfance, \u00e9crits professionnels.<\/p>\n<h3>Travaux en cours :<\/h3>\n<p>Rapport de recherche pour l\u2019Observatoire National de l\u2019Enfance en Danger, intitul\u00e9 \u00ab Les pratiques professionnelles en protection de l\u2019enfance. Etude sur les effets de la loi du 2 janvier 2002 \u00bb, avec Coline Cardi et Jean-Fran\u00e7ois La\u00e9.<\/p>\n<p>Rapports de recherche :<br \/>\n\u00ab Aller aux prud\u2019hommes ? Un acc\u00e8s difficile \u00e0 la justice du travail \u00bb, sous la direction de Jean-Fran\u00e7ois La\u00e9 et Isabelle Astier, rapport pour le GIP Justice, 2009.<\/p>\n","protected":false},"excerpt":{"rendered":"<p>Attach\u00e9 Temporaire d\u2019Enseignement et de Recherche (ATER) Doctorant en sociologie, sous la direction de Jean-Fran\u00e7ois La\u00e9 Contact : deshayes.fabien@gmail.com Enseignement : \u00ab Les \u00e9tapes du changement social, XIX\u00e8me-XX\u00e8me. \u00bb Premier semestre : le mercredi de 9 h \u00e0 12 h. Deuxi\u00e8me semestre : le mardi de 15 h \u00e0 18 h. Domaines de recherche :&hellip;<\/p>\n","protected":false},"author":1,"featured_media":0,"parent":102,"menu_order":0,"comment_status":"closed","ping_status":"closed","template":"","meta":{"footnotes":""},"class_list":["post-2948","page","type-page","status-publish","hentry","description-off"],"_links":{"self":[{"href":"https:\/\/sociologie.univ-paris8.fr\/index.php?rest_route=\/wp\/v2\/pages\/2948","targetHints":{"allow":["GET"]}}],"collection":[{"href":"https:\/\/sociologie.univ-paris8.fr\/index.php?rest_route=\/wp\/v2\/pages"}],"about":[{"href":"https:\/\/sociologie.univ-paris8.fr\/index.php?rest_route=\/wp\/v2\/types\/page"}],"author":[{"embeddable":true,"href":"https:\/\/sociologie.univ-paris8.fr\/index.php?rest_route=\/wp\/v2\/users\/1"}],"replies":[{"embeddable":true,"href":"https:\/\/sociologie.univ-paris8.fr\/index.php?rest_route=%2Fwp%2Fv2%2Fcomments&post=2948"}],"version-history":[{"count":4,"href":"https:\/\/sociologie.univ-paris8.fr\/index.php?rest_route=\/wp\/v2\/pages\/2948\/revisions"}],"predecessor-version":[{"id":4008,"href":"https:\/\/sociologie.univ-paris8.fr\/index.php?rest_route=\/wp\/v2\/pages\/2948\/revisions\/4008"}],"up":[{"embeddable":true,"href":"https:\/\/sociologie.univ-paris8.fr\/index.php?rest_route=\/wp\/v2\/pages\/102"}],"wp:attachment":[{"href":"https:\/\/sociologie.univ-paris8.fr\/index.php?rest_route=%2Fwp%2Fv2%2Fmedia&parent=2948"}],"curies":[{"name":"wp","href":"https:\/\/api.w.org\/{rel}","templated":true}]}}