{"id":28,"date":"2005-05-27T10:21:18","date_gmt":"2005-05-27T08:21:18","guid":{"rendered":"?page_id=28"},"modified":"2019-03-13T21:17:05","modified_gmt":"2019-03-13T19:17:05","slug":"menoret","status":"publish","type":"page","link":"https:\/\/sociologie.univ-paris8.fr\/?page_id=28","title":{"rendered":"M\u00e9noret Marie"},"content":{"rendered":"<h3><img decoding=\"async\" class=\"alignright\" src=\"photo\/menoret.jpg\" title=\"Marie M\u00e9noret, universite Paris 8\"\/>Ma\u00eetresse de conf\u00e9rences<\/h3>\n<p>Marie M\u00e9noret est d\u00e9c\u00e9d\u00e9e en 2019.<\/p>\n<h3>Parmi ses publications<\/h3>\n<p><strong>Livres :<\/strong><br \/>\n<img decoding=\"async\" src=\"wp-content\/uploads\/2007\/11\/menoret2007.png\" class=\"alignright\"\/>M\u00e9noret, Marie, <em><a href=\"http:\/\/www.amazon.fr\/temps-du-cancer-Marie-M\u00e9noret\/dp\/2915651701\/ref=sr_1_4?ie=UTF8&#038;s=books&#038;qid=1197281800&#038;sr=8-4\">Les temps du cancer (nouvelle \u00e9dition)<\/a><\/em>, Latresne, Le Bord de l&rsquo;eau \u00e9ditions, 2007<\/p>\n<p>M\u00e9noret, Marie et Carricaburu, Dani\u00e8le, <em><a href=\"http:\/\/www.amazon.fr\/exec\/obidos\/redirect?tag=-%26link_code=xm2%26camp=2025%26creative=165953%26path=http:\/\/www.amazon.fr\/gp\/redirect.html%253fASIN=2200262299%2526tag=-%2526lcode=xm2%2526cID=2025%2526ccmID=165953%2526location=\/o\/ASIN\/2200262299%25253FSubscriptionId=-\">Sociologie de la sant\u00e9 : Institutions, professions et maladies<\/a><\/em>, Paris, Nathan (coll. U), 2004 (traduction italienne, <i>Sociologia della salute<\/i>, edizioni del Mulino, 2007)<\/p>\n<p>M\u00e9noret, Marie, <em><a href=\"http:\/\/www.amazon.fr\/temps-du-cancer-Marie-M\u00e9noret\/dp\/2915651701\/ref=sr_1_4?ie=UTF8&#038;s=books&#038;qid=1197281800&#038;sr=8-4\">Les temps du cancer<\/a><\/em>, Paris, Editions du CNRS, 1999<\/p>\n<p><strong>Articles :<\/strong><\/p>\n<p>M\u00e9noret Marie, 2007, \u00ab <a href=\"http:\/\/www.john-libbey-eurotext.fr\/fr\/revues\/sante_pub\/sss\/e-docs\/00\/04\/2B\/AF\/resume.md?type=text.html\">Informer mais convaincre : incertitude m\u00e9dicale et rh\u00e9torique statistique en canc\u00e9rologie<\/a> \u00bb, <em>Sciences Sociales et Sant\u00e9<\/em>, Volume 25, Num\u00e9ro 1.<\/p>\n<p>M\u00e9noret, Marie, 2006, \u00ab\u00a0Pr\u00e9vention du cancer du sein\u00a0: cachez ce politique que je ne saurais voir\u00a0\u00bb, <em>Nouvelles Questions F\u00e9ministes<\/em>, vol.26, n\u00b02.<\/p>\n<p>M\u00e9noret, Marie, \u00ab Les transformations dans la relation m\u00e9decin\/malade : mythe et r\u00e9alit\u00e9s \u00bb, (avec D. Carricaburu), La Sant\u00e9 &#8211; Cahiers Fran\u00e7ais, La Documentation Fran\u00e7aise, n\u00b0324, 2005.<\/p>\n<p>M\u00e9noret, Marie, 2005, \u00ab\u00a0Cancer et soci\u00e9t\u00e9\u00a0: dogmes et doutes\u00a0\u00bb in Crouet H. et Delozier T. (ed) <em>Dogmes et doutes. Revue critique des standards en s\u00e9nologie<\/em>, pp. 27-35, [ISBN\u00a0: 2-915968-02-0], DaTeBe \u00c9ditions.<\/p>\n<p>M\u00e9noret, Marie, \u00ab\u00a0<a href=\"http:\/\/dx.doi.org\/10.1093\/shm\/15.2.291\">The genesis of the notion of stages in oncology: The French permanent cancer survey (1943-1952)<\/a>\u00ab\u00a0, <em>Social history of medicine<\/em> (ISSN : 0951-631X), 2002, 15(2), 291-302<\/p>\n<p>M\u00e9noret, Marie, \u00ab\u00a0L&rsquo;apprentissage du m\u00e9tier de m\u00e9decin \u00e0 l&rsquo;\u00e2ge d&rsquo;or de la sociologie m\u00e9dicale : <em>The Student Physician<\/em> et <em>Boys in White<\/em>\u00ab\u00a0, <em>Les Sciences de l&rsquo;\u00e9ducation pour l&rsquo;\u00e8re nouvelle<\/em>, (ISSN : 0755-9593), n\u00b02, pp.71-90, 2003<\/p>\n<p>M\u00e9noret, Marie, \u00a0\u00bb Innovation g\u00e9n\u00e9tique et cancer : l&rsquo;organisation des rapports entre professionnels et usagers en France et aux Etats-Unis\u00a0\u00bb , <em>Innovations et Soci\u00e9t\u00e9s<\/em>, n\u00b02, D\u00e9cembre, 2002.<\/p>\n<p>M\u00e9noret, Marie, 2002, \u00ab\u00a0\u00c9tude sur les causes des disparit\u00e9s r\u00e9gionales dans la chirurgie du cancer du sein\u00a0\u00bb, (avec Boutou O., Junod B., Labbe N., Laplace L., Leduff F., et Qu\u00e9lier C.),  <em>Direction de l\u2019Hospitalisation et de l\u2019Organisation des Soins<\/em>, \u00c9cole Nationale de Sant\u00e9 Publique, Rennes, Octobre.<\/p>\n<h3>Recherches en cours<\/h3>\n<p>-G\u00e9n\u00e9tique, h\u00e9r\u00e9dit\u00e9 et m\u00e9dicalisation de la famille.<br \/>\n-M\u00e9decine anticanc\u00e9reuse et sant\u00e9 des femmes.<br \/>\n-Recours para-m\u00e9dicaux et non-conventionnels dans l\u2019exp\u00e9rience du cancer.<\/p>\n","protected":false},"excerpt":{"rendered":"<p>Ma\u00eetresse de conf\u00e9rences Marie M\u00e9noret est d\u00e9c\u00e9d\u00e9e en 2019. Parmi ses publications Livres : M\u00e9noret, Marie, Les temps du cancer (nouvelle \u00e9dition), Latresne, Le Bord de l&rsquo;eau \u00e9ditions, 2007 M\u00e9noret, Marie et Carricaburu, Dani\u00e8le, Sociologie de la sant\u00e9 : Institutions, professions et maladies, Paris, Nathan (coll. U), 2004 (traduction italienne, Sociologia della salute, edizioni del&hellip;<\/p>\n","protected":false},"author":1,"featured_media":0,"parent":102,"menu_order":0,"comment_status":"closed","ping_status":"closed","template":"","meta":{"footnotes":""},"class_list":["post-28","page","type-page","status-publish","hentry","description-off"],"_links":{"self":[{"href":"https:\/\/sociologie.univ-paris8.fr\/index.php?rest_route=\/wp\/v2\/pages\/28","targetHints":{"allow":["GET"]}}],"collection":[{"href":"https:\/\/sociologie.univ-paris8.fr\/index.php?rest_route=\/wp\/v2\/pages"}],"about":[{"href":"https:\/\/sociologie.univ-paris8.fr\/index.php?rest_route=\/wp\/v2\/types\/page"}],"author":[{"embeddable":true,"href":"https:\/\/sociologie.univ-paris8.fr\/index.php?rest_route=\/wp\/v2\/users\/1"}],"replies":[{"embeddable":true,"href":"https:\/\/sociologie.univ-paris8.fr\/index.php?rest_route=%2Fwp%2Fv2%2Fcomments&post=28"}],"version-history":[{"count":3,"href":"https:\/\/sociologie.univ-paris8.fr\/index.php?rest_route=\/wp\/v2\/pages\/28\/revisions"}],"predecessor-version":[{"id":8762,"href":"https:\/\/sociologie.univ-paris8.fr\/index.php?rest_route=\/wp\/v2\/pages\/28\/revisions\/8762"}],"up":[{"embeddable":true,"href":"https:\/\/sociologie.univ-paris8.fr\/index.php?rest_route=\/wp\/v2\/pages\/102"}],"wp:attachment":[{"href":"https:\/\/sociologie.univ-paris8.fr\/index.php?rest_route=%2Fwp%2Fv2%2Fmedia&parent=28"}],"curies":[{"name":"wp","href":"https:\/\/api.w.org\/{rel}","templated":true}]}}