{"id":270,"date":"2007-07-25T14:29:12","date_gmt":"2007-07-25T12:29:12","guid":{"rendered":"?page_id=270"},"modified":"2023-03-02T10:39:21","modified_gmt":"2023-03-02T08:39:21","slug":"jounin-nicolas","status":"publish","type":"page","link":"https:\/\/sociologie.univ-paris8.fr\/?page_id=270","title":{"rendered":"Jounin Nicolas"},"content":{"rendered":"<h3><img decoding=\"async\" src=\"wp-content\/uploads\/2007\/07\/jounin.jpg\" alt=\"Nicolas Jounin Universit\u00e9 Paris 8\" title=\"Nicolas Jounin\" class=\"alignright\"\/>Ma\u00eetre de conf\u00e9rences<\/h3>\n<p>Th\u00e8mes de recherche : travail (dynamiques d\u2019externalisation et de pr\u00e9carisation), immigration et relations interethniques.<br \/>\n<b>permanences<\/b> : les lundis, jeudis et vendredi sur rendez-vous<br \/>\n<a href=\"?page_id=89\">e-mail<\/a><br \/>\nSite web : <a href=\"http:\/\/www.nicolasjounin.com\/\">http:\/\/www.nicolasjounin.com\/<\/a><\/p>\n<h3>Parmi ses publications et interventions<\/h3>\n<p><img loading=\"lazy\" decoding=\"async\" src=\"wp-content\/uploads\/2007\/07\/onbosseici.png\" alt=\"\" title=\"onbosseici\" class=\"alignright size-full wp-image-3642\" width=\"155\" height=\"253\" srcset=\"https:\/\/sociologie.univ-paris8.fr\/wp-content\/uploads\/2007\/07\/onbosseici.png 155w, https:\/\/sociologie.univ-paris8.fr\/wp-content\/uploads\/2007\/07\/onbosseici-91x150.png 91w\" sizes=\"auto, (max-width: 155px) 100vw, 155px\" \/>2011. <i>On bosse ici, on reste ici ! La gr\u00e8ve des sans-papiers : une aventure in\u00e9dite<\/i> (avec Pierre Barron, S\u00e9bastien Chauvin, Lucie Tourette et Anne Bory), Paris, La D\u00e9couverte.<\/p>\n<p>2010. (Avec S\u00e9bastien Chauvin) L\u2019observation directe. In S. Paugam (dir.), <em>L\u2019enqu\u00eate sociologique<\/em>, Paris, PUF, pp. 143-165.<\/p>\n<p>2009. Des sans-papiers locaux \u00e0 la sous-traitance internationale. Trajectoire d\u2019un m\u00e9tier du b\u00e2timent : le ferraillage. In A. Morice, S. Potot (dir.), <em>De l\u2019ouvrier immigr\u00e9 au travailleur sans papiers<\/em>, Paris, Karthala, pp. 69-91.<\/p>\n<p>2009. La bataille de la rupture du contrat de travail dans le b\u00e2timent. Le r\u00f4le de la sous-traitance et du r\u00e9gime de citoyennet\u00e9. In B. Gomel, D. M\u00e9da et E. Serverin (dir.), <em>L\u2019emploi en ruptures<\/em>, Paris, Dalloz, pp. 85-98.<\/p>\n<p>2009. Paternaliste mais presque. In T. Perron (dir.), <em>Histoire d\u2019un film, m\u00e9moire d\u2019une lutte. \u00c9tranges \u00e9trangers<\/em>. Scope \u00e9ditions.<\/p>\n<p>2008. Rappels \u00e0 l\u2019ordre et subversions ordinaires dans le langage de chantier. In C. Mo\u00efse, N. Auger, B. Fracchiolla et C. Schultz-Romain (dir.), L<em>a violence verbale<\/em>, tome 1, Paris, L\u2019Harmattan, pp. 109-126.<\/p>\n<p>2008. <i>Chantier interdit au public. Enqu\u00eate parmi les travailleurs du b\u00e2timent<\/i>, Paris, \u00c9ditions La D\u00e9couverte, collection \u00ab\u00a0Textes \u00e0 l&rsquo;appui \/ enqu\u00eate de terrain\u00a0\u00bb <img decoding=\"async\" src=\"wp-content\/uploads\/2008\/02\/9782707153838.gif\" class=\"alignright\"\/><\/p>\n<p>2008. \u00ab\u00a0Humiliations ordinaires et contestations silencieuses. La situation des travailleurs pr\u00e9caires des chantiers\u00a0\u00bb, <i>Soci\u00e9t\u00e9s contemporaines<\/i>, n\u00b070, p.25-43<\/p>\n<p>2008. avec \u00c9lise Palomares et Aude Rabaud, \u00ab\u00a0Ethnicisations ordinaires, voix minoritaires\u00a0\u00bb, <i>Soci\u00e9t\u00e9s contemporaines<\/i>, n\u00b070, p.7-23<\/p>\n<p>2007. (Avec S\u00e9bastien Chauvin). L\u2019externalisation des ill\u00e9galit\u00e9s. Ethnographie des usages du travail \u00ab temporaire \u00bb \u00e0 Chicago et Paris. <i>Colloque \u00ab Economie informelle, travail au noir \u00bb<\/i>, Universit\u00e9 de Marne-la-Vall\u00e9e, 17 septembre 2007. <a href=\"http:\/\/www.cee-recherche.fr\/colloque_tepp\/eco_informelle\/pdf\/Chauvin_Jounin.pdf\"> Disponible en ligne [PDF]<\/a><\/p>\n<p>2007. (Avec Bertrand Boyer) Rendre visibles les travailleurs immigr\u00e9s, ou les immigr\u00e9s comme travailleurs. <i>Migrations soci\u00e9t\u00e9<\/i>, vol. 19, n\u00b0111-112, mai-ao\u00fbt 2007, pp. 75-89.<\/p>\n<p>2007. L\u2019ill\u00e9galit\u00e9 sous-trait\u00e9e ? Les cons\u00e9quences du recours \u00e0 des employeurs interm\u00e9diaires dans le secteur du b\u00e2timent. <i>Droit social<\/i>, n\u00b0 1, janvier 2007, pp. 38-45.<\/p>\n<p>2006. <a href=\"http:\/\/www.cairn.info\/revue-actes-de-la-recherche-en-sciences-sociales-2006-5-p-72.htm\">La s\u00e9curit\u00e9 au travail accapar\u00e9e par les directions. Quand les ouvriers du b\u00e2timent affrontent clandestinement le danger<\/a>. <i>Actes de la recherche en sciences sociales<\/i>, n\u00b0 165, d\u00e9cembre 2006, pp. 72-91.<\/p>\n<p>2006. (Avec Loup Wolff) Entre fonctions et statuts, les relations hi\u00e9rarchiques dans les \u00e9tablissements de sant\u00e9. Centre d\u2019\u00e9tudes de l\u2019emploi, Rapport de recherche n\u00b0 32. 126 p.  Disponible sur <a href=\"http:\/\/www.sante.gouv.fr\/drees\/serieetudes\/serieetud64.htm\">http:\/\/www.sante.gouv.fr\/drees\/serieetudes\/serieetud64.htm<\/a>  &#8212; et, en format PDF : <a href=\"http:\/\/www.sante.gouv.fr\/drees\/serieetudes\/pdf\/serieetud64.pdf\">http:\/\/www.sante.gouv.fr\/drees\/serieetudes\/pdf\/serieetud64.pdf<\/a><\/p>\n<p>2006. <a href=\"http:\/\/www.ires-fr.org\/files\/publications\/revue\/r50\/r501.pdf\">Les travailleurs immigr\u00e9s du b\u00e2timent entre discrimination et pr\u00e9carit\u00e9. L\u2019exemple d\u2019une activit\u00e9 externalis\u00e9e : le ferraillage. [PDF]<\/a> <i>La Revue de l\u2019IRES<\/i>, n\u00b0 50, 2006\/1, pp. 3-25. Disponible sur <a href=\"http:\/\/www.ires-fr.org\/files\/publications\/revue\/revueires.htm\">http:\/\/www.ires-fr.org\/files\/publications\/revue\/revueires.htm<\/a><\/p>\n<p>2004. <a href=\"http:\/\/remi.revues.org\/index2025.html\">L\u2019ethnicisation en chantier, reconstruction des statuts par l\u2019ethnique en milieu de travail.<\/a> <i>Revue Europ\u00e9enne des Migrations Internationales<\/i>, volume 20, n\u00b0 3, pp. 103-126.<\/p>\n<h3>Autre<\/h3>\n<p>2008- <a href=\"?p=557\">Journal t\u00e9l\u00e9vis\u00e9<\/a>, <i>France2<\/i>, 19 juin 2008.<br \/>\n2008- <a href=\"fichiers\/20080424-jounin-rsr.mp3\">Rien n&rsquo;est jou\u00e9 ! [mp3]<\/a>, sur la <i>Radio suisse romande<\/i>, 24 avril 2008.<br \/>\n2008- <a href=\"fichiers\/jounin-signes-particuliers-20080409.mp3\">Signes particuliers [mp3]<\/a>, sur <i>RFI<\/i>, 9 avril 2008<br \/>\n2008- <a href=\"fichiers\/20080304-franceinter-jounin.mp3\">Chronique \u00ab\u00a0Je vous r\u00e9veille\u00a0\u00bb [MP3]<\/a>, \u00e9mission \u00ab\u00a0Le Cinq Sept\u00a0\u00bb, sur <i>France Inter<\/i>, 4 mars 2008<br \/>\n2008- <a href=\"fichiers\/jounin-franceculture-2008.mp3\">Emission A Plus d&rsquo;un titre [MP3]<\/a>, <i>France Culture<\/i>, 27 f\u00e9vrier 2008<br \/>\n2007- <a href=\"http:\/\/www.loldf.org\/archives\/07.06.06.nicolas.junin.travailleurs.batiments.mp3\">Emission de radio [mp3]<\/a> : \u00ab\u00a0Les Oreilles Loin Du Front\u00a0\u00bb, 6 juin 2007, sur Fr\u00e9quence Paris Plurielle.<\/p>\n","protected":false},"excerpt":{"rendered":"<p>Ma\u00eetre de conf\u00e9rences Th\u00e8mes de recherche : travail (dynamiques d\u2019externalisation et de pr\u00e9carisation), immigration et relations interethniques. permanences : les lundis, jeudis et vendredi sur rendez-vous e-mail Site web : http:\/\/www.nicolasjounin.com\/ Parmi ses publications et interventions 2011. On bosse ici, on reste ici ! La gr\u00e8ve des sans-papiers : une aventure in\u00e9dite (avec Pierre Barron,&hellip;<\/p>\n","protected":false},"author":1,"featured_media":0,"parent":102,"menu_order":0,"comment_status":"closed","ping_status":"closed","template":"enseignants.php","meta":{"footnotes":""},"class_list":["post-270","page","type-page","status-publish","hentry","description-off"],"_links":{"self":[{"href":"https:\/\/sociologie.univ-paris8.fr\/index.php?rest_route=\/wp\/v2\/pages\/270","targetHints":{"allow":["GET"]}}],"collection":[{"href":"https:\/\/sociologie.univ-paris8.fr\/index.php?rest_route=\/wp\/v2\/pages"}],"about":[{"href":"https:\/\/sociologie.univ-paris8.fr\/index.php?rest_route=\/wp\/v2\/types\/page"}],"author":[{"embeddable":true,"href":"https:\/\/sociologie.univ-paris8.fr\/index.php?rest_route=\/wp\/v2\/users\/1"}],"replies":[{"embeddable":true,"href":"https:\/\/sociologie.univ-paris8.fr\/index.php?rest_route=%2Fwp%2Fv2%2Fcomments&post=270"}],"version-history":[{"count":7,"href":"https:\/\/sociologie.univ-paris8.fr\/index.php?rest_route=\/wp\/v2\/pages\/270\/revisions"}],"predecessor-version":[{"id":10742,"href":"https:\/\/sociologie.univ-paris8.fr\/index.php?rest_route=\/wp\/v2\/pages\/270\/revisions\/10742"}],"up":[{"embeddable":true,"href":"https:\/\/sociologie.univ-paris8.fr\/index.php?rest_route=\/wp\/v2\/pages\/102"}],"wp:attachment":[{"href":"https:\/\/sociologie.univ-paris8.fr\/index.php?rest_route=%2Fwp%2Fv2%2Fmedia&parent=270"}],"curies":[{"name":"wp","href":"https:\/\/api.w.org\/{rel}","templated":true}]}}