{"id":2525,"date":"2010-02-09T19:14:13","date_gmt":"2010-02-09T17:14:13","guid":{"rendered":"?page_id=2525"},"modified":"2013-08-01T08:41:53","modified_gmt":"2013-08-01T06:41:53","slug":"brand-magdalena","status":"publish","type":"page","link":"https:\/\/sociologie.univ-paris8.fr\/?page_id=2525","title":{"rendered":"Brand Magdalena"},"content":{"rendered":"<h2><img loading=\"lazy\" decoding=\"async\" src=\"wp-content\/uploads\/2010\/02\/brand-madgalena-paris8.jpg\" alt=\"brand-madgalena-paris8\" title=\"brand-madgalena-paris8\" width=\"120\" height=\"172\" class=\"alignright size-full wp-image-2527\" srcset=\"https:\/\/sociologie.univ-paris8.fr\/wp-content\/uploads\/2010\/02\/brand-madgalena-paris8.jpg 120w, https:\/\/sociologie.univ-paris8.fr\/wp-content\/uploads\/2010\/02\/brand-madgalena-paris8-104x150.jpg 104w\" sizes=\"auto, (max-width: 120px) 100vw, 120px\" \/>Doctorante contractuelle, monitrice<\/h2>\n<p>Contact: magdalenabrand@hotmail.com<br \/>\nPermanences: le jeudi sur rdv<\/p>\n<h3>Domaines de recherche:<\/h3>\n<p>Politiques de d\u00e9veloppement et politiques postcoloniales fran\u00e7aises<br \/>\nRapports sociaux de sexe<br \/>\nTravail de service<br \/>\nTravail sexuel<\/p>\n<p>Th\u00e8se en cours sous la direction de Gail Pheterson (CRESPPA-CSU):<br \/>\nLes \u00e9changes \u00e9conomico-sexuels entre des expatri\u00e9s fran\u00e7ais et des femmes centrafricaines \u00e0 Bangui : politiques fran\u00e7aises du travail en Centrafrique et r\u00e9sistances des femmes libres<\/p>\n<h3>Publications:<\/h3>\n<p>2008, \u00ab Ethnographie d&rsquo;un ordinaire bureaucratique. Une universit\u00e9 centrafricaine du point de vue des interactions quotidiennes entre professionnels et \u00e9tudiants. \u00bb, RAHIA, N\u00b0 28 [en ligne]<br \/>\n2006, \u00ab Mus\u00e9ographie du temps qui passe. A propos d&rsquo;une exposition r\u00e9alis\u00e9e avec le Mus\u00e9e d&rsquo;Ethnographie de Neuch\u00e2tel. \u00bb, ethnographiques.org, N\u00b0 9 [en ligne]<\/p>\n<h3>Communications:<\/h3>\n<p>2012, \u00ab Des r\u00e9sistances des terrains aux r\u00e9sistances des femmes : saisir les rapports de pouvoir par la marge \u00bb, Atelier 4.1, 6\u00e8me congr\u00e8s international des \u00e9tudes f\u00e9ministes francophones, Universit\u00e9 de Lausanne, 29 ao\u00fbt-2 septembre 2012<br \/>\n2012, \u00ab Le travail de serveuse dans un restaurant du centre-ville de Bangui. R\u00e9sistances des femmes centrafricaines et politiques fran\u00e7aises du travail en Centrafrique \u00bb, Journ\u00e9e d&rsquo;\u00e9tude de l&rsquo;\u00e9cole doctorale Sciences Sociales, Universit\u00e9 Paris 8, 12 avril<br \/>\n2012, \u00ab Histoires orales des politiques du concubinage postcolonial en Centrafrique \u00bb, S\u00e9minaire NYU Paris, Le Genre en situation coloniale, NYU Paris, 14 mars<br \/>\n2011, \u00ab Analyses multi-sites comme socialisations aux fronti\u00e8res dans l&rsquo;enqu\u00eate et \u00e0 l&rsquo;Universit\u00e9 \u00bb, S\u00e9minaire du CRESPPA (CSU-GTM), Pouchet, 20 juin<br \/>\n2011, \u00ab Enseigner le genre \u00e0 l&rsquo;Universit\u00e9 \u00bb, Journ\u00e9e d&rsquo;\u00c9tude du CSU, Le Rocheton, 17 juin<br \/>\n2010, \u00ab La perspective f\u00e9ministe, un enjeu des \u00e9tudes genre \u00bb, Atelier 2. Section \u00e9tudes f\u00e9ministes, Congr\u00e8s Marx International VI, Universit\u00e9 de Nanterre, 23 septembre<\/p>\n<h3>Enseignements: 2009 \u2013 2012, Monitorat, Universit\u00e9 Paris 8, d\u00e9partement de sociologie<\/h3>\n<p>D\u00e9crire la soci\u00e9t\u00e9 fran\u00e7aise, Licence 1, UE Enseignements fondamentaux<br \/>\nGenre et mondialisation, Licence 2, UE Questions de sociologie<br \/>\nFormes de cat\u00e9gorisation, Licence 1, UE Enseignements fondamentaux<br \/>\nPerspectives f\u00e9ministes en \u00e9tudes genre, Licence 3, UE Grands courants de la sociologie<\/p>\n<h3>Dipl\u00f4mes et bourses universitaires:<\/h3>\n<p>&#8211; 2009 \u2013 2012: contrat doctoral, Universit\u00e9 Paris 8<br \/>\n&#8211; 2007: Master professionnel en anthropologie appliqu\u00e9e, Universit\u00e9 de Provence<br \/>\n&#8211; 2005: Licence d&rsquo;ethnologie, Institut d&rsquo;ethnologie de Neuch\u00e2tel (Suisse)<br \/>\n&#8211; 2004: DEUG d&rsquo;histoire, Universit\u00e9 de Nanterre<\/p>\n","protected":false},"excerpt":{"rendered":"<p>Doctorante contractuelle, monitrice Contact: magdalenabrand@hotmail.com Permanences: le jeudi sur rdv Domaines de recherche: Politiques de d\u00e9veloppement et politiques postcoloniales fran\u00e7aises Rapports sociaux de sexe Travail de service Travail sexuel Th\u00e8se en cours sous la direction de Gail Pheterson (CRESPPA-CSU): Les \u00e9changes \u00e9conomico-sexuels entre des expatri\u00e9s fran\u00e7ais et des femmes centrafricaines \u00e0 Bangui : politiques fran\u00e7aises&hellip;<\/p>\n","protected":false},"author":1,"featured_media":0,"parent":102,"menu_order":0,"comment_status":"closed","ping_status":"closed","template":"","meta":{"footnotes":""},"class_list":["post-2525","page","type-page","status-publish","hentry","description-off"],"_links":{"self":[{"href":"https:\/\/sociologie.univ-paris8.fr\/index.php?rest_route=\/wp\/v2\/pages\/2525","targetHints":{"allow":["GET"]}}],"collection":[{"href":"https:\/\/sociologie.univ-paris8.fr\/index.php?rest_route=\/wp\/v2\/pages"}],"about":[{"href":"https:\/\/sociologie.univ-paris8.fr\/index.php?rest_route=\/wp\/v2\/types\/page"}],"author":[{"embeddable":true,"href":"https:\/\/sociologie.univ-paris8.fr\/index.php?rest_route=\/wp\/v2\/users\/1"}],"replies":[{"embeddable":true,"href":"https:\/\/sociologie.univ-paris8.fr\/index.php?rest_route=%2Fwp%2Fv2%2Fcomments&post=2525"}],"version-history":[{"count":10,"href":"https:\/\/sociologie.univ-paris8.fr\/index.php?rest_route=\/wp\/v2\/pages\/2525\/revisions"}],"predecessor-version":[{"id":5785,"href":"https:\/\/sociologie.univ-paris8.fr\/index.php?rest_route=\/wp\/v2\/pages\/2525\/revisions\/5785"}],"up":[{"embeddable":true,"href":"https:\/\/sociologie.univ-paris8.fr\/index.php?rest_route=\/wp\/v2\/pages\/102"}],"wp:attachment":[{"href":"https:\/\/sociologie.univ-paris8.fr\/index.php?rest_route=%2Fwp%2Fv2%2Fmedia&parent=2525"}],"curies":[{"name":"wp","href":"https:\/\/api.w.org\/{rel}","templated":true}]}}