{"id":22,"date":"2005-05-27T10:02:51","date_gmt":"2005-05-27T08:02:51","guid":{"rendered":"?page_id=22"},"modified":"2025-07-28T12:25:06","modified_gmt":"2025-07-28T10:25:06","slug":"lafaye","status":"publish","type":"page","link":"https:\/\/sociologie.univ-paris8.fr\/?page_id=22","title":{"rendered":"Lafaye Claudette"},"content":{"rendered":"<h3><img loading=\"lazy\" decoding=\"async\" src=\"wp-content\/uploads\/2008\/10\/lafaye-claudette.jpg\" alt=\"\" title=\"Claudette Lafaye\" width=\"100\" height=\"142\" class=\"alignright size-full wp-image-764\" \/>Ma\u00eetresse de conf\u00e9rences<\/h3>\n<p>Th\u00e8mes de recherche : Sociologie de l&rsquo;action publique ; sociologie des mobilisations collectives ; sociologie des engagements associatifs; sociologie des quartiers populaires ; sociologie des mutations urbaines. Membre du <a href=\"http:\/\/www.lavue.cnrs.fr\">LAVUE<\/a>.<\/p>\n<h3>Permanences<\/h3>\n<p>Sur rendez-vous : clafaye@univ-paris8.fr<\/p>\n<h3>Enseignements<\/h3>\n<p>En licence : m\u00e9thodes des sciences sociales &#038; pratique de l&rsquo;enqu\u00eate (l&rsquo;entr\u00e9e dans la vie \u00e9tudiante ; les pratiques d&rsquo;enseignement ; les mutations urbaines) ; sociologie des quartiers populaires ; sociologie de l&rsquo;action collective ; encadrement de stages de terrain.<br \/>\nEn master : Lire les sciences sociales ; encadrement de l&rsquo;enqu\u00eate collective.<\/p>\n<p><a href=\"http:\/\/www.lgdj.fr\/colloques-etudes-rapports\/228247\/competences-critiques-sens-justice\"><img loading=\"lazy\" decoding=\"async\" src=\"wp-content\/uploads\/2005\/05\/lafaye-competences.jpg\" alt=\"lafaye-competences\" title=\"lafaye-competences\" width=\"120\" height=\"189\" class=\"alignright size-full wp-image-2203\" srcset=\"https:\/\/sociologie.univ-paris8.fr\/wp-content\/uploads\/2005\/05\/lafaye-competences.jpg 120w, https:\/\/sociologie.univ-paris8.fr\/wp-content\/uploads\/2005\/05\/lafaye-competences-95x150.jpg 95w\" sizes=\"auto, (max-width: 120px) 100vw, 120px\" \/><\/a> <\/p>\n<h3>Publications r\u00e9centes<\/h3>\n<p><strong>Livres<\/strong><br \/>\n&#8211; Claudette Lafaye (et al), <em><a href=\"http:\/\/www.lgdj.fr\/colloques-etudes-rapports\/228247\/competences-critiques-sens-justice\">Sens de la justice, sens critique<\/a><\/em>, (sous la direction de M. Breviglieri, C. Lafaye et D. Trom), Paris, Economica, 2009 (collection \u00ab Etudes sociologiques \u00bb)<br \/>\n&#8211; Claudette Lafaye, <em>Sociologie des organisations<\/em>, Paris: Nathan (coll. \u00ab\u00a0128\u00a0\u00bb), 1996. (r\u00e9\u00e9dit\u00e9 en 2005 et en 2009)<\/p>\n<p><strong>Articles et contributions \u00e0 des ouvrages collectifs<\/strong><a href=\"wp-content\/uploads\/2005\/05\/lafaye-128.jpg\"><img loading=\"lazy\" decoding=\"async\" src=\"wp-content\/uploads\/2005\/05\/lafaye-128.jpg\" alt=\"lafaye-128\" title=\"lafaye-128\" width=\"120\" height=\"170\" class=\"alignright size-full wp-image-2021\" srcset=\"https:\/\/sociologie.univ-paris8.fr\/wp-content\/uploads\/2005\/05\/lafaye-128.jpg 120w, https:\/\/sociologie.univ-paris8.fr\/wp-content\/uploads\/2005\/05\/lafaye-128-105x150.jpg 105w\" sizes=\"auto, (max-width: 120px) 100vw, 120px\" \/><\/a><\/p>\n<p><strong>2018<\/strong><br \/>\nDeboulet A., Lafaye C., \u00ab La r\u00e9novation urbaine, entre d\u00e9logement et relogement. Les effets sociaux de l\u2019\u00e9viction \u00bb, <em>L\u2019ann\u00e9e sociologique<\/em>, vol. 68, 2018\/1, pp.155-184. <\/p>\n<p>Deboulet A., Lafaye C., \u00ab Une p\u00e9dagogie impliqu\u00e9e. Les d\u00e9fis d\u2019une coop\u00e9ration citoyenne sur les enjeux urbains. \u00bb, <em>Sociologies pratiques<\/em>, n\u00b037, 2018\/2. <\/p>\n<p><strong>2017<\/strong><br \/>\nLafaye C., \u00ab Faire soci\u00e9t\u00e9 \u00e0 l\u2019\u00e9chelle du quartier ? L\u2019engagement des classes moyennes intellectuelles dans les quartiers populaires en cours de gentrification \u00bb, dans Jean-Pascal Higel\u00e9 et Lionel Jacquot, <em>Figures de l&rsquo;engagement. Objet, formes, trajectoires<\/em>. Nancy, Editions universitaires de Lorraine, 2017, pp.279-297. <\/p>\n<p>Lafaye C., Th\u00e9venot L., \u00ab An Ecological Justification? Conflicts in the Development of Nature \u00bb, in <em>Research in the Sociology of Organizations<\/em>, 52, 2017, pp.273-300. [Traduction de \u00ab Une justification \u00e9cologique ? Conflits dans l&rsquo;am\u00e9nagement de la nature \u00bb, <em>Revue fran\u00e7aise de sociologie<\/em>, 1993, 34\/4,  pp. 495-524]. <\/p>\n<p><strong>2015 <\/strong><br \/>\nBlic D. (de), Lafaye C., \u00ab Laissez-les grandir ici ! RESF ou l\u2019\u00e9l\u00e8ve au c\u0153ur de l\u2019engagement militant \u00bb, <em>M\u00e9tropolitiques<\/em>, 2015. [En ligne : <a href=\"http:\/\/www.metropolitiques.eu\/Laissez-les-grandir-ici-RESF-ou-l.html\">http:\/\/www.metropolitiques.eu\/Laissez-les-grandir-ici-RESF-ou-l.html<\/a>.] <\/p>\n<p><strong>2013<\/strong><br \/>\nde BLIC D. et LAFAYE C. \u00ab Le travail politique du R\u00e9seau Education Sans Fronti\u00e8re \u00bb dans B. Fr\u00e8re et M. Jacquemain, R\u00e9sister au quotidien, Les presses de science po.<\/p>\n<p><strong>2011<\/strong><br \/>\nde BLIC D. et LAFAYE C. \u00ab Singuli\u00e8re mobilisation. Le R\u00e9seau Education Sans Fronti\u00e8re \u00bb Projet, 2011, n\u00b0321, avril 2011<\/p>\n<p><strong>2007<\/strong><br \/>\nLafaye, Claudette, et Yves Dutercq, \u00ab<a href=\"http:\/\/dx.doi.org\/10.1525\/aeq.2007.38.2.178\">Taking Sides: To School or Not to School Squatters&rsquo; Children<\/a>\u00bb, <i>Anthropology &#038; Education Quarterly<\/i>, June 2007, Vol. 38, No. 2: pp. 178-194 [<a href=\"http:\/\/dx.doi.org\/10.1525\/aeq.2007.38.2.178\">doi: 10.1525\/aeq.2007.38.2.178<\/a>]<br \/>\nLafaye, Claudette, et Yves Dutercq, \u00ab<a href=\"http:\/\/www.cairn.info\/resume.php?ID_REVUE=ES&#038;ID_NUMPUBLIE=ES_019&#038;ID_ARTICLE=ES_019_0053\">Se mobiliser pour soi et pour les autres. La politique d\u2019\u00e9ducation interrog\u00e9e par l\u2019action de proximit\u00e9<\/a>\u00bb, <i>Education et soci\u00e9t\u00e9<\/i>, n\u00b0 19 \u20132007\/1, p. 53-66<br \/>\n<strong>2005<\/strong><br \/>\nLAFAYE C., 2005 \u00ab Mutation des organisations et formes renouvel\u00e9es d\u2019intensification du travail \u00bb, dans Askenazy P., Cartron D., de Coninck F., Gollac M. (dir.), <em>Organisation et intensit\u00e9 du travail<\/em>, Octares (entreprise, travail, emploi). Actes du colloque \u00ab Organisation, Intensit\u00e9 du travail, Qualit\u00e9 du travail \u00bb, 2005 (sous presse).<br \/>\n<strong>2003<\/strong><br \/>\nLAFAYE C., 2003 \u00ab <a href=\"http:\/\/www.cairn.info\/load_pdf.php?ID_ARTICLE=RFS_443_0469\">Engagement et mobilisation de parents autour de l&rsquo;\u00e9cole. Les actions pour le maintien en ZEP d&rsquo;\u00e9coles parisiennes [PDF]<\/a> \u00bb (avec Y. Dutercq), <em>Revue Fran\u00e7aise de Sociologie<\/em>, vol. 44, n\u00b03, 2003, p.469-493.<br \/>\nLAFAYE C., 2003 \u00ab L&rsquo;ancrage de proximit\u00e9 en politique(s) : Mobilisations locales et contestations de l&rsquo;action publique \u00bb <em>Revue de l&rsquo;Institut de Sociologie<\/em>, Universit\u00e9 Libre de Bruxelles, 2001\/1-4, pp. 109-121, 2003.<br \/>\n<strong>2001<\/strong><br \/>\nLAFAYE C., 2001  \u00ab Lieux et moments d&rsquo;une mobilisation collective &#8211; Le cas d&rsquo;une association de quartier\u00bb, (avec D. Cefa\u00ef), dans C\u00e9fa\u00ef D et Trom D. (dir), <em>Les formes de l&rsquo;action collective. Mobilisations dans des ar\u00e8nes publiques<\/em>, Paris, Editions de l&rsquo;EHESS, coll. \u00ab\u00a0Raisons pratiques\u00a0\u00bb, d\u00e9cembre 2001, pp. 195-228.<br \/>\nLAFAYE C., 2001 \u00a0\u00bb L&rsquo;habitant et le militant : dispositifs participatifs et associations dans l&rsquo;agglom\u00e9ration dunkerquoise \u00a0\u00bb (avec Herv\u00e9 Flanquart), <em>Actes du colloque de recherche Actions associatives, solidarit\u00e9s et territoires<\/em>, Publications de l&rsquo;Universit\u00e9 de Saint Etienne.<br \/>\nLAFAYE C., 2001 \u00a0\u00bb La figure de l&rsquo;habitant et du citoyen dans les dispositifs de participation dunkerquois \u00ab\u00a0, <em>Actes du s\u00e9minaire Cadre de vie, environnement et dynamiques associatives,<\/em> Paris-La d\u00e9fense, PUCA-Minist\u00e8re de l&rsquo;Equipement, des Transports et du Logement.<br \/>\n<strong>2000<\/strong><br \/>\nLAFAYE C., 2000 \u00a0\u00bb Gouvernance et d\u00e9mocratie : quelles reconfigurations ? \u00ab\u00a0,dans Andrew C. et Paquet G. (eds.), <em>La d\u00e9mocratie \u00e0 l&rsquo;\u00e9preuve de lagouvernance<\/em>, Ottawa, Les Presses de l&rsquo;Universit\u00e9 d&rsquo;Ottawa [<a href=\"fichiers\/lafaye2000a.pdf\">version pr\u00e9liminaire de <em>Gouvernance et d\u00e9mocratie<\/em> au format PDF<\/a>]<br \/>\nLAFAYE C.,2000 \u00ab\u00a0<a href=\"http:\/\/www.persee.fr\/showPage.do?urn=polix_0295-2319_2000_num_13_51_1111\">Note de lecture : Lolive (Jacques), Les contestations du TGV-M\u00e9dit\u00e9rann\u00e9e, Paris, L&rsquo;Harmattan, 1999<\/a>\u00ab\u00a0, <em>Politix<\/em> n\u00b052, quatri\u00e8me trimestre.<br \/>\nLAFAYE C., MOODY M. et TH\u00c9VENOT L., 2000, \u00a0\u00bb Forms of valuing nature: arguments and modes of justification in French and American environmental disputes\u00a0\u00bb, in Lamont M. et Th\u00e9venot L. (eds.), <em>Comparing Cultures and Polities : Repertoires of Evaluation in France and the United States<\/em>, Cambridge, Cambridge University Press.<br \/>\n<strong>1996<\/strong><br \/>\nLAFAYE, C., CORCUFF, P., 1996, \u00ab\u00a0L\u00e9gitimit\u00e9 et th\u00e9orie critique &#8211; Un autre usage du mod\u00e8le de la justification publique\u00a0\u00bb, <em>Mana &#8211; Revue de Sociologie et d&rsquo;Anthropologie<\/em>, n\u00b02, \u00ab\u00a0Pouvoir &#038; L\u00e9gitimit\u00e9\u00a0\u00bb, pp. 217-233, second semestre.<br \/>\nLAFAYE, C., CORCUFF, P., 1996, \u00ab\u00a0Service public et logique marchande &#8211; Tensions et red\u00e9finitions dans une direction d\u00e9partementale de l&rsquo;Equipement\u00a0\u00bb, in Gr\u00e9mion, C., Fraisse, R., (ed.), <em>La modernisation des services publics<\/em>, Paris, La Documentation Fran\u00e7aise<br \/>\n<strong>1995<\/strong><br \/>\nLAFAYE, C., 1995, \u00ab\u00a0Am\u00e9nager un site du littoral atlantique : entre politique et pragmatisme\u00a0\u00bb, <em>Etudes Rurales<\/em>, n\u00b0 133-134. [<a href=\"http:\/\/etudesrurales.revues.org\/document1237.html\">r\u00e9sum\u00e9 de l&rsquo;article<\/a>]<br \/>\n<strong>1993<\/strong><br \/>\nLAFAYE, C., CORCUFF, P., 1993, \u00ab\u00a0Les dilemmes de l&rsquo;\u00e9quilibre social : une innovation locale dans le secteur HLM\u00a0\u00bb, Paris, <em>Revue Fran\u00e7aise des Affaires Sociales<\/em>, vol 47, juillet-septembre, n\u00b0 3, pp. 63-80.<br \/>\nLAFAYE, C., CORCUFF, P., 1993, \u00ab\u00a0Territoire et r\u00e9seau : l\u00e9gitimit\u00e9s en jeu \u00e0 l&rsquo;Equipement\u00a0\u00bb, in <em>La production de l&rsquo;assentiment dans les politiques publiques, Les dossiers des S\u00e9minaires Techniques, Territoires et Soci\u00e9t\u00e9s<\/em>, Paris, Minist\u00e8re de l&rsquo;Equipement, n\u00b0 24-25, juillet, pp. 99-106.<br \/>\nLAFAYE, C., THEVENOT, L., 1993, \u00ab\u00a0Une justification \u00e9cologique ? Conflits dans l&rsquo;am\u00e9nagement de la nature\u00a0\u00bb, Paris, <em>Revue Fran\u00e7aise de Sociologie<\/em>, XXXIV-4, pp. 495-524. [<a href=\"http:\/\/links.jstor.org\/sici?sici=0035-2969(199310%2F12)34%3A4%3C495%3AUJECDL%3E2.0.CO%3B2-8\">article sur JSTOR<\/a><br \/>\nLAFAYE, C., CAMUS, A., CORCUFF, P., 1993, \u00ab\u00a0Entre le local et le national, des cas d&rsquo;innovation dans le service public\u00a0\u00bb, <em>Revue des Affaires Sociales<\/em>, vol 47, juillet-septembre, n\u00b03, pp. 17-47.<br \/>\n<strong>1990<\/strong><br \/>\nLAFAYE, Claudette, 1990, \u00ab\u00a0Situations tendues et sens ordinaires de la justice au sein d&rsquo;une administration municipale\u00a0\u00bb, <em>Revue Fran\u00e7aise de Sociologie<\/em>, Vol. 31, No. 2 (Apr. &#8211; Jun., 1990), pp. 199-223 [<a href=\"http:\/\/links.jstor.org\/sici?sici=0035-2969(199004%2F06)31%3A2%3C199%3ASTESOD%3E2.0.CO%3B2-E\">doi:10.2307\/3322427 &#8211; JSTOR<\/a>]<\/p>\n","protected":false},"excerpt":{"rendered":"<p>Ma\u00eetresse de conf\u00e9rences Th\u00e8mes de recherche : Sociologie de l&rsquo;action publique ; sociologie des mobilisations collectives ; sociologie des engagements associatifs; sociologie des quartiers populaires ; sociologie des mutations urbaines. Membre du LAVUE. Permanences Sur rendez-vous : clafaye@univ-paris8.fr Enseignements En licence : m\u00e9thodes des sciences sociales &#038; pratique de l&rsquo;enqu\u00eate (l&rsquo;entr\u00e9e dans la vie \u00e9tudiante&hellip;<\/p>\n","protected":false},"author":1,"featured_media":0,"parent":102,"menu_order":0,"comment_status":"closed","ping_status":"closed","template":"","meta":{"footnotes":""},"class_list":["post-22","page","type-page","status-publish","hentry","description-off"],"_links":{"self":[{"href":"https:\/\/sociologie.univ-paris8.fr\/index.php?rest_route=\/wp\/v2\/pages\/22","targetHints":{"allow":["GET"]}}],"collection":[{"href":"https:\/\/sociologie.univ-paris8.fr\/index.php?rest_route=\/wp\/v2\/pages"}],"about":[{"href":"https:\/\/sociologie.univ-paris8.fr\/index.php?rest_route=\/wp\/v2\/types\/page"}],"author":[{"embeddable":true,"href":"https:\/\/sociologie.univ-paris8.fr\/index.php?rest_route=\/wp\/v2\/users\/1"}],"replies":[{"embeddable":true,"href":"https:\/\/sociologie.univ-paris8.fr\/index.php?rest_route=%2Fwp%2Fv2%2Fcomments&post=22"}],"version-history":[{"count":17,"href":"https:\/\/sociologie.univ-paris8.fr\/index.php?rest_route=\/wp\/v2\/pages\/22\/revisions"}],"predecessor-version":[{"id":8624,"href":"https:\/\/sociologie.univ-paris8.fr\/index.php?rest_route=\/wp\/v2\/pages\/22\/revisions\/8624"}],"up":[{"embeddable":true,"href":"https:\/\/sociologie.univ-paris8.fr\/index.php?rest_route=\/wp\/v2\/pages\/102"}],"wp:attachment":[{"href":"https:\/\/sociologie.univ-paris8.fr\/index.php?rest_route=%2Fwp%2Fv2%2Fmedia&parent=22"}],"curies":[{"name":"wp","href":"https:\/\/api.w.org\/{rel}","templated":true}]}}