{"id":2145,"date":"2009-10-10T11:24:24","date_gmt":"2009-10-10T09:24:24","guid":{"rendered":"?page_id=2145"},"modified":"2011-09-20T18:31:35","modified_gmt":"2011-09-20T16:31:35","slug":"schijman-emilia","status":"publish","type":"page","link":"https:\/\/sociologie.univ-paris8.fr\/?page_id=2145","title":{"rendered":"Schijman Emilia"},"content":{"rendered":"<h3>Charg\u00e9e de cours<\/h3>\n<p>Emilia Schijman a une formation de sociologue, d&rsquo;abord \u00e0 l&rsquo;universit\u00e9 de Buenos Aires puis \u00e0 l&rsquo;EHESS.<\/p>\n<p>Th\u00e8mes de recherche : sociologie des classes populaires: prises de parole, \u00e9critures professionnelles, vie mat\u00e9rielle et recours aux institutions sociales; les toun\u00e9es dans les guichets sociaux <\/p>\n<p>Cours assur\u00e9 \u00e0 Paris 8 : Gen\u00e8ses des sciences sociales.<\/p>\n","protected":false},"excerpt":{"rendered":"<p>Charg\u00e9e de cours Emilia Schijman a une formation de sociologue, d&rsquo;abord \u00e0 l&rsquo;universit\u00e9 de Buenos Aires puis \u00e0 l&rsquo;EHESS. Th\u00e8mes de recherche : sociologie des classes populaires: prises de parole, \u00e9critures professionnelles, vie mat\u00e9rielle et recours aux institutions sociales; les toun\u00e9es dans les guichets sociaux Cours assur\u00e9 \u00e0 Paris 8 : Gen\u00e8ses des sciences sociales.<\/p>\n","protected":false},"author":1,"featured_media":0,"parent":102,"menu_order":0,"comment_status":"closed","ping_status":"closed","template":"","meta":{"footnotes":""},"class_list":["post-2145","page","type-page","status-publish","hentry","description-off"],"_links":{"self":[{"href":"https:\/\/sociologie.univ-paris8.fr\/index.php?rest_route=\/wp\/v2\/pages\/2145","targetHints":{"allow":["GET"]}}],"collection":[{"href":"https:\/\/sociologie.univ-paris8.fr\/index.php?rest_route=\/wp\/v2\/pages"}],"about":[{"href":"https:\/\/sociologie.univ-paris8.fr\/index.php?rest_route=\/wp\/v2\/types\/page"}],"author":[{"embeddable":true,"href":"https:\/\/sociologie.univ-paris8.fr\/index.php?rest_route=\/wp\/v2\/users\/1"}],"replies":[{"embeddable":true,"href":"https:\/\/sociologie.univ-paris8.fr\/index.php?rest_route=%2Fwp%2Fv2%2Fcomments&post=2145"}],"version-history":[{"count":2,"href":"https:\/\/sociologie.univ-paris8.fr\/index.php?rest_route=\/wp\/v2\/pages\/2145\/revisions"}],"predecessor-version":[{"id":4005,"href":"https:\/\/sociologie.univ-paris8.fr\/index.php?rest_route=\/wp\/v2\/pages\/2145\/revisions\/4005"}],"up":[{"embeddable":true,"href":"https:\/\/sociologie.univ-paris8.fr\/index.php?rest_route=\/wp\/v2\/pages\/102"}],"wp:attachment":[{"href":"https:\/\/sociologie.univ-paris8.fr\/index.php?rest_route=%2Fwp%2Fv2%2Fmedia&parent=2145"}],"curies":[{"name":"wp","href":"https:\/\/api.w.org\/{rel}","templated":true}]}}