{"id":20,"date":"2005-05-27T10:00:34","date_gmt":"2005-05-27T08:00:34","guid":{"rendered":"?page_id=20"},"modified":"2007-08-27T10:30:10","modified_gmt":"2007-08-27T08:30:10","slug":"petit","status":"publish","type":"page","link":"https:\/\/sociologie.univ-paris8.fr\/?page_id=20","title":{"rendered":"Petit V\u00c3\u00a9ronique"},"content":{"rendered":"<h3>Ma\u00c3\u00aetre de conf\u00c3\u00a9rences &#8211; maintenant \u00c3\u00a0 l&rsquo;universit\u00c3\u00a9 Paris V Ren\u00c3\u00a9 Descartes<img decoding=\"async\" src=\"photo\/petit.jpg\" title=\"Veronique Petit\" alt=\"Veronique Petit Universite Paris V\" class=\"alignright\"\/><\/h3>\n<p>Rattach\u00c3\u00a9e au <a href=\"http:\/\/www.shs.univ-paris5.fr\/popinter\/accueil\/accueil.php\">laboratoire Populations &#038; Interdisciplinarit\u00c3\u00a9<\/a> (universit\u00c3\u00a9 Paris 5 &#8211; Ren\u00c3\u00a9 Descartes), travaille sur deux th\u00c3\u00a9matiques d\u00c3\u00a9mographiques dans les pays en d\u00c3\u00a9veloppement : les cons\u00c3\u00a9quences des migrations internationales sur les soci\u00c3\u00a9t\u00c3\u00a9s d&rsquo;origine, et la sant\u00c3\u00a9 de la reproduction (transition de la f\u00c3\u00a9condit\u00c3\u00a9).<\/p>\n<h3>Plan de cours<\/h3>\n<p><a href=\"fichiers\/petit-demographie.pdf\">Introduction \u00c3\u00a0 la d\u00c3\u00a9mographie<\/a>, 2e semestre 2005-2006.<br \/>\n<a href=\"fichiers\/petit-mondialisation.pdf\">Mondialisation<\/a>, 2e semestre 2005-2006.<br \/>\n<a href=\"fichiers\/cours-petit-migration-2006.pdf\">Migrations internationales<\/a>, 1er semestre 2006-2007.<br \/>\n<a href=\"fichiers\/petit-politiquemigratoires.pdf\">Bibliographie : Politiques migratoires, assimilation, int\u00c3\u00a9gration<\/a><\/p>\n<h3>Publications r\u00c3\u00a9centes<\/h3>\n<p><img decoding=\"async\" src=\"https:\/\/images-eu.ssl-images-amazon.com\/images\/P\/2738467660.08.MZZZZZZZ.jpg\" class=\"alignright\" title=\"Migration et soci\u00c3\u00a9t\u00c3\u00a9 dogon, V\u00c3\u00a9ronique Petit\"\/><br \/>\n<strong>Livres<\/strong><br \/>\n&#8211;  <em><a href=\"http:\/\/www.amazon.fr\/exec\/obidos\/ASIN\/2747558657\/qid%3D1120828659\/402-6719612-4412140\">Entre r\u00c3\u00a9sistance et changement la planification familiale en milieu rural s\u00c3\u00a9n\u00c3\u00a9galais<a \/><\/a><\/em>, Paris, L&rsquo;Harmattan, 2003, (en collaboration avec Marie-Laetitia des Robert).<\/p>\n<p>&#8211; <em><a href=\"http:\/\/www.amazon.fr\/exec\/obidos\/redirect?tag=chaitgear-20%26link_code=xm2%26camp=2025%26creative=165953%26path=http:\/\/www.amazon.fr\/gp\/redirect.html%253fASIN=2738467660%2526tag=--%2526lcode=xm2%2526cID=2025%2526ccmID=165953%2526location=\/o\/ASIN\/2738467660%25253FSubscriptionId=-\">Migrations et soci\u00c3\u00a9t\u00c3\u00a9 Dogon<\/a><\/em>, Paris, L&rsquo;Harmattan, 331 p, 1998.<\/p>\n<p><strong>Articles et contributions \u00c3\u00a0 des ouvrages collectifs<\/strong><br \/>\n&#8211; 2005 \u00ab\u00a0<a href=\"fichiers\/petit2005a.pdf\">Circulation de l\u00e2??information en mati\u00c3\u00a8re de VIH-SIDA  au sein de la population malink\u00c3\u00a9 en Haute Guin\u00c3\u00a9e (PDF)<\/a>, <em>CONTRA \/ RELATOS desde el Sur Apuntes sobre Africa y Medio Oriente<\/em> (Universit\u00c3\u00a9 Nationale de Cordoba, Argentine, CLACSO), d\u00c3\u00a9cembre 2005 vol.1 n\u00c2\u00b01, pp. 47-62<\/p>\n<p>&#8211; 2002. \u00ab\u00a0<a href=\"fichiers\/petit2002a.pdf\">Migrations internationales et d\u00c3\u00a9veloppement<\/a>\u00a0\u00bb [PDF] <em>in<\/em>  CHARBIT Yves (dir.), <em>Le monde en d\u00c3\u00a9veloppement<\/em>. Paris, La Documentation Fran\u00c3\u00a7aise, 2002. Chapitre 8, pp.193-221.<\/p>\n<p>&#8211; 2001. \u00e2??Changement socio-\u00c3\u00a9conomique, communaut\u00c3\u00a9s villageoises et diffusion de la planification familiale en milieu rural s\u00c3\u00a9n\u00c3\u00a9galais\u00e2?? in Fr\u00c3\u00a9d\u00c3\u00a9ric Sandron et B\u00c3\u00a9n\u00c3\u00a9dicte Gastineau : <i>Dynamiques familiales et innovations socio-d\u00c3\u00a9mographiques. Etudes de cas dans les pays du Sud<\/i>, Paris, L\u00e2??Harmattan collection Populations, pp.71-97.<\/p>\n<p>&#8211; 2001. \u00e2??<a href=\"fichiers\/petit2000a.pdf\">Les migrations internationales<\/a>\u00a0\u00bb [PDF] in Yves Charbit : <i>La population des pays en d\u00c3\u00a9veloppement<\/i>, Paris, La Documentation Fran\u00c3\u00a7aise pp.99-129<\/p>\n<p>&#8211; 2001, \u00e2??<a href=\"fichiers\/petit2001a.pdf\">De la difficult\u00c3\u00a9 d\u00e2??\u00c3\u00aatre passeur de francophonie pour les migrants portugais de retour dans leur pays d\u00e2??origine<\/a>\u00e2?? [PDF], in <i>Etat de la Francophonie dans le monde 1999-2000<\/i>, Paris, \u00c3\u00a9ditions de la D\u00c3\u00a9couverte, en collaboration avec C\u00c3\u00a9lia Desbois.<\/p>\n<p>&#8211; 2001, \u00ab\u00a0<a href=\"fichiers\/petit2001b.pdf\">Le facteur topographique, d\u00c3\u00a9terminant des migrations des dogon du Mali ?<\/a> [PDF]\u00a0\u00bb in Auclair Laurent, Patrick Gubry, Michel Picouet et Fr\u00c3\u00a9d\u00c3\u00a9ric Sandron, <i>R\u00c3\u00a9gulations d\u00c3\u00a9mographiques et environnement<\/i>, Paris, IRD-CEPED, pp.183-194<\/p>\n<p>&#8211; 2000, \u00e2??Les migrations internationales\u00e2??, in Yves Charbit, <i>La population des pays en d\u00c3\u00a9veloppement<\/i>, Paris, Les Etudes de La Documentation Fran\u00c3\u00a7aise, pp.99-130.<\/p>\n<p>&#8211; 2000 Compte-rendu <a href=\"http:\/\/remi.revues.org\/document1819.html\">Abdelmalek Sayad, La double absence. Des illusions aux souffrances de l&rsquo;immigr\u00c3\u00a9<\/a>, <em>Revue Europ\u00c3\u00a9enne des Migrations Internationales<\/em>, 2000, Volume 16 , Num\u00c3\u00a9ro 2 , p. 191-193.<\/p>\n<p>&#8211; mars-avril 2000, \u00e2??Les migrants passeurs de francophonie\u00e2??  in <i>Migrations Etudes (ADRI, Synth\u00c3\u00a8se de travaux sur l\u00e2??immigration et la pr\u00c3\u00a9sence \u00c3\u00a9trang\u00c3\u00a8re)<\/i> en France, Paris, 15p.<\/p>\n<p>&#8211; 1997. <a href=\"http:\/\/links.jstor.org\/sici?sici=0032-4663(199705%2F06)52%3A3%3C515%3ASDELML%3E2.0.CO%3B2-N\">Soci\u00c3\u00a9t\u00c3\u00a9 d&rsquo;origine et logiques migratoires: les Dogon de Sangha (Mali) [JSTOR]<\/a>, <i>Population<\/i>, n\u00c2\u00b03, 1997, pp. 515-544.<\/p>\n<p>-1997. <i>Le va-et-vient identitaire. Migrants portugais et villages d&rsquo;origine<\/i>, en collaboration avec Y. Charbit, M.A. Hily et M. Poinard, \u00c3\u00a0 para\u00c3\u00aetre aux \u00c3\u00a9ditions de l&rsquo;INED, Cahier de l&rsquo;INED n\u00c2\u00b0140, 144p.<\/p>\n<p>&#8211; 1996. \u00ab\u00a0Des familles entre France et Portugal\u00a0\u00bb in <i>Espaces, Population, Soci\u00c3\u00a9t\u00c3\u00a9s<\/i>, 1996 n\u00c2\u00b02-3, en collaboration avec Yves Charbit, pp. 497-506.<\/p>\n<p>&#8211; 1996. \u00ab\u00a0Village monographs. Using CERPAA&rsquo;s methodology in population, health, and family planning programmes\u00a0\u00bb Paper presented at the expert consultative meeting on <i>Rapid assessment procedures and their application to population programmes<\/i>, UNFPA, New York 6-8 December 1995, en collaboration avec Yves Charbit, Marie-Laure Lacides, Sarah Hillcoat-Nalletamby, 23 p.<\/p>\n<p>&#8211; 1996. \u00ab\u00a0<a href=\"http:\/\/www.persee.fr\/showPage.do?urn=remi_0765-0752_1996_num_12_2_1065\">Migrations et r\u00c3\u00b4les familiaux : mesure d\u00c3\u00a9mographique et contextes culturels<\/a>\u00a0\u00bb <i>Revue Europ\u00c3\u00a9enne des Migrations Internationales<\/i>, 1996 (12) 2, pp. 25-43, en collaboration avec Yves Charbit.<\/p>\n<p>&#8211; 1995. \u00ab\u00a0<a href=\"http:\/\/www.persee.fr\/showPage.do?urn=remi_0765-0752_1994_num_10_3_1428\">Les Ana Yana, ceux qui partent au loin, migrations internationales des Dogon (Mali)<\/a>\u00ab\u00a0, in <i>Revue Europ\u00c3\u00a9enne des Migrations Internationales<\/i>, vol 10, n\u00c2\u00b03, pp. 27-48.<\/p>\n<p>&#8211; 1994. \u00ab\u00a0Soci\u00c3\u00a9t\u00c3\u00a9 villageoise et planification familiale \u00c3\u00a0 T\u00c3\u00a9r\u00c3\u00a9-Wolof\u00a0\u00bb, in <i>La population du S\u00c3\u00a9n\u00c3\u00a9gal<\/i>, sous la direction de Yves Charbit et Salif Ndiaye, DPS-CERPAA, chapitre 18, pp.319-342.<\/p>\n<p>&#8211; 1991.\u00a0\u00bbM\u00c3\u00a9thodologie et premiers r\u00c3\u00a9sultats du recensement de l&rsquo;arrondissement de Sangha\u00a0\u00bb (en collaboration avec H. Vandewalle), <i>Etudes Maliennes<\/i>, n\u00c2\u00b044, pp.40-50, ISH, Bamako.<\/p>\n<p>&#8211; 1990. \u00ab\u00a0Pour une approche pluri-disciplinaire des questions de planification familiale : une recherche en milieu rural s\u00c3\u00a9n\u00c3\u00a9galais\u00a0\u00bb (en collaboration avec Bajot, Charbit et Vandewalle), <i>Etudes Maliennes<\/i>, n\u00c2\u00b043, pp.3-13, ISH, Bamako.<\/p>\n<p><b>Autres publications :<\/b><\/p>\n<p>&#8211; f\u00c3\u00a9vrier 2003, <i>Enqu\u00c3\u00aate Population, pauvret\u00c3\u00a9 et environnement en Guin\u00c3\u00a9e maritime (Sous-pr\u00c3\u00a9fecture de Kanfarand\u00c3\u00a9). Rapport du s\u00c3\u00a9minaire de pr\u00c3\u00a9sentation des r\u00c3\u00a9sultats pr\u00c3\u00a9liminiares<\/i>, Conakry le 7 f\u00c3\u00a9vrier 2003, 52p.<\/p>\n<p>&#8211; f\u00c3\u00a9vrier 2002, <i>Enqu\u00c3\u00aate Population, pauvret\u00c3\u00a9 et environnement en Guin\u00c3\u00a9e maritime (Sous-pr\u00c3\u00a9fecture de Mankoutan). Rapport du s\u00c3\u00a9minaire de pr\u00c3\u00a9sentation des r\u00c3\u00a9sultats pr\u00c3\u00a9liminiares<\/i>, Conakry le 28 f\u00c3\u00a9vrier 2003, 42p.<\/p>\n<p>&#8211; mars 2000, <i>Sant\u00c3\u00a9 de la reproduction, contexte de crise et dynamiques villageoises en milieu rural s\u00c3\u00a9n\u00c3\u00a9galais<\/i>, en collaboration avec Salif Ndiaye, Rapport d\u00e2??enqu\u00c3\u00aate pour l\u00e2??Organisation Mondiale de la Sant\u00c3\u00a9, (2 volumes) Paris, 370 p.<\/p>\n<p>&#8211; d\u00c3\u00a9cembre 1999, <i>Synth\u00c3\u00a8se : Les migrants passeurs de francophonie au Portugal<\/i>, \u00c3\u00a0 l\u00e2??attention de la Direction de la Population et des Migrations, en collaboration avec Yves Charbit et Celia Desbois, Rapport d\u00e2??enqu\u00c3\u00aate Paris, 24 p.<\/p>\n<p>&#8211; novembre 1999, <i>Les migrants passeurs de francophonie au Portugal<\/i>, Rapport \u00c3\u00a0 l\u00e2??attention de la Direction de la Population et des Migrations, en collaboration avec Yves Charbit et Celia Desbois, Rapport d\u00e2??enqu\u00c3\u00aate Paris, 335 p.<\/p>\n<p>&#8211; 1996. \u00e2??Les d\u00c3\u00a9terminants des migrations internationales et internes des Dogon du Mali\u00e2??. Colloque ORSTOM-IFAN. Migrations internationales en Afrique de l\u00e2??Ouest.  Dakar, 3-6 d\u00c3\u00a9cembre 1996, 21p.<\/p>\n<p>&#8211; 1996. \u00ab\u00a0Village monographs. Using CERPAA&rsquo;s methodology in population, health, and family planning programmes\u00a0\u00bb Paper presented at the expert consultative meeting on <i>Rapid assessment procedures and their application to population programmes<\/i>, UNFPA, New York 6-8 December 1995, en collaboration avec Yves Charbit, Marie-Laure Lacides, Sarah Hillcoat-Nalletamby, 23 p.<\/p>\n<p>&#8211; 1994.\u00a0\u00bbEtude sur la possibilit\u00c3\u00a9 d&rsquo;une \u00c3\u00a9tude de la d\u00c3\u00a9mographie des Fran\u00c3\u00a7ais \u00c3\u00a0 l&rsquo;\u00c3\u00a9tranger \u00c3\u00a0 partir du Service Central de l&rsquo;\u00c3\u00a9tat civil de Nantes\u00a0\u00bb, Rapport \u00c3\u00a0 la Direction de la Population et des Migrations, Paris, 44 pages.<\/p>\n<p>&#8211; 1990. \u00ab\u00a0D\u00c3\u00a9mographie, IEC et planification familiale en milieu rural s\u00c3\u00a9n\u00c3\u00a9galais monographies de village\u00a0\u00bb, <i>Etudes et Recherches du CERPAA<\/i>, Document n\u00c2\u00b01.<\/p>\n<p>&#8211; 1990. \u00ab\u00a0Le contexte culturel et \u00c3\u00a9conomique de la planification familiale dans un village s\u00c3\u00a9n\u00c3\u00a9galais: Tassette wolof\u00a0\u00bb, <i>Etudes et Recherches du CERPAA<\/i>, document n\u00c2\u00b04, Paris.1990. <\/p>\n<p>&#8211; 1990 \u00ab\u00a0Nuptialit\u00c3\u00a9 et f\u00c3\u00a9condit\u00c3\u00a9 en Afrique de l&rsquo;Ouest\u00a0\u00bb, <i>Etudes et Recherches du CERPAA<\/i>, document n\u00c2\u00b05.<\/p>\n","protected":false},"excerpt":{"rendered":"<p><b>Ma\u00c3\u00aetre de conf\u00c3\u00a9rences<\/b>. Rattach\u00c3\u00a9e au <a href=\"http:\/\/www.shs.univ-paris5.fr\/popinter\/accueil\/accueil.php\">laboratoire Populations &#038; Interdisciplinarit\u00c3\u00a9<\/a> (universit\u00c3\u00a9 Paris 5 &#8211; Ren\u00c3\u00a9 Descartes), travaille sur deux th\u00c3\u00a9matiques d\u00c3\u00a9mographiques dans les pays en d\u00c3\u00a9veloppement : les cons\u00c3\u00a9quences des migrations internationales sur les soci\u00c3\u00a9t\u00c3\u00a9s d&rsquo;origine, et la sant\u00c3\u00a9 de la reproduction (transition de la f\u00c3\u00a9condit\u00c3\u00a9).<\/p>\n","protected":false},"author":1,"featured_media":0,"parent":102,"menu_order":0,"comment_status":"closed","ping_status":"closed","template":"","meta":{"footnotes":""},"class_list":["post-20","page","type-page","status-publish","hentry","description-off"],"_links":{"self":[{"href":"https:\/\/sociologie.univ-paris8.fr\/index.php?rest_route=\/wp\/v2\/pages\/20","targetHints":{"allow":["GET"]}}],"collection":[{"href":"https:\/\/sociologie.univ-paris8.fr\/index.php?rest_route=\/wp\/v2\/pages"}],"about":[{"href":"https:\/\/sociologie.univ-paris8.fr\/index.php?rest_route=\/wp\/v2\/types\/page"}],"author":[{"embeddable":true,"href":"https:\/\/sociologie.univ-paris8.fr\/index.php?rest_route=\/wp\/v2\/users\/1"}],"replies":[{"embeddable":true,"href":"https:\/\/sociologie.univ-paris8.fr\/index.php?rest_route=%2Fwp%2Fv2%2Fcomments&post=20"}],"version-history":[{"count":0,"href":"https:\/\/sociologie.univ-paris8.fr\/index.php?rest_route=\/wp\/v2\/pages\/20\/revisions"}],"up":[{"embeddable":true,"href":"https:\/\/sociologie.univ-paris8.fr\/index.php?rest_route=\/wp\/v2\/pages\/102"}],"wp:attachment":[{"href":"https:\/\/sociologie.univ-paris8.fr\/index.php?rest_route=%2Fwp%2Fv2%2Fmedia&parent=20"}],"curies":[{"name":"wp","href":"https:\/\/api.w.org\/{rel}","templated":true}]}}