{"id":18,"date":"2005-05-27T09:58:35","date_gmt":"2005-05-27T07:58:35","guid":{"rendered":"?page_id=18"},"modified":"2020-07-07T09:15:26","modified_gmt":"2020-07-07T07:15:26","slug":"coulmont","status":"publish","type":"page","link":"https:\/\/sociologie.univ-paris8.fr\/?page_id=18","title":{"rendered":"Coulmont Baptiste"},"content":{"rendered":"<h3>Professeur<img loading=\"lazy\" decoding=\"async\" src=\"wp-content\/uploads\/2005\/05\/baptiste-coulmont.jpg\" alt=\"baptiste-coulmont\" width=\"100\" height=\"116\" class=\"alignright size-full wp-image-5863\" \/><\/h3>\n<p>Th\u00e8mes de recherche&nbsp;: Stratification culturelle.<br \/>\nAffiliation institutionnelle : CRESPPA, UMR CNRS-Paris 8, \u00e9quipe CSU<\/p>\n<p>Pour en savoir plus, consulter <a href=\"http:\/\/coulmont.com\/\">http:\/\/coulmont.com<\/a><\/p>\n<h3>Publications r\u00e9centes<a href=\"http:\/\/coulmont.com\/livres\/courants\/\"><img loading=\"lazy\" decoding=\"async\" src=\"wp-content\/uploads\/2008\/09\/courant-beraud-coulmont.jpg\" alt=\"\" title=\"courant-beraud-coulmont\" width=\"150\" height=\"231\" class=\"alignright size-full wp-image-601\" srcset=\"https:\/\/sociologie.univ-paris8.fr\/wp-content\/uploads\/2008\/09\/courant-beraud-coulmont.jpg 150w, https:\/\/sociologie.univ-paris8.fr\/wp-content\/uploads\/2008\/09\/courant-beraud-coulmont-97x150.jpg 97w\" sizes=\"auto, (max-width: 150px) 100vw, 150px\" \/><\/a><\/h3>\n<p><strong>Livres<\/strong><br \/>\n&#8211;  avec C\u00e9line B\u00e9raud. <em><a href=\"http:\/\/coulmont.com\/livres\/courants\/\">Les courants contemporains de la sociologie<\/a><\/em>, Paris, PUF, 2008<br \/>\n&#8211; <em><a href=\"http:\/\/coulmont.com\/livres\/sex-shops\/\">Sex-shops, une histoire fran\u00e7aise<\/a><\/em> (avec Irene Roca Ortiz), Paris, Editions Dilecta, 2007.<br \/>\n&nbsp;<\/p>\n<p><strong>Articles, chapitres dans des ouvrages collectifs, etc&#8230;<\/strong><\/p>\n<p>&#8211; \u201c<a href=\"http:\/\/dx.doi.org\/10.1179\/0027773814Z.00000000080\">Changing One\u2019s First Name in France: A Fountain of Youth ?<\/a>\u201d, <em>Names<\/em>, 2014, 62(3), 137-146<br \/>\n&#8211; Antoine Mazieres, Mathieu Trachman, Jean-Philippe Cointet, Baptiste Coulmont and Christophe Prieur, \u201c<a href=\"https:\/\/hal.archives-ouvertes.fr\/hal-00937745v2\/document\">Deep Tags: Toward a Quantitative Analysis of Online Pornography<\/a>\u201c,<em> Porn Studies<\/em>, 2014, 1(1-2), 80-95.<br \/>\n&#8211; \u00ab <a href=\"http:\/\/coulmont.com\/articles\/charisme\/\">Tenir le haut de l\u2019affiche : analyse structurale des pr\u00e9tentions au charisme<\/a> \u00bb, <em>Revue fran\u00e7aise de sociologie<\/em>, 2013, 54(3), p.507-536<br \/>\n&#8211; avec Phil Hubbard, \u00ab <a href=\"http:\/\/coulmont.com\/articles\/consuming-sex\/\">Consuming Sex: Socio-legal Shifts in the Space and Place of Sex Shops<\/a> \u00bb, <i>Journal of Law and Society<\/i>, 2010, 37(1), 189-209<br \/>\n&#8211; 2009 : \u00ab <a href=\"http:\/\/gss.revues.org\/index1189.html\">L\u2019Affaire Olesniak<\/a> \u00bb, <em>Genre, sexualit\u00e9, soci\u00e9t\u00e9<\/em>, n\u00b02, en ligne : <a href=\"http:\/\/gss.revues.org\/index1189.html\">http:\/\/gss.revues.org\/index1189.html<\/a><br \/>\n&#8211; \u00ab \u00c9tats-Unis. Le mariage religieux des couples de m\u00eame sexe \u00bb, <em>in<\/em> Virginie Descoutures, Marie Digoix, Eric Fassin et Wilfried Rault (dirs.), <em>Mariages et homosexualit\u00e9s dans le monde \u2013 L\u2019arrangement des normes familiales<\/em>, Paris, Editions Autrement, 2008, p.71-81<br \/>\n&#8211; \u00ab Mariage homosexuel, religion et \u00c9tat aux \u00c9tats-Unis \u00bb, in Florence Rochefort (dir.),<em> Le Pouvoir du genre. La\u00efcit\u00e9s et religions 1905-2005<\/em>, Toulouse, Presses Universitaires du Mirail, 2008, p.217-228<br \/>\n&#8211; \u00ab Bons \u00e0 marier ? Rite d\u2019institution et institution d\u2019un rite \u00bb, in Bruno Perreau (dir.), <em>Le choix de l\u2019homosexualit\u00e9<\/em>, Paris, E.P.E.L., 2007, p.173-195<br \/>\n&#8211; \u00ab Entre le d\u00e9bat et le banal, le mariage religieux des couples du m\u00eame sexe aux \u00c9tats-Unis \u00bb, in Martine Gross et al. (dir.), <em>Homoparentalit\u00e9s : approches scientifiques et politiques<\/em>, Paris, Presses Universitaires de France, p.87-94<br \/>\n<a href=\"http:\/\/coulmont.com\/livres\/sex-shops\/\"><img decoding=\"async\" src=\"fichiers\/couvertures\/sexshop-coulmont-rocaortiz.png\" alt=\"Sex shops une histoire francaise Dilecta Coulmont Roca Ortiz\" class=\"alignright\"\/><\/a>&#8211; \u00ab Jeux d\u2019interdits ? religion et homosexualit\u00e9. Note critique \u00bb, <em>Archives de sciences sociales des religions<\/em>, 2006, n\u00b0136, p.103-114<br \/>\n&#8211; \u00ab Entre droit, normes et politiques : un proc\u00e8s eccl\u00e9siastique contemporain \u00bb, <em>Droit et Soci\u00e9t\u00e9<\/em>, 2005, n\u00b059, pp.139-163<br \/>\n&#8211; \u00ab <a href=\"http:\/\/dx.doi.org\/10.1177\/0037768605052604\">Do The Rite Thing : Religious Civil Unions in Vermont<\/a> \u00bb, <em>Social Compass<\/em>, 2005, 52(2), pp.225-239<br \/>\n&#8211;  \u00ab <a href=\"http:\/\/dx.doi.org\/10.1300\/J155v09n01_17\">The Geography of Civil Unions in Vermont<\/a> \u00bb, <em>Journal of Lesbian Studies<\/em>, 2005, vol.9, n.1\/2, pp.185-195<br \/>\n&#8211; \u00ab <a href=\"http:\/\/coulmont.com\/articles\/2004e.pdf\">Les fian\u00e7ailles catholiques, \u00e9tude d\u2019un \u201crite mou??<\/a> (PDF) \u00bb, in Erwan Dianteill, Dani\u00e8le Hervieu-L\u00e9ger et Isabelle Saint-Martin (dir.) <em>La Modernit\u00e9 rituelle, Rites politiques et religieux des soci\u00e9t\u00e9s modernes<\/em>, Paris : L\u2019Harmattan, 2004, pp.165-177<br \/>\n&#8211; \u00ab Devant Dieu et face au droit ? Le mariage religieux des homosexuels aux \u00c9tats-Unis \u00bb, <em>Critique internationale<\/em>, 2004-3 (n\u00b025), pp.43-52<br \/>\n&#8211;  \u00ab <a href=\"http:\/\/www.persee.fr\/web\/revues\/home\/prescript\/article\/mat_0769-3206_2004_num_75_1_989\">Les \u00c9glises am\u00e9ricaines et les nouvelles formes de mariages<\/a> \u00bb, <em>Mat\u00e9riaux pour l&rsquo;histoire de notre temps<\/em>, 2004, n\u00b075, pp.5-16<br \/>\n&#8211;  \u00ab <a href=\"http:\/\/coulmont.com\/articles\/2003b.pdf\">G\u00e9ographie de l&rsquo;union civile au Vermont<\/a> (PDF) \u00bb, <em>Mappemonde<\/em>, 2003-3 (n\u00b071), pp.13-18 ;<br \/>\n&#8211; \u00ab <a href=\"http:\/\/www.cairn.info\/load_pdf.php?ID_REVUE=RFEA&#038;ID_NUMPUBLIE=RFEA_095&#038;ID_ARTICLE=RFEA_095_0073\">Eglises chr\u00e9tiennes et homosexualit\u00e9s aux Etats-Unis, \u00e9l\u00e9ments de compr\u00e9hension<\/a> (PDF) \u00bb, <em>Revue Fran\u00e7aise d&rsquo;Etudes Am\u00e9ricaines<\/em>, 2003-1 (n\u00b095), pp.73-86.<br \/>\n&#8211; \u00ab<a href=\"http:\/\/coulmont.com\/articles\/2002a.pdf\"> \u00ab\u00a0Politiques de l&rsquo;alliance\u00a0\u00bb : les cr\u00e9ations d&rsquo;un rite des fian\u00e7ailles catholiques<\/a> \u00bb [PDF], <em>Archives de sciences sociales des religions<\/em> 2002-3 (n\u00b0119), pp.5-27<br \/>\n&#8211; \u00ab <a href=\"http:\/\/www.revuelabyrinthe.org\/document852.html\">Les Plis de la morale, sociologie des fian\u00e7ailles catholiques<\/a> \u00bb, <em>Labyrinthe<\/em>, [ISSN 1288-6289], hiver 2001, n\u00b08, \u00c9ditions Maisonneuve &#038; Larose, Paris, pp.47-64 <\/p>\n<p>&#8230; et par ailleurs webmaster de ce site&#8230;<\/p>\n","protected":false},"excerpt":{"rendered":"<p>Professeur Th\u00e8mes de recherche&nbsp;: Stratification culturelle. Affiliation institutionnelle : CRESPPA, UMR CNRS-Paris 8, \u00e9quipe CSU Pour en savoir plus, consulter http:\/\/coulmont.com Publications r\u00e9centes Livres &#8211; avec C\u00e9line B\u00e9raud. Les courants contemporains de la sociologie, Paris, PUF, 2008 &#8211; Sex-shops, une histoire fran\u00e7aise (avec Irene Roca Ortiz), Paris, Editions Dilecta, 2007. &nbsp; Articles, chapitres dans des&hellip;<\/p>\n","protected":false},"author":1,"featured_media":0,"parent":102,"menu_order":0,"comment_status":"closed","ping_status":"closed","template":"","meta":{"footnotes":""},"class_list":["post-18","page","type-page","status-publish","hentry","description-off"],"_links":{"self":[{"href":"https:\/\/sociologie.univ-paris8.fr\/index.php?rest_route=\/wp\/v2\/pages\/18","targetHints":{"allow":["GET"]}}],"collection":[{"href":"https:\/\/sociologie.univ-paris8.fr\/index.php?rest_route=\/wp\/v2\/pages"}],"about":[{"href":"https:\/\/sociologie.univ-paris8.fr\/index.php?rest_route=\/wp\/v2\/types\/page"}],"author":[{"embeddable":true,"href":"https:\/\/sociologie.univ-paris8.fr\/index.php?rest_route=\/wp\/v2\/users\/1"}],"replies":[{"embeddable":true,"href":"https:\/\/sociologie.univ-paris8.fr\/index.php?rest_route=%2Fwp%2Fv2%2Fcomments&post=18"}],"version-history":[{"count":15,"href":"https:\/\/sociologie.univ-paris8.fr\/index.php?rest_route=\/wp\/v2\/pages\/18\/revisions"}],"predecessor-version":[{"id":8660,"href":"https:\/\/sociologie.univ-paris8.fr\/index.php?rest_route=\/wp\/v2\/pages\/18\/revisions\/8660"}],"up":[{"embeddable":true,"href":"https:\/\/sociologie.univ-paris8.fr\/index.php?rest_route=\/wp\/v2\/pages\/102"}],"wp:attachment":[{"href":"https:\/\/sociologie.univ-paris8.fr\/index.php?rest_route=%2Fwp%2Fv2%2Fmedia&parent=18"}],"curies":[{"name":"wp","href":"https:\/\/api.w.org\/{rel}","templated":true}]}}