{"id":177,"date":"2006-09-29T08:31:58","date_gmt":"2006-09-29T06:31:58","guid":{"rendered":"?page_id=177"},"modified":"2008-07-07T15:53:22","modified_gmt":"2008-07-07T13:53:22","slug":"feldman-nehara","status":"publish","type":"page","link":"https:\/\/sociologie.univ-paris8.fr\/?page_id=177","title":{"rendered":"Feldman N\u00c3\u00a9hara"},"content":{"rendered":"<h3><img decoding=\"async\" src=\"photo\/feldman-nehara.jpg\" class=\"alignright\" alt=\"Nehara Feldman\" title=\"Nehara Feldman\"\/>ATER jusqu&rsquo;en 2008<\/h3>\n<p>Th\u00c3\u00a8mes de recherche : rapports sociaux de sexe, migrations (Afrique de l\u00e2??Ouest \u00e2?? France). Laboratoire : Centre de sociologie europ\u00c3\u00a9enne (CSE)<\/p>\n<h3>Parmi ses publications :<\/h3>\n<p>\u00c2\u00ab L\u00e2??ethnicisation des rapports de genre : les fonctions ambivalentes des femmes dans une association d\u00e2??immigr\u00c3\u00a9s maliens \u00c2\u00bb, <em>Migrations soci\u00c3\u00a9t\u00c3\u00a9<\/em>, vol. 17, n\u00c2\u00b099-100, pp. 107-118<\/p>\n<p>Communications r\u00c3\u00a9centes :<br \/>\nAvril 2007 (pr\u00c3\u00a9vu) Communication au colloque <em>Le travail comme outil de lib\u00c3\u00a9ration des femmes<\/em> : \u00c2\u00ab Les concepts f\u00c3\u00a9ministes \u00c3\u00a0 l\u00e2??\u00c3\u00a9preuve de l\u00e2??anthropologie et de la migration \u00c2\u00bb.<br \/>\nSeptembre 2006 Communication au Congr\u00c3\u00a8s de l\u00e2??AFS : \u00c2\u00ab Le sexe au croisement d\u00e2??autres rapports de pouvoir : rapports de pouvoir et relations sociales entre l\u00e2??anthropologue et les membres de la soci\u00c3\u00a9t\u00c3\u00a9 \u00c3\u00a9tudi\u00c3\u00a9e \u00c2\u00bb.<br \/>\nMai 2006  Communication au colloque <em>African Diasporas: Flows across Time and Place<\/em>, Hebrew University and Tel Aviv University, Israel: \u00e2??The gendered division of space in a migratory context\u00e2??.<\/p>\n","protected":false},"excerpt":{"rendered":"<p>ATER jusqu&rsquo;en 2008 Th\u00c3\u00a8mes de recherche : rapports sociaux de sexe, migrations (Afrique de l\u00e2??Ouest \u00e2?? France). Laboratoire : Centre de sociologie europ\u00c3\u00a9enne (CSE) Parmi ses publications : \u00c2\u00ab L\u00e2??ethnicisation des rapports de genre : les fonctions ambivalentes des femmes dans une association d\u00e2??immigr\u00c3\u00a9s maliens \u00c2\u00bb, Migrations soci\u00c3\u00a9t\u00c3\u00a9, vol. 17, n\u00c2\u00b099-100, pp. 107-118 Communications r\u00c3\u00a9centes&hellip;<\/p>\n","protected":false},"author":1,"featured_media":0,"parent":102,"menu_order":0,"comment_status":"closed","ping_status":"closed","template":"","meta":{"footnotes":""},"class_list":["post-177","page","type-page","status-publish","hentry","description-off"],"_links":{"self":[{"href":"https:\/\/sociologie.univ-paris8.fr\/index.php?rest_route=\/wp\/v2\/pages\/177","targetHints":{"allow":["GET"]}}],"collection":[{"href":"https:\/\/sociologie.univ-paris8.fr\/index.php?rest_route=\/wp\/v2\/pages"}],"about":[{"href":"https:\/\/sociologie.univ-paris8.fr\/index.php?rest_route=\/wp\/v2\/types\/page"}],"author":[{"embeddable":true,"href":"https:\/\/sociologie.univ-paris8.fr\/index.php?rest_route=\/wp\/v2\/users\/1"}],"replies":[{"embeddable":true,"href":"https:\/\/sociologie.univ-paris8.fr\/index.php?rest_route=%2Fwp%2Fv2%2Fcomments&post=177"}],"version-history":[{"count":0,"href":"https:\/\/sociologie.univ-paris8.fr\/index.php?rest_route=\/wp\/v2\/pages\/177\/revisions"}],"up":[{"embeddable":true,"href":"https:\/\/sociologie.univ-paris8.fr\/index.php?rest_route=\/wp\/v2\/pages\/102"}],"wp:attachment":[{"href":"https:\/\/sociologie.univ-paris8.fr\/index.php?rest_route=%2Fwp%2Fv2%2Fmedia&parent=177"}],"curies":[{"name":"wp","href":"https:\/\/api.w.org\/{rel}","templated":true}]}}