{"id":175,"date":"2006-09-27T14:28:29","date_gmt":"2006-09-27T12:28:29","guid":{"rendered":"?page_id=175"},"modified":"2008-02-06T15:23:21","modified_gmt":"2008-02-06T13:23:21","slug":"ben-hounet-yazid","status":"publish","type":"page","link":"https:\/\/sociologie.univ-paris8.fr\/?page_id=175","title":{"rendered":"Ben Hounet Yazid"},"content":{"rendered":"<h3>ATER<\/h3>\n<p>Th\u00e8mes de recherche : anthropologie politique, Maghreb et monde arabo-musulman, tribu, nomadisme, saintet\u00e9.<br \/>\nSujet de th\u00e8se : \u00ab Place et r\u00f4le de la tribu dans l&rsquo;Alg\u00e9rie contemporaine \u00bb<\/p>\n<p><strong>Publications<\/strong><br \/>\n\u00ab\u00a0Analyse anthropologique d\u2019un saint maghr\u00e9bin : S\u00eed Ahm\u00e2d M\u00e2jd\u00fbb ou &lsquo;l\u2019individu hors du monde&rsquo; \u00ab\u00a0, in <em>Insaniyat<\/em>, n\u00b0 21, octobre 2003, revue du Centre de Recherche en Anthropologie Sociale et Culturelle (CRASC) d&rsquo;Oran.<\/p>\n<p>\u00ab\u00a0Quelques r\u00e9flexions sur les \u00e9v\u00e9nements r\u00e9cents de Kabylie : \u00e0 propos de la question tribale en Alg\u00e9rie\u00a0\u00bb, in <em>Awal, cahiers d&rsquo;\u00e9tudes berb\u00e8res<\/em>, Maison des Sciences de l&rsquo;Homme, Paris, 2004.<\/p>\n<p>\u00ab La restauration des ksour. Institutions du patrimoine et enjeux de m\u00e9moire \u00bb (avec S. Guinand), \u00e0 para\u00eetre dans la revue <em>Espaces et Soci\u00e9t\u00e9s<\/em>.<\/p>\n<p>\u00ab\u00a0Persistance de l&rsquo;\u00e9change matrimonial traditionnel chez une tribu mrabtin des Hautes Plaines de l&rsquo;Ouest alg\u00e9rien\u00a0\u00bb, <em>Actes du colloque sur la famille organis\u00e9 par le d\u00e9partement de sociologie de Bouzar\u00e9a<\/em>, Alger. editions OPU, 2006.<\/p>\n<p><strong>Comptes-rendus<\/strong><br \/>\n<a href=\"http:\/\/etudesrurales.revues.org\/document3079.html\">Hosham Dawod (sous la direction de), Tribus et pouvoirs en terre d\u2019Islam<\/a>, Editions Armand Colin, Paris, 2004, 304 pages. Revue Etudes Rurales, 2004, n\u00b0 171-172.<br \/>\n<a href=\"http:\/\/etudesrurales.revues.org\/document3077.html\">Jack Goody, L\u2019islam en Europe : histoire, \u00e9changes, conflits<\/a>. Editions La Decouverte, Paris, 2004, 177 pages (traduit de l\u2019anglais par Isabelle Taudi\u00e8re), Revue Etudes Rurales, 2004, n\u00b0 171-172.<\/p>\n","protected":false},"excerpt":{"rendered":"<p><b>ATER<\/b>. Th\u00e8mes de recherche : anthropologie politique, Maghreb et monde arabo-musulman, tribu, nomadisme, saintet\u00e9. Sujet de th\u00e8se : \u00ab Place et r\u00f4le de la tribu dans l&rsquo;Alg\u00e9rie contemporaine \u00bb<\/p>\n","protected":false},"author":1,"featured_media":0,"parent":102,"menu_order":0,"comment_status":"closed","ping_status":"closed","template":"","meta":{"footnotes":""},"class_list":["post-175","page","type-page","status-publish","hentry","description-off"],"_links":{"self":[{"href":"https:\/\/sociologie.univ-paris8.fr\/index.php?rest_route=\/wp\/v2\/pages\/175","targetHints":{"allow":["GET"]}}],"collection":[{"href":"https:\/\/sociologie.univ-paris8.fr\/index.php?rest_route=\/wp\/v2\/pages"}],"about":[{"href":"https:\/\/sociologie.univ-paris8.fr\/index.php?rest_route=\/wp\/v2\/types\/page"}],"author":[{"embeddable":true,"href":"https:\/\/sociologie.univ-paris8.fr\/index.php?rest_route=\/wp\/v2\/users\/1"}],"replies":[{"embeddable":true,"href":"https:\/\/sociologie.univ-paris8.fr\/index.php?rest_route=%2Fwp%2Fv2%2Fcomments&post=175"}],"version-history":[{"count":0,"href":"https:\/\/sociologie.univ-paris8.fr\/index.php?rest_route=\/wp\/v2\/pages\/175\/revisions"}],"up":[{"embeddable":true,"href":"https:\/\/sociologie.univ-paris8.fr\/index.php?rest_route=\/wp\/v2\/pages\/102"}],"wp:attachment":[{"href":"https:\/\/sociologie.univ-paris8.fr\/index.php?rest_route=%2Fwp%2Fv2%2Fmedia&parent=175"}],"curies":[{"name":"wp","href":"https:\/\/api.w.org\/{rel}","templated":true}]}}